{"id":3238,"date":"2023-10-03T12:51:22","date_gmt":"2023-10-03T12:51:22","guid":{"rendered":"https:\/\/xamariz.ao\/edg\/?page_id=3238"},"modified":"2023-11-27T17:32:53","modified_gmt":"2023-11-27T17:32:53","slug":"seguranca","status":"publish","type":"page","link":"https:\/\/edg.ao\/pt\/seguranca\/","title":{"rendered":"Seguran\u00e7a"},"content":{"rendered":"\t\t<div data-elementor-type=\"wp-page\" data-elementor-id=\"3238\" class=\"elementor elementor-3238\">\n\t\t\t\t<div class=\"elementor-element elementor-element-8eb3520 e-flex e-con-boxed e-con e-parent\" data-id=\"8eb3520\" data-element_type=\"container\" data-core-v316-plus=\"true\">\n\t\t\t\t\t<div class=\"e-con-inner\">\n\t\t\t\t<div class=\"elementor-element elementor-element-4ea1769 elementor-widget elementor-widget-text-editor\" data-id=\"4ea1769\" data-element_type=\"widget\" data-widget_type=\"text-editor.default\">\n\t\t\t\t<div class=\"elementor-widget-container\">\n\t\t\t<style>\/*! elementor - v3.20.0 - 20-03-2024 *\/\n.elementor-widget-text-editor.elementor-drop-cap-view-stacked .elementor-drop-cap{background-color:#69727d;color:#fff}.elementor-widget-text-editor.elementor-drop-cap-view-framed .elementor-drop-cap{color:#69727d;border:3px solid;background-color:transparent}.elementor-widget-text-editor:not(.elementor-drop-cap-view-default) .elementor-drop-cap{margin-top:8px}.elementor-widget-text-editor:not(.elementor-drop-cap-view-default) .elementor-drop-cap-letter{width:1em;height:1em}.elementor-widget-text-editor .elementor-drop-cap{float:left;text-align:center;line-height:1;font-size:50px}.elementor-widget-text-editor .elementor-drop-cap-letter{display:inline-block}<\/style>\t\t\t\t<p><span>Na EDG, a seguran\u00e7a n\u00e3o \u00e9 apenas um requisito;\u00a0<\/span><span>\u00e9 um valor fundamental enraizado no DNA da nossa empresa.\u00a0<\/span><span>Priorizamos o bem-estar dos nossos funcion\u00e1rios, parceiros e das comunidades que servimos acima de tudo.\u00a0<\/span><span>Este compromisso com a seguran\u00e7a reflete-se no nosso robusto Sistema de Gest\u00e3o de Sa\u00fade, Seguran\u00e7a e Meio Ambiente (HSEMS), que constitui a espinha dorsal das nossas opera\u00e7\u00f5es.<\/span><\/p>\t\t\t\t\t\t<\/div>\n\t\t\t\t<\/div>\n\t\t\t\t\t<\/div>\n\t\t\t\t<\/div>\n\t\t\t\t<section class=\"elementor-section elementor-top-section elementor-element elementor-element-50913d0 elementor-section-boxed elementor-section-height-default elementor-section-height-default\" data-id=\"50913d0\" data-element_type=\"section\">\n\t\t\t\t\t\t<div class=\"elementor-container elementor-column-gap-default\">\n\t\t\t\t\t<div class=\"elementor-column elementor-col-100 elementor-top-column elementor-element elementor-element-6431d9b ot-flex-column-vertical\" data-id=\"6431d9b\" data-element_type=\"column\">\n\t\t\t<div class=\"elementor-widget-wrap elementor-element-populated\">\n\t\t\t\t\t\t<section class=\"elementor-section elementor-inner-section elementor-element elementor-element-52138e2 elementor-section-full_width elementor-section-height-default elementor-section-height-default\" data-id=\"52138e2\" data-element_type=\"section\" data-settings=\"{&quot;background_background&quot;:&quot;classic&quot;}\">\n\t\t\t\t\t\t<div class=\"elementor-container elementor-column-gap-default\">\n\t\t\t\t\t<div class=\"elementor-column elementor-col-50 elementor-inner-column elementor-element elementor-element-1edd3fa ot-flex-column-vertical\" data-id=\"1edd3fa\" data-element_type=\"column\" data-settings=\"{&quot;background_background&quot;:&quot;slideshow&quot;,&quot;background_slideshow_gallery&quot;:[],&quot;background_slideshow_loop&quot;:&quot;yes&quot;,&quot;background_slideshow_slide_duration&quot;:5000,&quot;background_slideshow_slide_transition&quot;:&quot;fade&quot;,&quot;background_slideshow_transition_duration&quot;:500}\">\n\t\t\t<div class=\"elementor-widget-wrap elementor-element-populated\">\n\t\t\t\t\t\t<div class=\"elementor-element elementor-element-3cae596 elementor-widget elementor-widget-image\" data-id=\"3cae596\" data-element_type=\"widget\" data-widget_type=\"image.default\">\n\t\t\t\t<div class=\"elementor-widget-container\">\n\t\t\t<style>\/*! elementor - v3.20.0 - 20-03-2024 *\/\n.elementor-widget-image{text-align:center}.elementor-widget-image a{display:inline-block}.elementor-widget-image a img[src$=\".svg\"]{width:48px}.elementor-widget-image img{vertical-align:middle;display:inline-block}<\/style>\t\t\t\t\t\t\t\t\t\t<img fetchpriority=\"high\" decoding=\"async\" width=\"1000\" height=\"668\" src=\"https:\/\/edg.ao\/pt\/wp-content\/uploads\/2023\/09\/Team-EDG.jpg\" class=\"attachment-full size-full wp-image-2184\" alt=\"Team EDG\" srcset=\"https:\/\/edg.ao\/pt\/wp-content\/uploads\/2023\/09\/Team-EDG.jpg 1000w, https:\/\/edg.ao\/pt\/wp-content\/uploads\/2023\/09\/Team-EDG-300x200.jpg 300w, https:\/\/edg.ao\/pt\/wp-content\/uploads\/2023\/09\/Team-EDG-768x513.jpg 768w, https:\/\/edg.ao\/pt\/wp-content\/uploads\/2023\/09\/Team-EDG-600x400.jpg 600w\" sizes=\"(max-width: 1000px) 100vw, 1000px\" \/>\t\t\t\t\t\t\t\t\t\t\t\t\t<\/div>\n\t\t\t\t<\/div>\n\t\t\t\t\t<\/div>\n\t\t<\/div>\n\t\t\t\t<div class=\"elementor-column elementor-col-50 elementor-inner-column elementor-element elementor-element-f5ebf14 ot-flex-column-vertical\" data-id=\"f5ebf14\" data-element_type=\"column\" data-settings=\"{&quot;background_background&quot;:&quot;classic&quot;}\">\n\t\t\t<div class=\"elementor-widget-wrap elementor-element-populated\">\n\t\t\t\t\t<div class=\"elementor-background-overlay\"><\/div>\n\t\t\t\t\t\t<div class=\"elementor-element elementor-element-f8bbded elementor-widget elementor-widget-text-editor\" data-id=\"f8bbded\" data-element_type=\"widget\" data-widget_type=\"text-editor.default\">\n\t\t\t\t<div class=\"elementor-widget-container\">\n\t\t\t\t\t\t\t<p><span>Nosso HSEMS n\u00e3o \u00e9 um mero documento;\u00a0\u00e9 um testemunho vivo da nossa dedica\u00e7\u00e3o em criar um local de trabalho mais seguro.\u00a0Ele estabelece elementos e procedimentos abrangentes do programa de SMS que se aplicam a cada membro da nossa fam\u00edlia EDG, independentemente de suas fun\u00e7\u00f5es ou locais de trabalho.\u00a0A seguran\u00e7a n\u00e3o conhece fronteiras na EDG e o nosso HSEMS garante que cada funcion\u00e1rio esteja equipado com o conhecimento e as ferramentas para manter os mais elevados padr\u00f5es de seguran\u00e7a.<\/span><\/p><p><span>Temos imenso orgulho em celebrar nossa cultura livre de incidentes e les\u00f5es.\u00a0\u00c9 uma prova do empenho e dilig\u00eancia inabal\u00e1veis \u200b\u200bdos nossos funcion\u00e1rios, que entendem que a seguran\u00e7a n\u00e3o \u00e9 apenas um slogan, mas um modo de vida.\u00a0Reconhecemos que alcan\u00e7ar e sustentar esta cultura n\u00e3o \u00e9 uma tarefa f\u00e1cil e estendemos os nossos sinceros agradecimentos \u00e0 nossa dedicada equipa por tornar isso poss\u00edvel.<\/span><\/p>\t\t\t\t\t\t<\/div>\n\t\t\t\t<\/div>\n\t\t\t\t\t<\/div>\n\t\t<\/div>\n\t\t\t\t\t<\/div>\n\t\t<\/section>\n\t\t\t\t<section class=\"elementor-section elementor-inner-section elementor-element elementor-element-c6d18e8 elementor-section-full_width elementor-section-height-default elementor-section-height-default\" data-id=\"c6d18e8\" data-element_type=\"section\" data-settings=\"{&quot;background_background&quot;:&quot;classic&quot;}\">\n\t\t\t\t\t\t<div class=\"elementor-container elementor-column-gap-default\">\n\t\t\t\t\t<div class=\"elementor-column elementor-col-50 elementor-inner-column elementor-element elementor-element-af564d7 ot-flex-column-vertical\" data-id=\"af564d7\" data-element_type=\"column\" data-settings=\"{&quot;background_background&quot;:&quot;classic&quot;}\">\n\t\t\t<div class=\"elementor-widget-wrap elementor-element-populated\">\n\t\t\t\t\t<div class=\"elementor-background-overlay\"><\/div>\n\t\t\t\t\t\t<div class=\"elementor-element elementor-element-b92c0fe elementor-widget elementor-widget-text-editor\" data-id=\"b92c0fe\" data-element_type=\"widget\" data-widget_type=\"text-editor.default\">\n\t\t\t\t<div class=\"elementor-widget-container\">\n\t\t\t\t\t\t\t<p><span>A seguran\u00e7a \u00e9 mais do que apenas uma prioridade na EDG;\u00a0\u00c9 uma promessa.\u00a0Uma promessa que levamos a s\u00e9rio e cumprimos com dedica\u00e7\u00e3o inabal\u00e1vel.\u00a0\u00c9 a promessa de que, n\u00e3o importa a escala ou complexidade de um projeto, sempre priorizaremos a seguran\u00e7a e o bem-estar de todos os envolvidos.<\/span><\/p><p><span>Em todas as tarefas que realizamos, em todos os projectos que conclu\u00edmos e em todas as parcerias que estabelecemos, a seguran\u00e7a \u00e9 a pedra angular sobre a qual constru\u00edmos o sucesso. \u00c9 um compromisso que assumimos n\u00e3o s\u00f3 com os nossos colaboradores, mas com todos os que nos confiam os seus projectos. Na EDG n\u00e3o falamos apenas de seguran\u00e7a;\u00a0vivemos isso todos os dias, garantindo que todos voltem para casa com seguran\u00e7a, sempre.<\/span><\/p>\t\t\t\t\t\t<\/div>\n\t\t\t\t<\/div>\n\t\t\t\t\t<\/div>\n\t\t<\/div>\n\t\t\t\t<div class=\"elementor-column elementor-col-50 elementor-inner-column elementor-element elementor-element-f7bbb04 ot-flex-column-vertical\" data-id=\"f7bbb04\" data-element_type=\"column\" data-settings=\"{&quot;background_background&quot;:&quot;slideshow&quot;,&quot;background_slideshow_gallery&quot;:[],&quot;background_slideshow_loop&quot;:&quot;yes&quot;,&quot;background_slideshow_slide_duration&quot;:5000,&quot;background_slideshow_slide_transition&quot;:&quot;fade&quot;,&quot;background_slideshow_transition_duration&quot;:500}\">\n\t\t\t<div class=\"elementor-widget-wrap elementor-element-populated\">\n\t\t\t\t\t\t<div class=\"elementor-element elementor-element-e04be1a elementor-widget elementor-widget-image\" data-id=\"e04be1a\" data-element_type=\"widget\" data-widget_type=\"image.default\">\n\t\t\t\t<div class=\"elementor-widget-container\">\n\t\t\t\t\t\t\t\t\t\t\t\t\t<img decoding=\"async\" width=\"1982\" height=\"1319\" src=\"https:\/\/edg.ao\/pt\/wp-content\/uploads\/2023\/09\/oil-platform-angola.jpg\" class=\"attachment-full size-full wp-image-1675\" alt=\"Oil Platform Angola - EDG\" srcset=\"https:\/\/edg.ao\/pt\/wp-content\/uploads\/2023\/09\/oil-platform-angola.jpg 1982w, https:\/\/edg.ao\/pt\/wp-content\/uploads\/2023\/09\/oil-platform-angola-300x200.jpg 300w, https:\/\/edg.ao\/pt\/wp-content\/uploads\/2023\/09\/oil-platform-angola-1024x681.jpg 1024w, https:\/\/edg.ao\/pt\/wp-content\/uploads\/2023\/09\/oil-platform-angola-768x511.jpg 768w, https:\/\/edg.ao\/pt\/wp-content\/uploads\/2023\/09\/oil-platform-angola-1536x1022.jpg 1536w, https:\/\/edg.ao\/pt\/wp-content\/uploads\/2023\/09\/oil-platform-angola-600x400.jpg 600w\" sizes=\"(max-width: 1982px) 100vw, 1982px\" \/>\t\t\t\t\t\t\t\t\t\t\t\t\t<\/div>\n\t\t\t\t<\/div>\n\t\t\t\t\t<\/div>\n\t\t<\/div>\n\t\t\t\t\t<\/div>\n\t\t<\/section>\n\t\t\t\t\t<\/div>\n\t\t<\/div>\n\t\t\t\t\t<\/div>\n\t\t<\/section>\n\t\t<div class=\"elementor-element elementor-element-0314c3f e-flex e-con-boxed e-con e-parent\" data-id=\"0314c3f\" data-element_type=\"container\" data-core-v316-plus=\"true\">\n\t\t\t\t\t<div class=\"e-con-inner\">\n\t\t\t\t<div class=\"elementor-element elementor-element-637018d elementor-widget elementor-widget-image\" data-id=\"637018d\" data-element_type=\"widget\" data-widget_type=\"image.default\">\n\t\t\t\t<div class=\"elementor-widget-container\">\n\t\t\t\t\t\t\t\t\t\t\t\t\t<img decoding=\"async\" width=\"750\" height=\"500\" src=\"https:\/\/edg.ao\/pt\/wp-content\/uploads\/2023\/11\/Better-People-Create.jpeg\" class=\"attachment-full size-full wp-image-4479\" alt=\"Better People Create - EDG Angola\" srcset=\"https:\/\/edg.ao\/pt\/wp-content\/uploads\/2023\/11\/Better-People-Create.jpeg 750w, https:\/\/edg.ao\/pt\/wp-content\/uploads\/2023\/11\/Better-People-Create-300x200.jpeg 300w, https:\/\/edg.ao\/pt\/wp-content\/uploads\/2023\/11\/Better-People-Create-600x400.jpeg 600w\" sizes=\"(max-width: 750px) 100vw, 750px\" \/>\t\t\t\t\t\t\t\t\t\t\t\t\t<\/div>\n\t\t\t\t<\/div>\n\t\t\t\t\t<\/div>\n\t\t\t\t<\/div>\n\t\t\t\t<\/div>\n\t\t","protected":false},"excerpt":{"rendered":"<p>Na EDG, a seguran\u00e7a n\u00e3o \u00e9 apenas um requisito;\u00a0\u00e9 um valor fundamental enraizado no DNA da nossa empresa.\u00a0Priorizamos o bem-estar dos nossos funcion\u00e1rios, parceiros e das comunidades que servimos acima de tudo.\u00a0Este compromisso com a seguran\u00e7a reflete-se no nosso robusto Sistema de Gest\u00e3o de Sa\u00fade, Seguran\u00e7a e Meio Ambiente (HSEMS), que constitui a espinha dorsal [&hellip;]<\/p>\n","protected":false},"author":1,"featured_media":0,"parent":0,"menu_order":0,"comment_status":"closed","ping_status":"closed","template":"","meta":{"footnotes":""},"class_list":["post-3238","page","type-page","status-publish","hentry"],"yoast_head":"<!-- This site is optimized with the Yoast SEO plugin v22.8 - https:\/\/yoast.com\/wordpress\/plugins\/seo\/ -->\n<title>Seguran\u00e7a - EDG Angola<\/title>\n<meta name=\"robots\" content=\"index, follow, max-snippet:-1, max-image-preview:large, max-video-preview:-1\" \/>\n<link rel=\"canonical\" href=\"https:\/\/edg.ao\/pt\/seguranca\/\" \/>\n<meta property=\"og:locale\" content=\"en_US\" \/>\n<meta property=\"og:type\" content=\"article\" \/>\n<meta property=\"og:title\" content=\"Seguran\u00e7a - EDG Angola\" \/>\n<meta property=\"og:description\" content=\"Na EDG, a seguran\u00e7a n\u00e3o \u00e9 apenas um requisito;\u00a0\u00e9 um valor fundamental enraizado no DNA da nossa empresa.\u00a0Priorizamos o bem-estar dos nossos funcion\u00e1rios, parceiros e das comunidades que servimos acima de tudo.\u00a0Este compromisso com a seguran\u00e7a reflete-se no nosso robusto Sistema de Gest\u00e3o de Sa\u00fade, Seguran\u00e7a e Meio Ambiente (HSEMS), que constitui a espinha dorsal [&hellip;]\" \/>\n<meta property=\"og:url\" content=\"https:\/\/edg.ao\/pt\/seguranca\/\" \/>\n<meta property=\"og:site_name\" content=\"EDG Angola\" \/>\n<meta property=\"article:modified_time\" content=\"2023-11-27T17:32:53+00:00\" \/>\n<meta property=\"og:image\" content=\"https:\/\/edg.ao\/pt\/wp-content\/uploads\/2023\/09\/Team-EDG.jpg\" \/>\n<meta name=\"twitter:card\" content=\"summary_large_image\" \/>\n<meta name=\"twitter:label1\" content=\"Est. reading time\" \/>\n\t<meta name=\"twitter:data1\" content=\"3 minutes\" \/>\n<script type=\"application\/ld+json\" class=\"yoast-schema-graph\">{\"@context\":\"https:\/\/schema.org\",\"@graph\":[{\"@type\":\"WebPage\",\"@id\":\"https:\/\/edg.ao\/pt\/seguranca\/\",\"url\":\"https:\/\/edg.ao\/pt\/seguranca\/\",\"name\":\"Seguran\u00e7a - EDG Angola\",\"isPartOf\":{\"@id\":\"https:\/\/edg.ao\/pt\/#website\"},\"primaryImageOfPage\":{\"@id\":\"https:\/\/edg.ao\/pt\/seguranca\/#primaryimage\"},\"image\":{\"@id\":\"https:\/\/edg.ao\/pt\/seguranca\/#primaryimage\"},\"thumbnailUrl\":\"https:\/\/edg.ao\/pt\/wp-content\/uploads\/2023\/09\/Team-EDG.jpg\",\"datePublished\":\"2023-10-03T12:51:22+00:00\",\"dateModified\":\"2023-11-27T17:32:53+00:00\",\"breadcrumb\":{\"@id\":\"https:\/\/edg.ao\/pt\/seguranca\/#breadcrumb\"},\"inLanguage\":\"en-US\",\"potentialAction\":[{\"@type\":\"ReadAction\",\"target\":[\"https:\/\/edg.ao\/pt\/seguranca\/\"]}]},{\"@type\":\"ImageObject\",\"inLanguage\":\"en-US\",\"@id\":\"https:\/\/edg.ao\/pt\/seguranca\/#primaryimage\",\"url\":\"https:\/\/edg.ao\/pt\/wp-content\/uploads\/2023\/09\/Team-EDG.jpg\",\"contentUrl\":\"https:\/\/edg.ao\/pt\/wp-content\/uploads\/2023\/09\/Team-EDG.jpg\",\"width\":1000,\"height\":668,\"caption\":\"Team EDG\"},{\"@type\":\"BreadcrumbList\",\"@id\":\"https:\/\/edg.ao\/pt\/seguranca\/#breadcrumb\",\"itemListElement\":[{\"@type\":\"ListItem\",\"position\":1,\"name\":\"Home\",\"item\":\"https:\/\/edg.ao\/pt\/\"},{\"@type\":\"ListItem\",\"position\":2,\"name\":\"Seguran\u00e7a\"}]},{\"@type\":\"WebSite\",\"@id\":\"https:\/\/edg.ao\/pt\/#website\",\"url\":\"https:\/\/edg.ao\/pt\/\",\"name\":\"EDG - Projectos Angola, Lda\",\"description\":\"Projectos Angola, Lda.\",\"publisher\":{\"@id\":\"https:\/\/edg.ao\/pt\/#organization\"},\"potentialAction\":[{\"@type\":\"SearchAction\",\"target\":{\"@type\":\"EntryPoint\",\"urlTemplate\":\"https:\/\/edg.ao\/pt\/?s={search_term_string}\"},\"query-input\":\"required name=search_term_string\"}],\"inLanguage\":\"en-US\"},{\"@type\":\"Organization\",\"@id\":\"https:\/\/edg.ao\/pt\/#organization\",\"name\":\"EDG - Projectos Angola, Lda\",\"url\":\"https:\/\/edg.ao\/pt\/\",\"logo\":{\"@type\":\"ImageObject\",\"inLanguage\":\"en-US\",\"@id\":\"https:\/\/edg.ao\/pt\/#\/schema\/logo\/image\/\",\"url\":\"https:\/\/edg.ao\/pt\/wp-content\/uploads\/2020\/07\/edg-logo.png\",\"contentUrl\":\"https:\/\/edg.ao\/pt\/wp-content\/uploads\/2020\/07\/edg-logo.png\",\"width\":149,\"height\":50,\"caption\":\"EDG - Projectos Angola, Lda\"},\"image\":{\"@id\":\"https:\/\/edg.ao\/pt\/#\/schema\/logo\/image\/\"}}]}<\/script>\n<!-- \/ Yoast SEO plugin. -->","yoast_head_json":{"title":"Seguran\u00e7a - EDG Angola","robots":{"index":"index","follow":"follow","max-snippet":"max-snippet:-1","max-image-preview":"max-image-preview:large","max-video-preview":"max-video-preview:-1"},"canonical":"https:\/\/edg.ao\/pt\/seguranca\/","og_locale":"en_US","og_type":"article","og_title":"Seguran\u00e7a - EDG Angola","og_description":"Na EDG, a seguran\u00e7a n\u00e3o \u00e9 apenas um requisito;\u00a0\u00e9 um valor fundamental enraizado no DNA da nossa empresa.\u00a0Priorizamos o bem-estar dos nossos funcion\u00e1rios, parceiros e das comunidades que servimos acima de tudo.\u00a0Este compromisso com a seguran\u00e7a reflete-se no nosso robusto Sistema de Gest\u00e3o de Sa\u00fade, Seguran\u00e7a e Meio Ambiente (HSEMS), que constitui a espinha dorsal [&hellip;]","og_url":"https:\/\/edg.ao\/pt\/seguranca\/","og_site_name":"EDG Angola","article_modified_time":"2023-11-27T17:32:53+00:00","og_image":[{"url":"https:\/\/edg.ao\/pt\/wp-content\/uploads\/2023\/09\/Team-EDG.jpg"}],"twitter_card":"summary_large_image","twitter_misc":{"Est. reading time":"3 minutes"},"schema":{"@context":"https:\/\/schema.org","@graph":[{"@type":"WebPage","@id":"https:\/\/edg.ao\/pt\/seguranca\/","url":"https:\/\/edg.ao\/pt\/seguranca\/","name":"Seguran\u00e7a - EDG Angola","isPartOf":{"@id":"https:\/\/edg.ao\/pt\/#website"},"primaryImageOfPage":{"@id":"https:\/\/edg.ao\/pt\/seguranca\/#primaryimage"},"image":{"@id":"https:\/\/edg.ao\/pt\/seguranca\/#primaryimage"},"thumbnailUrl":"https:\/\/edg.ao\/pt\/wp-content\/uploads\/2023\/09\/Team-EDG.jpg","datePublished":"2023-10-03T12:51:22+00:00","dateModified":"2023-11-27T17:32:53+00:00","breadcrumb":{"@id":"https:\/\/edg.ao\/pt\/seguranca\/#breadcrumb"},"inLanguage":"en-US","potentialAction":[{"@type":"ReadAction","target":["https:\/\/edg.ao\/pt\/seguranca\/"]}]},{"@type":"ImageObject","inLanguage":"en-US","@id":"https:\/\/edg.ao\/pt\/seguranca\/#primaryimage","url":"https:\/\/edg.ao\/pt\/wp-content\/uploads\/2023\/09\/Team-EDG.jpg","contentUrl":"https:\/\/edg.ao\/pt\/wp-content\/uploads\/2023\/09\/Team-EDG.jpg","width":1000,"height":668,"caption":"Team EDG"},{"@type":"BreadcrumbList","@id":"https:\/\/edg.ao\/pt\/seguranca\/#breadcrumb","itemListElement":[{"@type":"ListItem","position":1,"name":"Home","item":"https:\/\/edg.ao\/pt\/"},{"@type":"ListItem","position":2,"name":"Seguran\u00e7a"}]},{"@type":"WebSite","@id":"https:\/\/edg.ao\/pt\/#website","url":"https:\/\/edg.ao\/pt\/","name":"EDG - Projectos Angola, Lda","description":"Projectos Angola, Lda.","publisher":{"@id":"https:\/\/edg.ao\/pt\/#organization"},"potentialAction":[{"@type":"SearchAction","target":{"@type":"EntryPoint","urlTemplate":"https:\/\/edg.ao\/pt\/?s={search_term_string}"},"query-input":"required name=search_term_string"}],"inLanguage":"en-US"},{"@type":"Organization","@id":"https:\/\/edg.ao\/pt\/#organization","name":"EDG - Projectos Angola, Lda","url":"https:\/\/edg.ao\/pt\/","logo":{"@type":"ImageObject","inLanguage":"en-US","@id":"https:\/\/edg.ao\/pt\/#\/schema\/logo\/image\/","url":"https:\/\/edg.ao\/pt\/wp-content\/uploads\/2020\/07\/edg-logo.png","contentUrl":"https:\/\/edg.ao\/pt\/wp-content\/uploads\/2020\/07\/edg-logo.png","width":149,"height":50,"caption":"EDG - Projectos Angola, Lda"},"image":{"@id":"https:\/\/edg.ao\/pt\/#\/schema\/logo\/image\/"}}]}},"_links":{"self":[{"href":"https:\/\/edg.ao\/pt\/wp-json\/wp\/v2\/pages\/3238","targetHints":{"allow":["GET"]}}],"collection":[{"href":"https:\/\/edg.ao\/pt\/wp-json\/wp\/v2\/pages"}],"about":[{"href":"https:\/\/edg.ao\/pt\/wp-json\/wp\/v2\/types\/page"}],"author":[{"embeddable":true,"href":"https:\/\/edg.ao\/pt\/wp-json\/wp\/v2\/users\/1"}],"replies":[{"embeddable":true,"href":"https:\/\/edg.ao\/pt\/wp-json\/wp\/v2\/comments?post=3238"}],"version-history":[{"count":92,"href":"https:\/\/edg.ao\/pt\/wp-json\/wp\/v2\/pages\/3238\/revisions"}],"predecessor-version":[{"id":5280,"href":"https:\/\/edg.ao\/pt\/wp-json\/wp\/v2\/pages\/3238\/revisions\/5280"}],"wp:attachment":[{"href":"https:\/\/edg.ao\/pt\/wp-json\/wp\/v2\/media?parent=3238"}],"curies":[{"name":"wp","href":"https:\/\/api.w.org\/{rel}","templated":true}]}}