{"id":3345,"date":"2023-10-04T11:37:56","date_gmt":"2023-10-04T11:37:56","guid":{"rendered":"https:\/\/xamariz.ao\/edg\/?page_id=3345"},"modified":"2023-11-27T16:55:55","modified_gmt":"2023-11-27T16:55:55","slug":"carreiras","status":"publish","type":"page","link":"https:\/\/edg.ao\/pt\/carreiras\/","title":{"rendered":"Carreiras"},"content":{"rendered":"\t\t<div data-elementor-type=\"wp-page\" data-elementor-id=\"3345\" class=\"elementor elementor-3345\">\n\t\t\t\t\t\t<section class=\"elementor-section elementor-top-section elementor-element elementor-element-5b43939 elementor-section-full_width elementor-section-height-default elementor-section-height-default\" data-id=\"5b43939\" data-element_type=\"section\" data-settings=\"{&quot;background_background&quot;:&quot;classic&quot;}\">\n\t\t\t\t\t\t<div class=\"elementor-container elementor-column-gap-default\">\n\t\t\t\t\t<div class=\"elementor-column elementor-col-100 elementor-top-column elementor-element elementor-element-30437843 ot-flex-column-vertical\" data-id=\"30437843\" data-element_type=\"column\">\n\t\t\t<div class=\"elementor-widget-wrap elementor-element-populated\">\n\t\t\t\t\t\t<section class=\"elementor-section elementor-inner-section elementor-element elementor-element-196b45fc elementor-section-full_width elementor-section-height-default elementor-section-height-default\" data-id=\"196b45fc\" data-element_type=\"section\">\n\t\t\t\t\t\t<div class=\"elementor-container elementor-column-gap-default\">\n\t\t\t\t\t<div class=\"elementor-column elementor-col-50 elementor-inner-column elementor-element elementor-element-3b45e434 ot-flex-column-vertical\" data-id=\"3b45e434\" data-element_type=\"column\">\n\t\t\t<div class=\"elementor-widget-wrap elementor-element-populated\">\n\t\t\t\t\t\t<div class=\"elementor-element elementor-element-d12ed8d elementor-widget elementor-widget-image\" data-id=\"d12ed8d\" data-element_type=\"widget\" data-widget_type=\"image.default\">\n\t\t\t\t<div class=\"elementor-widget-container\">\n\t\t\t<style>\/*! elementor - v3.20.0 - 20-03-2024 *\/\n.elementor-widget-image{text-align:center}.elementor-widget-image a{display:inline-block}.elementor-widget-image a img[src$=\".svg\"]{width:48px}.elementor-widget-image img{vertical-align:middle;display:inline-block}<\/style>\t\t\t\t\t\t\t\t\t\t<img fetchpriority=\"high\" decoding=\"async\" width=\"988\" height=\"581\" src=\"https:\/\/edg.ao\/pt\/wp-content\/uploads\/2023\/09\/Map_Locations_EDG_Offices_Worldwide.jpg\" class=\"attachment-large size-large wp-image-2441\" alt=\"Map Locations EDG Offices Worldwide\" srcset=\"https:\/\/edg.ao\/pt\/wp-content\/uploads\/2023\/09\/Map_Locations_EDG_Offices_Worldwide.jpg 988w, https:\/\/edg.ao\/pt\/wp-content\/uploads\/2023\/09\/Map_Locations_EDG_Offices_Worldwide-300x176.jpg 300w, https:\/\/edg.ao\/pt\/wp-content\/uploads\/2023\/09\/Map_Locations_EDG_Offices_Worldwide-768x452.jpg 768w\" sizes=\"(max-width: 988px) 100vw, 988px\" \/>\t\t\t\t\t\t\t\t\t\t\t\t\t<\/div>\n\t\t\t\t<\/div>\n\t\t\t\t\t<\/div>\n\t\t<\/div>\n\t\t\t\t<div class=\"elementor-column elementor-col-50 elementor-inner-column elementor-element elementor-element-3118b6f7 ot-flex-column-vertical\" data-id=\"3118b6f7\" data-element_type=\"column\">\n\t\t\t<div class=\"elementor-widget-wrap elementor-element-populated\">\n\t\t\t\t\t\t<div class=\"elementor-element elementor-element-9a7606a elementor-widget__width-initial elementor-widget elementor-widget-heading\" data-id=\"9a7606a\" data-element_type=\"widget\" data-widget_type=\"heading.default\">\n\t\t\t\t<div class=\"elementor-widget-container\">\n\t\t\t<style>\/*! elementor - v3.20.0 - 20-03-2024 *\/\n.elementor-heading-title{padding:0;margin:0;line-height:1}.elementor-widget-heading .elementor-heading-title[class*=elementor-size-]>a{color:inherit;font-size:inherit;line-height:inherit}.elementor-widget-heading .elementor-heading-title.elementor-size-small{font-size:15px}.elementor-widget-heading .elementor-heading-title.elementor-size-medium{font-size:19px}.elementor-widget-heading .elementor-heading-title.elementor-size-large{font-size:29px}.elementor-widget-heading .elementor-heading-title.elementor-size-xl{font-size:39px}.elementor-widget-heading .elementor-heading-title.elementor-size-xxl{font-size:59px}<\/style><h2 class=\"elementor-heading-title elementor-size-default\">Desbloqueie seu potencial com EDG<\/h2>\t\t<\/div>\n\t\t\t\t<\/div>\n\t\t\t\t<div class=\"elementor-element elementor-element-db9598a elementor-widget__width-initial elementor-widget-mobile__width-inherit elementor-widget elementor-widget-text-editor\" data-id=\"db9598a\" data-element_type=\"widget\" data-widget_type=\"text-editor.default\">\n\t\t\t\t<div class=\"elementor-widget-container\">\n\t\t\t<style>\/*! elementor - v3.20.0 - 20-03-2024 *\/\n.elementor-widget-text-editor.elementor-drop-cap-view-stacked .elementor-drop-cap{background-color:#69727d;color:#fff}.elementor-widget-text-editor.elementor-drop-cap-view-framed .elementor-drop-cap{color:#69727d;border:3px solid;background-color:transparent}.elementor-widget-text-editor:not(.elementor-drop-cap-view-default) .elementor-drop-cap{margin-top:8px}.elementor-widget-text-editor:not(.elementor-drop-cap-view-default) .elementor-drop-cap-letter{width:1em;height:1em}.elementor-widget-text-editor .elementor-drop-cap{float:left;text-align:center;line-height:1;font-size:50px}.elementor-widget-text-editor .elementor-drop-cap-letter{display:inline-block}<\/style>\t\t\t\t<p><span>Na EDG, acreditamos que a engenharia n\u00e3o \u00e9 apenas uma profiss\u00e3o;\u00a0<\/span><span>\u00e9 uma jornada repleta de oportunidades infinitas para criar, inovar e moldar o mundo que nos rodeia.\u00a0<\/span><span>Se voc\u00ea est\u00e1 pronto para embarcar em uma carreira incr\u00edvel, a EDG \u00e9 o lugar para estar.<\/span><\/p>\t\t\t\t\t\t<\/div>\n\t\t\t\t<\/div>\n\t\t\t\t\t<\/div>\n\t\t<\/div>\n\t\t\t\t\t<\/div>\n\t\t<\/section>\n\t\t\t\t\t<\/div>\n\t\t<\/div>\n\t\t\t\t\t<\/div>\n\t\t<\/section>\n\t\t\t\t<section class=\"elementor-section elementor-top-section elementor-element elementor-element-156b489a elementor-section-boxed elementor-section-height-default elementor-section-height-default\" data-id=\"156b489a\" data-element_type=\"section\" id=\"xs_faq_5\">\n\t\t\t\t\t\t<div class=\"elementor-container elementor-column-gap-default\">\n\t\t\t\t\t<div class=\"elementor-column elementor-col-100 elementor-top-column elementor-element elementor-element-6d38e37f ot-flex-column-vertical\" data-id=\"6d38e37f\" data-element_type=\"column\">\n\t\t\t<div class=\"elementor-widget-wrap elementor-element-populated\">\n\t\t\t\t\t\t<section class=\"elementor-section elementor-inner-section elementor-element elementor-element-4161249e elementor-section-boxed elementor-section-height-default elementor-section-height-default\" data-id=\"4161249e\" data-element_type=\"section\">\n\t\t\t\t\t\t<div class=\"elementor-container elementor-column-gap-default\">\n\t\t\t\t\t<div class=\"elementor-column elementor-col-50 elementor-inner-column elementor-element elementor-element-6510c8c3 ot-flex-column-vertical\" data-id=\"6510c8c3\" data-element_type=\"column\">\n\t\t\t<div class=\"elementor-widget-wrap elementor-element-populated\">\n\t\t\t\t\t\t<div class=\"elementor-element elementor-element-1b472eda elementor-widget elementor-widget-elementskit-faq\" data-id=\"1b472eda\" data-element_type=\"widget\" data-widget_type=\"elementskit-faq.default\">\n\t\t\t\t<div class=\"elementor-widget-container\">\n\t\t\t<div class=\"ekit-wid-con\" >\n                <div class=\"elementskit-single-faq elementor-repeater-item-ccb3fc9\">\n            <div class=\"elementskit-faq-header\">\n                <h2 class=\"elementskit-faq-title\">Possibilidades Infinitas, Crescimento Ilimitado<\/h2>\n            <\/div>\n            <div class=\"elementskit-faq-body\">\n                A EDG oferece aos engenheiros uma plataforma \u00fanica para libertarem a sua criatividade e experi\u00eancia. Aqui voc\u00ea n\u00e3o trabalhar\u00e1 apenas em projectos; voc\u00ea esculpir\u00e1 obras-primas que resistem ao teste do tempo. Nosso portf\u00f3lio diversificado abrange setores, desde petr\u00f3leo e g\u00e1s at\u00e9 infraestrutura, fornecendo uma variedade de projectos interessantes que ir\u00e3o desafiar e inspirar voc\u00ea.            <\/div>\n        <\/div>\n                <div class=\"elementskit-single-faq elementor-repeater-item-1219655\">\n            <div class=\"elementskit-faq-header\">\n                <h2 class=\"elementskit-faq-title\">Desenvolvimento Profissional Inigual\u00e1vel<\/h2>\n            <\/div>\n            <div class=\"elementskit-faq-body\">\n                A EDG est\u00e1 comprometida em cultivar talentos. Oferecemos treinamento cont\u00ednuo, orienta\u00e7\u00e3o e oportunidades de crescimento para garantir que voc\u00ea esteja sempre na vanguarda em sua \u00e1rea. Quer voc\u00ea seja rec\u00e9m-formado ou um profissional experiente, sempre h\u00e1 espa\u00e7o para aprender e crescer.            <\/div>\n        <\/div>\n                <div class=\"elementskit-single-faq elementor-repeater-item-31ebcfd\">\n            <div class=\"elementskit-faq-header\">\n                <h2 class=\"elementskit-faq-title\">Compromisso com Seguran\u00e7a e Sustentabilidade<\/h2>\n            <\/div>\n            <div class=\"elementskit-faq-body\">\n                Em uma carreira incr\u00edvel, seguran\u00e7a e sustentabilidade s\u00e3o fundamentais. Na EDG priorizamos estes princ\u00edpios em todos os projectos, garantindo n\u00e3o s\u00f3 o bem-estar das nossas equipas, mas tamb\u00e9m a preserva\u00e7\u00e3o do nosso planeta.            <\/div>\n        <\/div>\n                <div class=\"elementskit-single-faq elementor-repeater-item-96c0a2d\">\n            <div class=\"elementskit-faq-header\">\n                <h2 class=\"elementskit-faq-title\">Equil\u00edbrio entre Vida Profissional e Pessoal<\/h2>\n            <\/div>\n            <div class=\"elementskit-faq-body\">\n                Entendemos que uma carreira gratificante vai al\u00e9m do escrit\u00f3rio. Na EDG, promovemos um equil\u00edbrio saud\u00e1vel entre vida pessoal e profissional, permitindo que voc\u00ea se destaque profissionalmente enquanto desfruta de uma vida pessoal rica.            <\/div>\n        <\/div>\n        \n    <\/div>\t\t<\/div>\n\t\t\t\t<\/div>\n\t\t\t\t\t<\/div>\n\t\t<\/div>\n\t\t\t\t<div class=\"elementor-column elementor-col-50 elementor-inner-column elementor-element elementor-element-624530f9 ot-flex-column-vertical\" data-id=\"624530f9\" data-element_type=\"column\">\n\t\t\t<div class=\"elementor-widget-wrap elementor-element-populated\">\n\t\t\t\t\t\t<div class=\"elementor-element elementor-element-7e6d6db9 elementor-widget elementor-widget-elementskit-faq\" data-id=\"7e6d6db9\" data-element_type=\"widget\" data-widget_type=\"elementskit-faq.default\">\n\t\t\t\t<div class=\"elementor-widget-container\">\n\t\t\t<div class=\"ekit-wid-con\" >\n                <div class=\"elementskit-single-faq elementor-repeater-item-e12c595\">\n            <div class=\"elementskit-faq-header\">\n                <h2 class=\"elementskit-faq-title\">Colabora\u00e7\u00e3o que Impulsiona o Sucesso<\/h2>\n            <\/div>\n            <div class=\"elementskit-faq-body\">\n                Carreiras incr\u00edveis s\u00e3o constru\u00eddas com base na colabora\u00e7\u00e3o e, na EDG, o trabalho em equipe est\u00e1 em nossa ess\u00eancia. Aqui, voc\u00ea colaborar\u00e1 com uma comunidade global de engenheiros, arquitetos e especialistas apaixonados que s\u00e3o t\u00e3o dedicados \u00e0 excel\u00eancia quanto voc\u00ea. Juntos, ultrapassamos limites, trocamos ideias e impulsionamos a inova\u00e7\u00e3o.            <\/div>\n        <\/div>\n                <div class=\"elementskit-single-faq elementor-repeater-item-5f94b9e\">\n            <div class=\"elementskit-faq-header\">\n                <h2 class=\"elementskit-faq-title\">Alcance Global, Impacto Local<\/h2>\n            <\/div>\n            <div class=\"elementskit-faq-body\">\n                Os projectos da EDG abrangem todo o mundo, permitindo que voc\u00ea trabalhe em miss\u00f5es internacionais que ampliam seus horizontes. No entanto, a nossa presen\u00e7a local garante que o seu trabalho tenha um impacto direto nas comunidades onde vive e trabalha.            <\/div>\n        <\/div>\n                <div class=\"elementskit-single-faq elementor-repeater-item-ad5f942\">\n            <div class=\"elementskit-faq-header\">\n                <h2 class=\"elementskit-faq-title\">Um Legado de Excel\u00eancia<\/h2>\n            <\/div>\n            <div class=\"elementskit-faq-body\">\n                Unir-se \u00e0 EDG significa tornar-se parte de um legado de excel\u00eancia em engenharia que se estende por mais de duas d\u00e9cadas. Nossa reputa\u00e7\u00e3o de fornecer solu\u00e7\u00f5es de alto n\u00edvel \u00e9 o seu passaporte para uma carreira de destaque.            <\/div>\n        <\/div>\n                <div class=\"elementskit-single-faq elementor-repeater-item-79b5326\">\n            <div class=\"elementskit-faq-header\">\n                <h2 class=\"elementskit-faq-title\">Junte-se \u00e0 Fam\u00edlia EDG<\/h2>\n            <\/div>\n            <div class=\"elementskit-faq-body\">\n                Ao ingressar na EDG, voc\u00ea n\u00e3o \u00e9 apenas um funcion\u00e1rio; voc\u00ea se torna um membro valioso de nossa fam\u00edlia. Celebramos a diversidade, incentivamos a inova\u00e7\u00e3o e criamos um ambiente inclusivo onde voc\u00ea pode prosperar.            <\/div>\n        <\/div>\n        \n    <\/div>\t\t<\/div>\n\t\t\t\t<\/div>\n\t\t\t\t\t<\/div>\n\t\t<\/div>\n\t\t\t\t\t<\/div>\n\t\t<\/section>\n\t\t\t\t<div class=\"elementor-element elementor-element-0f0aac1 elementor-widget elementor-widget-text-editor\" data-id=\"0f0aac1\" data-element_type=\"widget\" data-widget_type=\"text-editor.default\">\n\t\t\t\t<div class=\"elementor-widget-container\">\n\t\t\t\t\t\t\t<p><span>Pronto para criar uma carreira incr\u00edvel na EDG?\u00a0<\/span><span>Explore nossas oportunidades actuais e d\u00ea o primeiro passo em dire\u00e7\u00e3o a uma jornada de engenharia que promete entusiasmo, crescimento e um mundo de possibilidades. <\/span><span>Seu futuro est\u00e1 esperando e \u00e9 incr\u00edvel.\u00a0<\/span><span>Junte-se a n\u00f3s na EDG hoje.<\/span><\/p>\t\t\t\t\t\t<\/div>\n\t\t\t\t<\/div>\n\t\t\t\t\t<\/div>\n\t\t<\/div>\n\t\t\t\t\t<\/div>\n\t\t<\/section>\n\t\t<div class=\"elementor-element elementor-element-1b00f4c e-con-full e-flex e-con e-parent\" data-id=\"1b00f4c\" data-element_type=\"container\" data-settings=\"{&quot;background_background&quot;:&quot;classic&quot;}\" data-core-v316-plus=\"true\">\n\t\t<div class=\"elementor-element elementor-element-f1907b3 e-con-full e-flex e-con e-child\" data-id=\"f1907b3\" data-element_type=\"container\">\n\t\t\t\t<div class=\"elementor-element elementor-element-959c51e elementor-widget elementor-widget-text-editor\" data-id=\"959c51e\" data-element_type=\"widget\" data-widget_type=\"text-editor.default\">\n\t\t\t\t<div class=\"elementor-widget-container\">\n\t\t\t\t\t\t\t<p>Para se candidatar a uma carreira na EDG clique no bot\u00e3o abaixo<\/p><p>ou envie-nos um email para: <strong><a href=\"mailto:recrutamento@edg.net\"><span style=\"color: #ffffff;\">recrutamento@edg.net<\/span><\/a><\/strong><\/p>\t\t\t\t\t\t<\/div>\n\t\t\t\t<\/div>\n\t\t\t\t<\/div>\n\t\t\t\t<div class=\"elementor-element elementor-element-63fc8fe elementor-align-center elementor-widget elementor-widget-button\" data-id=\"63fc8fe\" data-element_type=\"widget\" data-widget_type=\"button.default\">\n\t\t\t\t<div class=\"elementor-widget-container\">\n\t\t\t\t\t<div class=\"elementor-button-wrapper\">\n\t\t\t<a class=\"elementor-button elementor-button-link elementor-size-xs\" href=\"mailto:recrutamento@edg.net\">\n\t\t\t\t\t\t<span class=\"elementor-button-content-wrapper\">\n\t\t\t\t\t\t<span class=\"elementor-button-text\">Clica aqui<\/span>\n\t\t<\/span>\n\t\t\t\t\t<\/a>\n\t\t<\/div>\n\t\t\t\t<\/div>\n\t\t\t\t<\/div>\n\t\t\t\t<\/div>\n\t\t\t\t<\/div>\n\t\t","protected":false},"excerpt":{"rendered":"<p>Desbloqueie seu potencial com EDG Na EDG, acreditamos que a engenharia n\u00e3o \u00e9 apenas uma profiss\u00e3o;\u00a0\u00e9 uma jornada repleta de oportunidades infinitas para criar, inovar e moldar o mundo que nos rodeia.\u00a0Se voc\u00ea est\u00e1 pronto para embarcar em uma carreira incr\u00edvel, a EDG \u00e9 o lugar para estar. Possibilidades Infinitas, Crescimento Ilimitado A EDG oferece [&hellip;]<\/p>\n","protected":false},"author":1,"featured_media":3787,"parent":0,"menu_order":0,"comment_status":"closed","ping_status":"closed","template":"","meta":{"footnotes":""},"class_list":["post-3345","page","type-page","status-publish","has-post-thumbnail","hentry"],"yoast_head":"<!-- This site is optimized with the Yoast SEO plugin v22.8 - https:\/\/yoast.com\/wordpress\/plugins\/seo\/ -->\n<title>Careers | EDG | Angola<\/title>\n<meta name=\"robots\" content=\"index, follow, max-snippet:-1, max-image-preview:large, max-video-preview:-1\" \/>\n<link rel=\"canonical\" href=\"https:\/\/edg.ao\/pt\/carreiras\/\" \/>\n<meta property=\"og:locale\" content=\"en_US\" \/>\n<meta property=\"og:type\" content=\"article\" \/>\n<meta property=\"og:title\" content=\"Careers | EDG | Angola\" \/>\n<meta property=\"og:description\" content=\"Desbloqueie seu potencial com EDG Na EDG, acreditamos que a engenharia n\u00e3o \u00e9 apenas uma profiss\u00e3o;\u00a0\u00e9 uma jornada repleta de oportunidades infinitas para criar, inovar e moldar o mundo que nos rodeia.\u00a0Se voc\u00ea est\u00e1 pronto para embarcar em uma carreira incr\u00edvel, a EDG \u00e9 o lugar para estar. Possibilidades Infinitas, Crescimento Ilimitado A EDG oferece [&hellip;]\" \/>\n<meta property=\"og:url\" content=\"https:\/\/edg.ao\/pt\/carreiras\/\" \/>\n<meta property=\"og:site_name\" content=\"EDG Angola\" \/>\n<meta property=\"article:modified_time\" content=\"2023-11-27T16:55:55+00:00\" \/>\n<meta property=\"og:image\" content=\"https:\/\/edg.ao\/pt\/wp-content\/uploads\/2023\/10\/Careers_EDG_Angola.jpg\" \/>\n\t<meta property=\"og:image:width\" content=\"1200\" \/>\n\t<meta property=\"og:image:height\" content=\"675\" \/>\n\t<meta property=\"og:image:type\" content=\"image\/jpeg\" \/>\n<meta name=\"twitter:card\" content=\"summary_large_image\" \/>\n<meta name=\"twitter:label1\" content=\"Est. reading time\" \/>\n\t<meta name=\"twitter:data1\" content=\"3 minutes\" \/>\n<script type=\"application\/ld+json\" class=\"yoast-schema-graph\">{\"@context\":\"https:\/\/schema.org\",\"@graph\":[{\"@type\":\"WebPage\",\"@id\":\"https:\/\/edg.ao\/pt\/carreiras\/\",\"url\":\"https:\/\/edg.ao\/pt\/carreiras\/\",\"name\":\"Careers | EDG | Angola\",\"isPartOf\":{\"@id\":\"https:\/\/edg.ao\/pt\/#website\"},\"primaryImageOfPage\":{\"@id\":\"https:\/\/edg.ao\/pt\/carreiras\/#primaryimage\"},\"image\":{\"@id\":\"https:\/\/edg.ao\/pt\/carreiras\/#primaryimage\"},\"thumbnailUrl\":\"https:\/\/edg.ao\/pt\/wp-content\/uploads\/2023\/10\/Careers_EDG_Angola.jpg\",\"datePublished\":\"2023-10-04T11:37:56+00:00\",\"dateModified\":\"2023-11-27T16:55:55+00:00\",\"breadcrumb\":{\"@id\":\"https:\/\/edg.ao\/pt\/carreiras\/#breadcrumb\"},\"inLanguage\":\"en-US\",\"potentialAction\":[{\"@type\":\"ReadAction\",\"target\":[\"https:\/\/edg.ao\/pt\/carreiras\/\"]}]},{\"@type\":\"ImageObject\",\"inLanguage\":\"en-US\",\"@id\":\"https:\/\/edg.ao\/pt\/carreiras\/#primaryimage\",\"url\":\"https:\/\/edg.ao\/pt\/wp-content\/uploads\/2023\/10\/Careers_EDG_Angola.jpg\",\"contentUrl\":\"https:\/\/edg.ao\/pt\/wp-content\/uploads\/2023\/10\/Careers_EDG_Angola.jpg\",\"width\":1200,\"height\":675,\"caption\":\"Careers EDG Angola\"},{\"@type\":\"BreadcrumbList\",\"@id\":\"https:\/\/edg.ao\/pt\/carreiras\/#breadcrumb\",\"itemListElement\":[{\"@type\":\"ListItem\",\"position\":1,\"name\":\"Home\",\"item\":\"https:\/\/edg.ao\/pt\/\"},{\"@type\":\"ListItem\",\"position\":2,\"name\":\"Carreiras\"}]},{\"@type\":\"WebSite\",\"@id\":\"https:\/\/edg.ao\/pt\/#website\",\"url\":\"https:\/\/edg.ao\/pt\/\",\"name\":\"EDG - Projectos Angola, Lda\",\"description\":\"Projectos Angola, Lda.\",\"publisher\":{\"@id\":\"https:\/\/edg.ao\/pt\/#organization\"},\"potentialAction\":[{\"@type\":\"SearchAction\",\"target\":{\"@type\":\"EntryPoint\",\"urlTemplate\":\"https:\/\/edg.ao\/pt\/?s={search_term_string}\"},\"query-input\":\"required name=search_term_string\"}],\"inLanguage\":\"en-US\"},{\"@type\":\"Organization\",\"@id\":\"https:\/\/edg.ao\/pt\/#organization\",\"name\":\"EDG - Projectos Angola, Lda\",\"url\":\"https:\/\/edg.ao\/pt\/\",\"logo\":{\"@type\":\"ImageObject\",\"inLanguage\":\"en-US\",\"@id\":\"https:\/\/edg.ao\/pt\/#\/schema\/logo\/image\/\",\"url\":\"https:\/\/edg.ao\/pt\/wp-content\/uploads\/2020\/07\/edg-logo.png\",\"contentUrl\":\"https:\/\/edg.ao\/pt\/wp-content\/uploads\/2020\/07\/edg-logo.png\",\"width\":149,\"height\":50,\"caption\":\"EDG - Projectos Angola, Lda\"},\"image\":{\"@id\":\"https:\/\/edg.ao\/pt\/#\/schema\/logo\/image\/\"}}]}<\/script>\n<!-- \/ Yoast SEO plugin. -->","yoast_head_json":{"title":"Careers | EDG | Angola","robots":{"index":"index","follow":"follow","max-snippet":"max-snippet:-1","max-image-preview":"max-image-preview:large","max-video-preview":"max-video-preview:-1"},"canonical":"https:\/\/edg.ao\/pt\/carreiras\/","og_locale":"en_US","og_type":"article","og_title":"Careers | EDG | Angola","og_description":"Desbloqueie seu potencial com EDG Na EDG, acreditamos que a engenharia n\u00e3o \u00e9 apenas uma profiss\u00e3o;\u00a0\u00e9 uma jornada repleta de oportunidades infinitas para criar, inovar e moldar o mundo que nos rodeia.\u00a0Se voc\u00ea est\u00e1 pronto para embarcar em uma carreira incr\u00edvel, a EDG \u00e9 o lugar para estar. Possibilidades Infinitas, Crescimento Ilimitado A EDG oferece [&hellip;]","og_url":"https:\/\/edg.ao\/pt\/carreiras\/","og_site_name":"EDG Angola","article_modified_time":"2023-11-27T16:55:55+00:00","og_image":[{"width":1200,"height":675,"url":"https:\/\/edg.ao\/pt\/wp-content\/uploads\/2023\/10\/Careers_EDG_Angola.jpg","type":"image\/jpeg"}],"twitter_card":"summary_large_image","twitter_misc":{"Est. reading time":"3 minutes"},"schema":{"@context":"https:\/\/schema.org","@graph":[{"@type":"WebPage","@id":"https:\/\/edg.ao\/pt\/carreiras\/","url":"https:\/\/edg.ao\/pt\/carreiras\/","name":"Careers | EDG | Angola","isPartOf":{"@id":"https:\/\/edg.ao\/pt\/#website"},"primaryImageOfPage":{"@id":"https:\/\/edg.ao\/pt\/carreiras\/#primaryimage"},"image":{"@id":"https:\/\/edg.ao\/pt\/carreiras\/#primaryimage"},"thumbnailUrl":"https:\/\/edg.ao\/pt\/wp-content\/uploads\/2023\/10\/Careers_EDG_Angola.jpg","datePublished":"2023-10-04T11:37:56+00:00","dateModified":"2023-11-27T16:55:55+00:00","breadcrumb":{"@id":"https:\/\/edg.ao\/pt\/carreiras\/#breadcrumb"},"inLanguage":"en-US","potentialAction":[{"@type":"ReadAction","target":["https:\/\/edg.ao\/pt\/carreiras\/"]}]},{"@type":"ImageObject","inLanguage":"en-US","@id":"https:\/\/edg.ao\/pt\/carreiras\/#primaryimage","url":"https:\/\/edg.ao\/pt\/wp-content\/uploads\/2023\/10\/Careers_EDG_Angola.jpg","contentUrl":"https:\/\/edg.ao\/pt\/wp-content\/uploads\/2023\/10\/Careers_EDG_Angola.jpg","width":1200,"height":675,"caption":"Careers EDG Angola"},{"@type":"BreadcrumbList","@id":"https:\/\/edg.ao\/pt\/carreiras\/#breadcrumb","itemListElement":[{"@type":"ListItem","position":1,"name":"Home","item":"https:\/\/edg.ao\/pt\/"},{"@type":"ListItem","position":2,"name":"Carreiras"}]},{"@type":"WebSite","@id":"https:\/\/edg.ao\/pt\/#website","url":"https:\/\/edg.ao\/pt\/","name":"EDG - Projectos Angola, Lda","description":"Projectos Angola, Lda.","publisher":{"@id":"https:\/\/edg.ao\/pt\/#organization"},"potentialAction":[{"@type":"SearchAction","target":{"@type":"EntryPoint","urlTemplate":"https:\/\/edg.ao\/pt\/?s={search_term_string}"},"query-input":"required name=search_term_string"}],"inLanguage":"en-US"},{"@type":"Organization","@id":"https:\/\/edg.ao\/pt\/#organization","name":"EDG - Projectos Angola, Lda","url":"https:\/\/edg.ao\/pt\/","logo":{"@type":"ImageObject","inLanguage":"en-US","@id":"https:\/\/edg.ao\/pt\/#\/schema\/logo\/image\/","url":"https:\/\/edg.ao\/pt\/wp-content\/uploads\/2020\/07\/edg-logo.png","contentUrl":"https:\/\/edg.ao\/pt\/wp-content\/uploads\/2020\/07\/edg-logo.png","width":149,"height":50,"caption":"EDG - Projectos Angola, Lda"},"image":{"@id":"https:\/\/edg.ao\/pt\/#\/schema\/logo\/image\/"}}]}},"_links":{"self":[{"href":"https:\/\/edg.ao\/pt\/wp-json\/wp\/v2\/pages\/3345","targetHints":{"allow":["GET"]}}],"collection":[{"href":"https:\/\/edg.ao\/pt\/wp-json\/wp\/v2\/pages"}],"about":[{"href":"https:\/\/edg.ao\/pt\/wp-json\/wp\/v2\/types\/page"}],"author":[{"embeddable":true,"href":"https:\/\/edg.ao\/pt\/wp-json\/wp\/v2\/users\/1"}],"replies":[{"embeddable":true,"href":"https:\/\/edg.ao\/pt\/wp-json\/wp\/v2\/comments?post=3345"}],"version-history":[{"count":183,"href":"https:\/\/edg.ao\/pt\/wp-json\/wp\/v2\/pages\/3345\/revisions"}],"predecessor-version":[{"id":5217,"href":"https:\/\/edg.ao\/pt\/wp-json\/wp\/v2\/pages\/3345\/revisions\/5217"}],"wp:featuredmedia":[{"embeddable":true,"href":"https:\/\/edg.ao\/pt\/wp-json\/wp\/v2\/media\/3787"}],"wp:attachment":[{"href":"https:\/\/edg.ao\/pt\/wp-json\/wp\/v2\/media?parent=3345"}],"curies":[{"name":"wp","href":"https:\/\/api.w.org\/{rel}","templated":true}]}}