{"id":3591,"date":"2023-10-05T15:17:49","date_gmt":"2023-10-05T15:17:49","guid":{"rendered":"https:\/\/xamariz.ao\/edg\/?page_id=3591"},"modified":"2023-11-27T17:17:47","modified_gmt":"2023-11-27T17:17:47","slug":"servicos-de-apoio-a-projectos","status":"publish","type":"page","link":"https:\/\/edg.ao\/pt\/servicos\/servicos-de-apoio-a-projectos\/","title":{"rendered":"Servi\u00e7os de Apoio a Projectos"},"content":{"rendered":"\t\t<div data-elementor-type=\"wp-page\" data-elementor-id=\"3591\" class=\"elementor elementor-3591\">\n\t\t\t\t\t\t<section class=\"elementor-section elementor-top-section elementor-element elementor-element-50913d0 elementor-section-boxed elementor-section-height-default elementor-section-height-default\" data-id=\"50913d0\" data-element_type=\"section\">\n\t\t\t\t\t\t<div class=\"elementor-container elementor-column-gap-default\">\n\t\t\t\t\t<div class=\"elementor-column elementor-col-100 elementor-top-column elementor-element elementor-element-6431d9b ot-flex-column-vertical\" data-id=\"6431d9b\" data-element_type=\"column\">\n\t\t\t<div class=\"elementor-widget-wrap elementor-element-populated\">\n\t\t\t\t\t\t<section class=\"elementor-section elementor-inner-section elementor-element elementor-element-2d79a54 elementor-section-full_width elementor-section-height-default elementor-section-height-default\" data-id=\"2d79a54\" data-element_type=\"section\">\n\t\t\t\t\t\t<div class=\"elementor-container elementor-column-gap-default\">\n\t\t\t\t\t<div class=\"elementor-column elementor-col-100 elementor-inner-column elementor-element elementor-element-44aa89c ot-flex-column-vertical\" data-id=\"44aa89c\" data-element_type=\"column\">\n\t\t\t<div class=\"elementor-widget-wrap\">\n\t\t\t\t\t\t\t<\/div>\n\t\t<\/div>\n\t\t\t\t\t<\/div>\n\t\t<\/section>\n\t\t\t\t<section class=\"elementor-section elementor-inner-section elementor-element elementor-element-33cde09 elementor-section-boxed elementor-section-height-default elementor-section-height-default\" data-id=\"33cde09\" data-element_type=\"section\">\n\t\t\t\t\t\t<div class=\"elementor-container elementor-column-gap-extended\">\n\t\t\t\t\t<div class=\"elementor-column elementor-col-50 elementor-inner-column elementor-element elementor-element-beb742d ot-flex-column-vertical\" data-id=\"beb742d\" data-element_type=\"column\">\n\t\t\t<div class=\"elementor-widget-wrap elementor-element-populated\">\n\t\t\t\t\t\t<div class=\"elementor-element elementor-element-f678577 elementor-widget elementor-widget-heading\" data-id=\"f678577\" data-element_type=\"widget\" data-widget_type=\"heading.default\">\n\t\t\t\t<div class=\"elementor-widget-container\">\n\t\t\t<style>\/*! elementor - v3.20.0 - 20-03-2024 *\/\n.elementor-heading-title{padding:0;margin:0;line-height:1}.elementor-widget-heading .elementor-heading-title[class*=elementor-size-]>a{color:inherit;font-size:inherit;line-height:inherit}.elementor-widget-heading .elementor-heading-title.elementor-size-small{font-size:15px}.elementor-widget-heading .elementor-heading-title.elementor-size-medium{font-size:19px}.elementor-widget-heading .elementor-heading-title.elementor-size-large{font-size:29px}.elementor-widget-heading .elementor-heading-title.elementor-size-xl{font-size:39px}.elementor-widget-heading .elementor-heading-title.elementor-size-xxl{font-size:59px}<\/style><h2 class=\"elementor-heading-title elementor-size-default\">Servi\u00e7os de Apoio a Projectos<\/h2>\t\t<\/div>\n\t\t\t\t<\/div>\n\t\t\t\t<div class=\"elementor-element elementor-element-02618bf elementor-widget elementor-widget-text-editor\" data-id=\"02618bf\" data-element_type=\"widget\" data-widget_type=\"text-editor.default\">\n\t\t\t\t<div class=\"elementor-widget-container\">\n\t\t\t<style>\/*! elementor - v3.20.0 - 20-03-2024 *\/\n.elementor-widget-text-editor.elementor-drop-cap-view-stacked .elementor-drop-cap{background-color:#69727d;color:#fff}.elementor-widget-text-editor.elementor-drop-cap-view-framed .elementor-drop-cap{color:#69727d;border:3px solid;background-color:transparent}.elementor-widget-text-editor:not(.elementor-drop-cap-view-default) .elementor-drop-cap{margin-top:8px}.elementor-widget-text-editor:not(.elementor-drop-cap-view-default) .elementor-drop-cap-letter{width:1em;height:1em}.elementor-widget-text-editor .elementor-drop-cap{float:left;text-align:center;line-height:1;font-size:50px}.elementor-widget-text-editor .elementor-drop-cap-letter{display:inline-block}<\/style>\t\t\t\t<p>A EDG executa projectos com sucesso h\u00e1 mais de 30 anos. Temos a experi\u00eancia e a tecnologia e software de ponta para levar seu projecto ao pr\u00f3ximo n\u00edvel.<\/p><p>No mundo empresarial atual, entendemos que seu projecto exige mais do que apenas solu\u00e7\u00f5es de engenharia: voc\u00ea precisa de suporte total em todas as \u00e1reas do projecto. \u00c9 isso que a EDG, Inc. oferece.<\/p>\t\t\t\t\t\t<\/div>\n\t\t\t\t<\/div>\n\t\t\t\t\t<\/div>\n\t\t<\/div>\n\t\t\t\t<div class=\"elementor-column elementor-col-50 elementor-inner-column elementor-element elementor-element-99d507e ot-flex-column-vertical\" data-id=\"99d507e\" data-element_type=\"column\" data-settings=\"{&quot;background_background&quot;:&quot;classic&quot;}\">\n\t\t\t<div class=\"elementor-widget-wrap\">\n\t\t\t\t\t\t\t<\/div>\n\t\t<\/div>\n\t\t\t\t\t<\/div>\n\t\t<\/section>\n\t\t\t\t\t<\/div>\n\t\t<\/div>\n\t\t\t\t\t<\/div>\n\t\t<\/section>\n\t\t<div class=\"elementor-element elementor-element-c870bf1 e-flex e-con-boxed e-con e-parent\" data-id=\"c870bf1\" data-element_type=\"container\" data-core-v316-plus=\"true\">\n\t\t\t\t\t<div class=\"e-con-inner\">\n\t\t<div class=\"elementor-element elementor-element-8f85325 e-con-full e-flex e-con e-child\" data-id=\"8f85325\" data-element_type=\"container\" data-settings=\"{&quot;background_background&quot;:&quot;classic&quot;}\">\n\t\t\t\t<div class=\"elementor-element elementor-element-89fd368 elementor-widget elementor-widget-heading\" data-id=\"89fd368\" data-element_type=\"widget\" data-widget_type=\"heading.default\">\n\t\t\t\t<div class=\"elementor-widget-container\">\n\t\t\t<h2 class=\"elementor-heading-title elementor-size-default\">Elabora\u00e7\u00e3o e Design de Disciplina Completa<\/h2>\t\t<\/div>\n\t\t\t\t<\/div>\n\t\t\t\t<div class=\"elementor-element elementor-element-36fe38b elementor-icon-list--layout-traditional elementor-list-item-link-full_width elementor-widget elementor-widget-icon-list\" data-id=\"36fe38b\" data-element_type=\"widget\" data-widget_type=\"icon-list.default\">\n\t\t\t\t<div class=\"elementor-widget-container\">\n\t\t\t<link rel=\"stylesheet\" href=\"https:\/\/edg.ao\/pt\/wp-content\/plugins\/elementor\/assets\/css\/widget-icon-list.min.css\">\t\t<ul class=\"elementor-icon-list-items\">\n\t\t\t\t\t\t\t<li class=\"elementor-icon-list-item\">\n\t\t\t\t\t\t\t\t\t\t\t<span class=\"elementor-icon-list-icon\">\n\t\t\t\t\t\t\t<i aria-hidden=\"true\" class=\"fas fa-check\"><\/i>\t\t\t\t\t\t<\/span>\n\t\t\t\t\t\t\t\t\t\t<span class=\"elementor-icon-list-text\">Modelagem 2D e 3D<\/span>\n\t\t\t\t\t\t\t\t\t<\/li>\n\t\t\t\t\t\t\t\t<li class=\"elementor-icon-list-item\">\n\t\t\t\t\t\t\t\t\t\t\t<span class=\"elementor-icon-list-icon\">\n\t\t\t\t\t\t\t<i aria-hidden=\"true\" class=\"fas fa-check\"><\/i>\t\t\t\t\t\t<\/span>\n\t\t\t\t\t\t\t\t\t\t<span class=\"elementor-icon-list-text\">Verifica\u00e7\u00f5es no edif\u00edcio e no campo<\/span>\n\t\t\t\t\t\t\t\t\t<\/li>\n\t\t\t\t\t\t\t\t<li class=\"elementor-icon-list-item\">\n\t\t\t\t\t\t\t\t\t\t\t<span class=\"elementor-icon-list-icon\">\n\t\t\t\t\t\t\t<i aria-hidden=\"true\" class=\"fas fa-check\"><\/i>\t\t\t\t\t\t<\/span>\n\t\t\t\t\t\t\t\t\t\t<span class=\"elementor-icon-list-text\">Aquisi\u00e7\u00e3o de dados no local<\/span>\n\t\t\t\t\t\t\t\t\t<\/li>\n\t\t\t\t\t\t\t\t<li class=\"elementor-icon-list-item\">\n\t\t\t\t\t\t\t\t\t\t\t<span class=\"elementor-icon-list-icon\">\n\t\t\t\t\t\t\t<i aria-hidden=\"true\" class=\"fas fa-check\"><\/i>\t\t\t\t\t\t<\/span>\n\t\t\t\t\t\t\t\t\t\t<span class=\"elementor-icon-list-text\">Administra\u00e7\u00e3o CAD<\/span>\n\t\t\t\t\t\t\t\t\t<\/li>\n\t\t\t\t\t\t\t\t<li class=\"elementor-icon-list-item\">\n\t\t\t\t\t\t\t\t\t\t\t<span class=\"elementor-icon-list-icon\">\n\t\t\t\t\t\t\t<i aria-hidden=\"true\" class=\"fas fa-check\"><\/i>\t\t\t\t\t\t<\/span>\n\t\t\t\t\t\t\t\t\t\t<span class=\"elementor-icon-list-text\">Verificando<\/span>\n\t\t\t\t\t\t\t\t\t<\/li>\n\t\t\t\t\t\t<\/ul>\n\t\t\t\t<\/div>\n\t\t\t\t<\/div>\n\t\t\t\t<\/div>\n\t\t<div class=\"elementor-element elementor-element-dad5dd3 e-con-full e-flex e-con e-child\" data-id=\"dad5dd3\" data-element_type=\"container\">\n\t\t\t\t<div class=\"elementor-element elementor-element-32b6c52 elementor-widget elementor-widget-heading\" data-id=\"32b6c52\" data-element_type=\"widget\" data-widget_type=\"heading.default\">\n\t\t\t\t<div class=\"elementor-widget-container\">\n\t\t\t<h2 class=\"elementor-heading-title elementor-size-default\">Controles Abrangentes de Projecto<\/h2>\t\t<\/div>\n\t\t\t\t<\/div>\n\t\t\t\t<div class=\"elementor-element elementor-element-5375ff8 elementor-icon-list--layout-traditional elementor-list-item-link-full_width elementor-widget elementor-widget-icon-list\" data-id=\"5375ff8\" data-element_type=\"widget\" data-widget_type=\"icon-list.default\">\n\t\t\t\t<div class=\"elementor-widget-container\">\n\t\t\t\t\t<ul class=\"elementor-icon-list-items\">\n\t\t\t\t\t\t\t<li class=\"elementor-icon-list-item\">\n\t\t\t\t\t\t\t\t\t\t\t<span class=\"elementor-icon-list-icon\">\n\t\t\t\t\t\t\t<i aria-hidden=\"true\" class=\"fas fa-check\"><\/i>\t\t\t\t\t\t<\/span>\n\t\t\t\t\t\t\t\t\t\t<span class=\"elementor-icon-list-text\">Agendamento de Projectos\/Planejamento de Projectos<\/span>\n\t\t\t\t\t\t\t\t\t<\/li>\n\t\t\t\t\t\t\t\t<li class=\"elementor-icon-list-item\">\n\t\t\t\t\t\t\t\t\t\t\t<span class=\"elementor-icon-list-icon\">\n\t\t\t\t\t\t\t<i aria-hidden=\"true\" class=\"fas fa-check\"><\/i>\t\t\t\t\t\t<\/span>\n\t\t\t\t\t\t\t\t\t\t<span class=\"elementor-icon-list-text\">Controle\/An\u00e1lise de Custos<\/span>\n\t\t\t\t\t\t\t\t\t<\/li>\n\t\t\t\t\t\t\t\t<li class=\"elementor-icon-list-item\">\n\t\t\t\t\t\t\t\t\t\t\t<span class=\"elementor-icon-list-icon\">\n\t\t\t\t\t\t\t<i aria-hidden=\"true\" class=\"fas fa-check\"><\/i>\t\t\t\t\t\t<\/span>\n\t\t\t\t\t\t\t\t\t\t<span class=\"elementor-icon-list-text\"> Estimativa de custos<\/span>\n\t\t\t\t\t\t\t\t\t<\/li>\n\t\t\t\t\t\t\t\t<li class=\"elementor-icon-list-item\">\n\t\t\t\t\t\t\t\t\t\t\t<span class=\"elementor-icon-list-icon\">\n\t\t\t\t\t\t\t<i aria-hidden=\"true\" class=\"fas fa-check\"><\/i>\t\t\t\t\t\t<\/span>\n\t\t\t\t\t\t\t\t\t\t<span class=\"elementor-icon-list-text\"> An\u00e1lise de risco<\/span>\n\t\t\t\t\t\t\t\t\t<\/li>\n\t\t\t\t\t\t<\/ul>\n\t\t\t\t<\/div>\n\t\t\t\t<\/div>\n\t\t\t\t<\/div>\n\t\t<div class=\"elementor-element elementor-element-e63b5ea e-con-full e-flex e-con e-child\" data-id=\"e63b5ea\" data-element_type=\"container\">\n\t\t\t\t<div class=\"elementor-element elementor-element-9fe438f elementor-widget elementor-widget-heading\" data-id=\"9fe438f\" data-element_type=\"widget\" data-widget_type=\"heading.default\">\n\t\t\t\t<div class=\"elementor-widget-container\">\n\t\t\t<h2 class=\"elementor-heading-title elementor-size-default\">Compras<\/h2>\t\t<\/div>\n\t\t\t\t<\/div>\n\t\t\t\t<div class=\"elementor-element elementor-element-6fdcec2 elementor-icon-list--layout-traditional elementor-list-item-link-full_width elementor-widget elementor-widget-icon-list\" data-id=\"6fdcec2\" data-element_type=\"widget\" data-widget_type=\"icon-list.default\">\n\t\t\t\t<div class=\"elementor-widget-container\">\n\t\t\t\t\t<ul class=\"elementor-icon-list-items\">\n\t\t\t\t\t\t\t<li class=\"elementor-icon-list-item\">\n\t\t\t\t\t\t\t\t\t\t\t<span class=\"elementor-icon-list-icon\">\n\t\t\t\t\t\t\t<i aria-hidden=\"true\" class=\"fas fa-check\"><\/i>\t\t\t\t\t\t<\/span>\n\t\t\t\t\t\t\t\t\t\t<span class=\"elementor-icon-list-text\">Compras<\/span>\n\t\t\t\t\t\t\t\t\t<\/li>\n\t\t\t\t\t\t\t\t<li class=\"elementor-icon-list-item\">\n\t\t\t\t\t\t\t\t\t\t\t<span class=\"elementor-icon-list-icon\">\n\t\t\t\t\t\t\t<i aria-hidden=\"true\" class=\"fas fa-check\"><\/i>\t\t\t\t\t\t<\/span>\n\t\t\t\t\t\t\t\t\t\t<span class=\"elementor-icon-list-text\">Desenvolvimento de RFQ<\/span>\n\t\t\t\t\t\t\t\t\t<\/li>\n\t\t\t\t\t\t\t\t<li class=\"elementor-icon-list-item\">\n\t\t\t\t\t\t\t\t\t\t\t<span class=\"elementor-icon-list-icon\">\n\t\t\t\t\t\t\t<i aria-hidden=\"true\" class=\"fas fa-check\"><\/i>\t\t\t\t\t\t<\/span>\n\t\t\t\t\t\t\t\t\t\t<span class=\"elementor-icon-list-text\"> Esclarecimento de lance<\/span>\n\t\t\t\t\t\t\t\t\t<\/li>\n\t\t\t\t\t\t\t\t<li class=\"elementor-icon-list-item\">\n\t\t\t\t\t\t\t\t\t\t\t<span class=\"elementor-icon-list-icon\">\n\t\t\t\t\t\t\t<i aria-hidden=\"true\" class=\"fas fa-check\"><\/i>\t\t\t\t\t\t<\/span>\n\t\t\t\t\t\t\t\t\t\t<span class=\"elementor-icon-list-text\">Expedi\u00e7\u00e3o<\/span>\n\t\t\t\t\t\t\t\t\t<\/li>\n\t\t\t\t\t\t<\/ul>\n\t\t\t\t<\/div>\n\t\t\t\t<\/div>\n\t\t\t\t<\/div>\n\t\t\t\t\t<\/div>\n\t\t\t\t<\/div>\n\t\t\t\t<\/div>\n\t\t","protected":false},"excerpt":{"rendered":"<p>Servi\u00e7os de Apoio a Projectos A EDG executa projectos com sucesso h\u00e1 mais de 30 anos. Temos a experi\u00eancia e a tecnologia e software de ponta para levar seu projecto ao pr\u00f3ximo n\u00edvel. No mundo empresarial atual, entendemos que seu projecto exige mais do que apenas solu\u00e7\u00f5es de engenharia: voc\u00ea precisa de suporte total em [&hellip;]<\/p>\n","protected":false},"author":1,"featured_media":0,"parent":868,"menu_order":0,"comment_status":"closed","ping_status":"closed","template":"","meta":{"footnotes":""},"class_list":["post-3591","page","type-page","status-publish","hentry"],"yoast_head":"<!-- This site is optimized with the Yoast SEO plugin v22.8 - https:\/\/yoast.com\/wordpress\/plugins\/seo\/ -->\n<title>Project Support Services | EDG | Angola<\/title>\n<meta name=\"robots\" content=\"index, follow, max-snippet:-1, max-image-preview:large, max-video-preview:-1\" \/>\n<link rel=\"canonical\" href=\"https:\/\/edg.ao\/pt\/servicos\/servicos-de-apoio-a-projectos\/\" \/>\n<meta property=\"og:locale\" content=\"en_US\" \/>\n<meta property=\"og:type\" content=\"article\" \/>\n<meta property=\"og:title\" content=\"Project Support Services | EDG | Angola\" \/>\n<meta property=\"og:description\" content=\"Servi\u00e7os de Apoio a Projectos A EDG executa projectos com sucesso h\u00e1 mais de 30 anos. Temos a experi\u00eancia e a tecnologia e software de ponta para levar seu projecto ao pr\u00f3ximo n\u00edvel. No mundo empresarial atual, entendemos que seu projecto exige mais do que apenas solu\u00e7\u00f5es de engenharia: voc\u00ea precisa de suporte total em [&hellip;]\" \/>\n<meta property=\"og:url\" content=\"https:\/\/edg.ao\/pt\/servicos\/servicos-de-apoio-a-projectos\/\" \/>\n<meta property=\"og:site_name\" content=\"EDG Angola\" \/>\n<meta property=\"article:modified_time\" content=\"2023-11-27T17:17:47+00:00\" \/>\n<meta name=\"twitter:card\" content=\"summary_large_image\" \/>\n<meta name=\"twitter:label1\" content=\"Est. reading time\" \/>\n\t<meta name=\"twitter:data1\" content=\"1 minute\" \/>\n<script type=\"application\/ld+json\" class=\"yoast-schema-graph\">{\"@context\":\"https:\/\/schema.org\",\"@graph\":[{\"@type\":\"WebPage\",\"@id\":\"https:\/\/edg.ao\/pt\/servicos\/servicos-de-apoio-a-projectos\/\",\"url\":\"https:\/\/edg.ao\/pt\/servicos\/servicos-de-apoio-a-projectos\/\",\"name\":\"Project Support Services | EDG | Angola\",\"isPartOf\":{\"@id\":\"https:\/\/edg.ao\/pt\/#website\"},\"datePublished\":\"2023-10-05T15:17:49+00:00\",\"dateModified\":\"2023-11-27T17:17:47+00:00\",\"breadcrumb\":{\"@id\":\"https:\/\/edg.ao\/pt\/servicos\/servicos-de-apoio-a-projectos\/#breadcrumb\"},\"inLanguage\":\"en-US\",\"potentialAction\":[{\"@type\":\"ReadAction\",\"target\":[\"https:\/\/edg.ao\/pt\/servicos\/servicos-de-apoio-a-projectos\/\"]}]},{\"@type\":\"BreadcrumbList\",\"@id\":\"https:\/\/edg.ao\/pt\/servicos\/servicos-de-apoio-a-projectos\/#breadcrumb\",\"itemListElement\":[{\"@type\":\"ListItem\",\"position\":1,\"name\":\"Home\",\"item\":\"https:\/\/edg.ao\/pt\/\"},{\"@type\":\"ListItem\",\"position\":2,\"name\":\"Servi\u00e7os\",\"item\":\"https:\/\/edg.ao\/pt\/servicos\/\"},{\"@type\":\"ListItem\",\"position\":3,\"name\":\"Servi\u00e7os de Apoio a Projectos\"}]},{\"@type\":\"WebSite\",\"@id\":\"https:\/\/edg.ao\/pt\/#website\",\"url\":\"https:\/\/edg.ao\/pt\/\",\"name\":\"EDG - Projectos Angola, Lda\",\"description\":\"Projectos Angola, Lda.\",\"publisher\":{\"@id\":\"https:\/\/edg.ao\/pt\/#organization\"},\"potentialAction\":[{\"@type\":\"SearchAction\",\"target\":{\"@type\":\"EntryPoint\",\"urlTemplate\":\"https:\/\/edg.ao\/pt\/?s={search_term_string}\"},\"query-input\":\"required name=search_term_string\"}],\"inLanguage\":\"en-US\"},{\"@type\":\"Organization\",\"@id\":\"https:\/\/edg.ao\/pt\/#organization\",\"name\":\"EDG - Projectos Angola, Lda\",\"url\":\"https:\/\/edg.ao\/pt\/\",\"logo\":{\"@type\":\"ImageObject\",\"inLanguage\":\"en-US\",\"@id\":\"https:\/\/edg.ao\/pt\/#\/schema\/logo\/image\/\",\"url\":\"https:\/\/edg.ao\/pt\/wp-content\/uploads\/2020\/07\/edg-logo.png\",\"contentUrl\":\"https:\/\/edg.ao\/pt\/wp-content\/uploads\/2020\/07\/edg-logo.png\",\"width\":149,\"height\":50,\"caption\":\"EDG - Projectos Angola, Lda\"},\"image\":{\"@id\":\"https:\/\/edg.ao\/pt\/#\/schema\/logo\/image\/\"}}]}<\/script>\n<!-- \/ Yoast SEO plugin. -->","yoast_head_json":{"title":"Project Support Services | EDG | Angola","robots":{"index":"index","follow":"follow","max-snippet":"max-snippet:-1","max-image-preview":"max-image-preview:large","max-video-preview":"max-video-preview:-1"},"canonical":"https:\/\/edg.ao\/pt\/servicos\/servicos-de-apoio-a-projectos\/","og_locale":"en_US","og_type":"article","og_title":"Project Support Services | EDG | Angola","og_description":"Servi\u00e7os de Apoio a Projectos A EDG executa projectos com sucesso h\u00e1 mais de 30 anos. Temos a experi\u00eancia e a tecnologia e software de ponta para levar seu projecto ao pr\u00f3ximo n\u00edvel. No mundo empresarial atual, entendemos que seu projecto exige mais do que apenas solu\u00e7\u00f5es de engenharia: voc\u00ea precisa de suporte total em [&hellip;]","og_url":"https:\/\/edg.ao\/pt\/servicos\/servicos-de-apoio-a-projectos\/","og_site_name":"EDG Angola","article_modified_time":"2023-11-27T17:17:47+00:00","twitter_card":"summary_large_image","twitter_misc":{"Est. reading time":"1 minute"},"schema":{"@context":"https:\/\/schema.org","@graph":[{"@type":"WebPage","@id":"https:\/\/edg.ao\/pt\/servicos\/servicos-de-apoio-a-projectos\/","url":"https:\/\/edg.ao\/pt\/servicos\/servicos-de-apoio-a-projectos\/","name":"Project Support Services | EDG | Angola","isPartOf":{"@id":"https:\/\/edg.ao\/pt\/#website"},"datePublished":"2023-10-05T15:17:49+00:00","dateModified":"2023-11-27T17:17:47+00:00","breadcrumb":{"@id":"https:\/\/edg.ao\/pt\/servicos\/servicos-de-apoio-a-projectos\/#breadcrumb"},"inLanguage":"en-US","potentialAction":[{"@type":"ReadAction","target":["https:\/\/edg.ao\/pt\/servicos\/servicos-de-apoio-a-projectos\/"]}]},{"@type":"BreadcrumbList","@id":"https:\/\/edg.ao\/pt\/servicos\/servicos-de-apoio-a-projectos\/#breadcrumb","itemListElement":[{"@type":"ListItem","position":1,"name":"Home","item":"https:\/\/edg.ao\/pt\/"},{"@type":"ListItem","position":2,"name":"Servi\u00e7os","item":"https:\/\/edg.ao\/pt\/servicos\/"},{"@type":"ListItem","position":3,"name":"Servi\u00e7os de Apoio a Projectos"}]},{"@type":"WebSite","@id":"https:\/\/edg.ao\/pt\/#website","url":"https:\/\/edg.ao\/pt\/","name":"EDG - Projectos Angola, Lda","description":"Projectos Angola, Lda.","publisher":{"@id":"https:\/\/edg.ao\/pt\/#organization"},"potentialAction":[{"@type":"SearchAction","target":{"@type":"EntryPoint","urlTemplate":"https:\/\/edg.ao\/pt\/?s={search_term_string}"},"query-input":"required name=search_term_string"}],"inLanguage":"en-US"},{"@type":"Organization","@id":"https:\/\/edg.ao\/pt\/#organization","name":"EDG - Projectos Angola, Lda","url":"https:\/\/edg.ao\/pt\/","logo":{"@type":"ImageObject","inLanguage":"en-US","@id":"https:\/\/edg.ao\/pt\/#\/schema\/logo\/image\/","url":"https:\/\/edg.ao\/pt\/wp-content\/uploads\/2020\/07\/edg-logo.png","contentUrl":"https:\/\/edg.ao\/pt\/wp-content\/uploads\/2020\/07\/edg-logo.png","width":149,"height":50,"caption":"EDG - Projectos Angola, Lda"},"image":{"@id":"https:\/\/edg.ao\/pt\/#\/schema\/logo\/image\/"}}]}},"_links":{"self":[{"href":"https:\/\/edg.ao\/pt\/wp-json\/wp\/v2\/pages\/3591","targetHints":{"allow":["GET"]}}],"collection":[{"href":"https:\/\/edg.ao\/pt\/wp-json\/wp\/v2\/pages"}],"about":[{"href":"https:\/\/edg.ao\/pt\/wp-json\/wp\/v2\/types\/page"}],"author":[{"embeddable":true,"href":"https:\/\/edg.ao\/pt\/wp-json\/wp\/v2\/users\/1"}],"replies":[{"embeddable":true,"href":"https:\/\/edg.ao\/pt\/wp-json\/wp\/v2\/comments?post=3591"}],"version-history":[{"count":34,"href":"https:\/\/edg.ao\/pt\/wp-json\/wp\/v2\/pages\/3591\/revisions"}],"predecessor-version":[{"id":5251,"href":"https:\/\/edg.ao\/pt\/wp-json\/wp\/v2\/pages\/3591\/revisions\/5251"}],"up":[{"embeddable":true,"href":"https:\/\/edg.ao\/pt\/wp-json\/wp\/v2\/pages\/868"}],"wp:attachment":[{"href":"https:\/\/edg.ao\/pt\/wp-json\/wp\/v2\/media?parent=3591"}],"curies":[{"name":"wp","href":"https:\/\/api.w.org\/{rel}","templated":true}]}}