{"id":3617,"date":"2023-10-06T15:14:50","date_gmt":"2023-10-06T15:14:50","guid":{"rendered":"https:\/\/xamariz.ao\/edg\/?page_id=3617"},"modified":"2023-11-27T16:58:17","modified_gmt":"2023-11-27T16:58:17","slug":"upstream","status":"publish","type":"page","link":"https:\/\/edg.ao\/pt\/industrias\/upstream\/","title":{"rendered":"Upstream"},"content":{"rendered":"\t\t<div data-elementor-type=\"wp-page\" data-elementor-id=\"3617\" class=\"elementor elementor-3617\">\n\t\t\t\t\t\t<section class=\"elementor-section elementor-top-section elementor-element elementor-element-5b43939 elementor-section-boxed elementor-section-height-default elementor-section-height-default\" data-id=\"5b43939\" data-element_type=\"section\" data-settings=\"{&quot;background_background&quot;:&quot;classic&quot;}\">\n\t\t\t\t\t\t<div class=\"elementor-container elementor-column-gap-default\">\n\t\t\t\t\t<div class=\"elementor-column elementor-col-100 elementor-top-column elementor-element elementor-element-30437843 ot-flex-column-vertical\" data-id=\"30437843\" data-element_type=\"column\">\n\t\t\t<div class=\"elementor-widget-wrap elementor-element-populated\">\n\t\t\t\t\t\t<section class=\"elementor-section elementor-inner-section elementor-element elementor-element-196b45fc elementor-section-boxed elementor-section-height-default elementor-section-height-default\" data-id=\"196b45fc\" data-element_type=\"section\">\n\t\t\t\t\t\t<div class=\"elementor-container elementor-column-gap-default\">\n\t\t\t\t\t<div class=\"elementor-column elementor-col-100 elementor-inner-column elementor-element elementor-element-3118b6f7 ot-flex-column-vertical\" data-id=\"3118b6f7\" data-element_type=\"column\">\n\t\t\t<div class=\"elementor-widget-wrap elementor-element-populated\">\n\t\t\t\t\t\t<div class=\"elementor-element elementor-element-db9598a elementor-widget elementor-widget-text-editor\" data-id=\"db9598a\" data-element_type=\"widget\" data-widget_type=\"text-editor.default\">\n\t\t\t\t<div class=\"elementor-widget-container\">\n\t\t\t<style>\/*! elementor - v3.20.0 - 20-03-2024 *\/\n.elementor-widget-text-editor.elementor-drop-cap-view-stacked .elementor-drop-cap{background-color:#69727d;color:#fff}.elementor-widget-text-editor.elementor-drop-cap-view-framed .elementor-drop-cap{color:#69727d;border:3px solid;background-color:transparent}.elementor-widget-text-editor:not(.elementor-drop-cap-view-default) .elementor-drop-cap{margin-top:8px}.elementor-widget-text-editor:not(.elementor-drop-cap-view-default) .elementor-drop-cap-letter{width:1em;height:1em}.elementor-widget-text-editor .elementor-drop-cap{float:left;text-align:center;line-height:1;font-size:50px}.elementor-widget-text-editor .elementor-drop-cap-letter{display:inline-block}<\/style>\t\t\t\t<p>Nossos engenheiros consultores especializados trabalham com a equipe de projecto da sua empresa para determinar as estrat\u00e9gias mais econ\u00f4micas para o desenvolvimento do projecto.<\/p><p>A EDG, Inc. tem experi\u00eancia, conhecimento e dedica\u00e7\u00e3o para projectar sua instala\u00e7\u00e3o Upstream com todos os componentes para suas necessidades de explora\u00e7\u00e3o e produ\u00e7\u00e3o onshore e offshore.<\/p>\t\t\t\t\t\t<\/div>\n\t\t\t\t<\/div>\n\t\t\t\t\t<\/div>\n\t\t<\/div>\n\t\t\t\t\t<\/div>\n\t\t<\/section>\n\t\t\t\t\t<\/div>\n\t\t<\/div>\n\t\t\t\t\t<\/div>\n\t\t<\/section>\n\t\t<div class=\"elementor-element elementor-element-7ba45d6 e-con-full e-flex e-con e-parent\" data-id=\"7ba45d6\" data-element_type=\"container\" data-core-v316-plus=\"true\">\n\t\t<div class=\"elementor-element elementor-element-afd469c e-con-full e-flex e-con e-child\" data-id=\"afd469c\" data-element_type=\"container\" data-settings=\"{&quot;background_background&quot;:&quot;classic&quot;}\">\n\t\t\t\t<div class=\"elementor-element elementor-element-08573b8 elementor-widget elementor-widget-heading\" data-id=\"08573b8\" data-element_type=\"widget\" data-widget_type=\"heading.default\">\n\t\t\t\t<div class=\"elementor-widget-container\">\n\t\t\t<style>\/*! elementor - v3.20.0 - 20-03-2024 *\/\n.elementor-heading-title{padding:0;margin:0;line-height:1}.elementor-widget-heading .elementor-heading-title[class*=elementor-size-]>a{color:inherit;font-size:inherit;line-height:inherit}.elementor-widget-heading .elementor-heading-title.elementor-size-small{font-size:15px}.elementor-widget-heading .elementor-heading-title.elementor-size-medium{font-size:19px}.elementor-widget-heading .elementor-heading-title.elementor-size-large{font-size:29px}.elementor-widget-heading .elementor-heading-title.elementor-size-xl{font-size:39px}.elementor-widget-heading .elementor-heading-title.elementor-size-xxl{font-size:59px}<\/style><h2 class=\"elementor-heading-title elementor-size-default\">CAMPO VERDE<\/h2>\t\t<\/div>\n\t\t\t\t<\/div>\n\t\t\t\t<div class=\"elementor-element elementor-element-1704e02 elementor-widget elementor-widget-text-editor\" data-id=\"1704e02\" data-element_type=\"widget\" data-widget_type=\"text-editor.default\">\n\t\t\t\t<div class=\"elementor-widget-container\">\n\t\t\t\t\t\t\t<p>Temos orgulho em fornecer solu\u00e7\u00f5es econ\u00f4micas e inovadoras de engenharia, design e gerenciamento de projectos para seus projectos onshore e offshore. A EDG, Inc. emprega t\u00e9cnicas de sele\u00e7\u00e3o de conceitos iniciais para estabelecer marcos, riscos, planos de execu\u00e7\u00e3o e or\u00e7amentos do projecto. Seja actuando como engenheiro do propriet\u00e1rio ou como equipe de projecto, a EDG implementar\u00e1 os processos e programas necess\u00e1rios para apoiar com sucesso o seu pr\u00f3ximo desenvolvimento Greenfield.<\/p>\t\t\t\t\t\t<\/div>\n\t\t\t\t<\/div>\n\t\t\t\t<\/div>\n\t\t<div class=\"elementor-element elementor-element-e1f9d86 e-con-full e-flex e-con e-child\" data-id=\"e1f9d86\" data-element_type=\"container\" data-settings=\"{&quot;background_background&quot;:&quot;classic&quot;}\">\n\t\t\t\t<div class=\"elementor-element elementor-element-ae27428 elementor-widget elementor-widget-heading\" data-id=\"ae27428\" data-element_type=\"widget\" data-widget_type=\"heading.default\">\n\t\t\t\t<div class=\"elementor-widget-container\">\n\t\t\t<h2 class=\"elementor-heading-title elementor-size-default\">CAMPO MARROM<\/h2>\t\t<\/div>\n\t\t\t\t<\/div>\n\t\t\t\t<div class=\"elementor-element elementor-element-15f1189 elementor-widget elementor-widget-text-editor\" data-id=\"15f1189\" data-element_type=\"widget\" data-widget_type=\"text-editor.default\">\n\t\t\t\t<div class=\"elementor-widget-container\">\n\t\t\t\t\t\t\t<p>Temos anos de experi\u00eancia com grandes e pequenos projectos Brownfield para instala\u00e7\u00f5es de processamento de petr\u00f3leo e g\u00e1s onshore e offshore, incluindo plataformas de cabe\u00e7a de po\u00e7o, complexos de plataformas conectadas a pontes, plataformas de po\u00e7os e esta\u00e7\u00f5es de coleta. Nossas equipes de engenharia e design t\u00eam familiaridade criativa e pr\u00e1tica com sistemas de tubula\u00e7\u00e3o complexos. Estamos acostumados a visitas frequentes ao local para optimizar as actividades de projecto e planejamento.<\/p>\t\t\t\t\t\t<\/div>\n\t\t\t\t<\/div>\n\t\t\t\t<\/div>\n\t\t\t\t<\/div>\n\t\t\t\t<section class=\"elementor-section elementor-top-section elementor-element elementor-element-73a22ebb elementor-section-stretched elementor-section-content-middle elementor-section-boxed elementor-section-height-default elementor-section-height-default\" data-id=\"73a22ebb\" data-element_type=\"section\" data-settings=\"{&quot;stretch_section&quot;:&quot;section-stretched&quot;}\">\n\t\t\t\t\t\t<div class=\"elementor-container elementor-column-gap-default\">\n\t\t\t\t\t<div class=\"elementor-column elementor-col-50 elementor-top-column elementor-element elementor-element-53d1b698 ot-flex-column-vertical\" data-id=\"53d1b698\" data-element_type=\"column\">\n\t\t\t<div class=\"elementor-widget-wrap elementor-element-populated\">\n\t\t\t\t\t\t<div class=\"elementor-element elementor-element-118d1a6 premium-header-inline elementor-widget elementor-widget-premium-addon-dual-header\" data-id=\"118d1a6\" data-element_type=\"widget\" data-widget_type=\"premium-addon-dual-header.default\">\n\t\t\t\t<div class=\"elementor-widget-container\">\n\t\t\t\r\n\t\t\t\t\t<h2 class=\"premium-dual-header-first-header  gradient\"><span class=\"premium-dual-header-first-span\">PROJECTO DE TIEBACK SUBMARINO DE LONGO PASSO <\/span><\/h2> \t\t\r\n\t\t\t\t<\/div>\n\t\t\t\t<\/div>\n\t\t\t\t<div class=\"elementor-element elementor-element-f385824 elementor-widget elementor-widget-text-editor\" data-id=\"f385824\" data-element_type=\"widget\" data-widget_type=\"text-editor.default\">\n\t\t\t\t<div class=\"elementor-widget-container\">\n\t\t\t\t\t\t\t<p>EDG, Inc. executou uma liga\u00e7\u00e3o de g\u00e1s de dois po\u00e7os e 56 milhas para uma instala\u00e7\u00e3o Deepwater Spar no Golfo do M\u00e9xico. Nossa equipe esteve envolvida em todos os aspectos deste projecto \u2013 incluindo a engenharia das modifica\u00e7\u00f5es dos topsides e adi\u00e7\u00f5es de equipamentos, projecto detalhado, suporte de aquisi\u00e7\u00e3o, inspe\u00e7\u00e3o de fabrica\u00e7\u00e3o, planejamento de constru\u00e7\u00e3o, suporte de instala\u00e7\u00e3o e suporte regulat\u00f3rio.<\/p>\t\t\t\t\t\t<\/div>\n\t\t\t\t<\/div>\n\t\t\t\t\t<\/div>\n\t\t<\/div>\n\t\t\t\t<div class=\"elementor-column elementor-col-50 elementor-top-column elementor-element elementor-element-384b4fde ot-flex-column-vertical\" data-id=\"384b4fde\" data-element_type=\"column\">\n\t\t\t<div class=\"elementor-widget-wrap elementor-element-populated\">\n\t\t\t\t\t\t<div class=\"elementor-element elementor-element-e4777d4 elementor-widget elementor-widget-image\" data-id=\"e4777d4\" data-element_type=\"widget\" data-widget_type=\"image.default\">\n\t\t\t\t<div class=\"elementor-widget-container\">\n\t\t\t<style>\/*! elementor - v3.20.0 - 20-03-2024 *\/\n.elementor-widget-image{text-align:center}.elementor-widget-image a{display:inline-block}.elementor-widget-image a img[src$=\".svg\"]{width:48px}.elementor-widget-image img{vertical-align:middle;display:inline-block}<\/style>\t\t\t\t\t\t\t\t\t\t<img fetchpriority=\"high\" decoding=\"async\" width=\"600\" height=\"455\" src=\"https:\/\/edg.ao\/pt\/wp-content\/uploads\/2023\/10\/Upstream-EDG-Angola.jpg\" class=\"attachment-full size-full wp-image-3658\" alt=\"Upstream EDG Angola\" srcset=\"https:\/\/edg.ao\/pt\/wp-content\/uploads\/2023\/10\/Upstream-EDG-Angola.jpg 600w, https:\/\/edg.ao\/pt\/wp-content\/uploads\/2023\/10\/Upstream-EDG-Angola-300x228.jpg 300w\" sizes=\"(max-width: 600px) 100vw, 600px\" \/>\t\t\t\t\t\t\t\t\t\t\t\t\t<\/div>\n\t\t\t\t<\/div>\n\t\t\t\t\t<\/div>\n\t\t<\/div>\n\t\t\t\t\t<\/div>\n\t\t<\/section>\n\t\t\t\t<\/div>\n\t\t","protected":false},"excerpt":{"rendered":"<p>Nossos engenheiros consultores especializados trabalham com a equipe de projecto da sua empresa para determinar as estrat\u00e9gias mais econ\u00f4micas para o desenvolvimento do projecto. A EDG, Inc. tem experi\u00eancia, conhecimento e dedica\u00e7\u00e3o para projectar sua instala\u00e7\u00e3o Upstream com todos os componentes para suas necessidades de explora\u00e7\u00e3o e produ\u00e7\u00e3o onshore e offshore. CAMPO VERDE Temos orgulho [&hellip;]<\/p>\n","protected":false},"author":1,"featured_media":0,"parent":1903,"menu_order":0,"comment_status":"closed","ping_status":"closed","template":"","meta":{"footnotes":""},"class_list":["post-3617","page","type-page","status-publish","hentry"],"yoast_head":"<!-- This site is optimized with the Yoast SEO plugin v22.8 - https:\/\/yoast.com\/wordpress\/plugins\/seo\/ -->\n<title>Upstream | EDG | Angola<\/title>\n<meta name=\"robots\" content=\"index, follow, max-snippet:-1, max-image-preview:large, max-video-preview:-1\" \/>\n<link rel=\"canonical\" href=\"https:\/\/edg.ao\/pt\/industrias\/upstream\/\" \/>\n<meta property=\"og:locale\" content=\"en_US\" \/>\n<meta property=\"og:type\" content=\"article\" \/>\n<meta property=\"og:title\" content=\"Upstream | EDG | Angola\" \/>\n<meta property=\"og:description\" content=\"Nossos engenheiros consultores especializados trabalham com a equipe de projecto da sua empresa para determinar as estrat\u00e9gias mais econ\u00f4micas para o desenvolvimento do projecto. A EDG, Inc. tem experi\u00eancia, conhecimento e dedica\u00e7\u00e3o para projectar sua instala\u00e7\u00e3o Upstream com todos os componentes para suas necessidades de explora\u00e7\u00e3o e produ\u00e7\u00e3o onshore e offshore. CAMPO VERDE Temos orgulho [&hellip;]\" \/>\n<meta property=\"og:url\" content=\"https:\/\/edg.ao\/pt\/industrias\/upstream\/\" \/>\n<meta property=\"og:site_name\" content=\"EDG Angola\" \/>\n<meta property=\"article:modified_time\" content=\"2023-11-27T16:58:17+00:00\" \/>\n<meta property=\"og:image\" content=\"https:\/\/edg.ao\/pt\/wp-content\/uploads\/2023\/10\/Upstream-EDG-Angola.jpg\" \/>\n<meta name=\"twitter:card\" content=\"summary_large_image\" \/>\n<meta name=\"twitter:label1\" content=\"Est. reading time\" \/>\n\t<meta name=\"twitter:data1\" content=\"2 minutes\" \/>\n<script type=\"application\/ld+json\" class=\"yoast-schema-graph\">{\"@context\":\"https:\/\/schema.org\",\"@graph\":[{\"@type\":\"WebPage\",\"@id\":\"https:\/\/edg.ao\/pt\/industrias\/upstream\/\",\"url\":\"https:\/\/edg.ao\/pt\/industrias\/upstream\/\",\"name\":\"Upstream | EDG | Angola\",\"isPartOf\":{\"@id\":\"https:\/\/edg.ao\/pt\/#website\"},\"primaryImageOfPage\":{\"@id\":\"https:\/\/edg.ao\/pt\/industrias\/upstream\/#primaryimage\"},\"image\":{\"@id\":\"https:\/\/edg.ao\/pt\/industrias\/upstream\/#primaryimage\"},\"thumbnailUrl\":\"https:\/\/edg.ao\/pt\/wp-content\/uploads\/2023\/10\/Upstream-EDG-Angola.jpg\",\"datePublished\":\"2023-10-06T15:14:50+00:00\",\"dateModified\":\"2023-11-27T16:58:17+00:00\",\"breadcrumb\":{\"@id\":\"https:\/\/edg.ao\/pt\/industrias\/upstream\/#breadcrumb\"},\"inLanguage\":\"en-US\",\"potentialAction\":[{\"@type\":\"ReadAction\",\"target\":[\"https:\/\/edg.ao\/pt\/industrias\/upstream\/\"]}]},{\"@type\":\"ImageObject\",\"inLanguage\":\"en-US\",\"@id\":\"https:\/\/edg.ao\/pt\/industrias\/upstream\/#primaryimage\",\"url\":\"https:\/\/edg.ao\/pt\/wp-content\/uploads\/2023\/10\/Upstream-EDG-Angola.jpg\",\"contentUrl\":\"https:\/\/edg.ao\/pt\/wp-content\/uploads\/2023\/10\/Upstream-EDG-Angola.jpg\",\"width\":600,\"height\":455,\"caption\":\"Upstream EDG Angola\"},{\"@type\":\"BreadcrumbList\",\"@id\":\"https:\/\/edg.ao\/pt\/industrias\/upstream\/#breadcrumb\",\"itemListElement\":[{\"@type\":\"ListItem\",\"position\":1,\"name\":\"Home\",\"item\":\"https:\/\/edg.ao\/pt\/\"},{\"@type\":\"ListItem\",\"position\":2,\"name\":\"Linhas de Neg\u00f3cios\",\"item\":\"https:\/\/edg.ao\/pt\/industrias\/\"},{\"@type\":\"ListItem\",\"position\":3,\"name\":\"Upstream\"}]},{\"@type\":\"WebSite\",\"@id\":\"https:\/\/edg.ao\/pt\/#website\",\"url\":\"https:\/\/edg.ao\/pt\/\",\"name\":\"EDG - Projectos Angola, Lda\",\"description\":\"Projectos Angola, Lda.\",\"publisher\":{\"@id\":\"https:\/\/edg.ao\/pt\/#organization\"},\"potentialAction\":[{\"@type\":\"SearchAction\",\"target\":{\"@type\":\"EntryPoint\",\"urlTemplate\":\"https:\/\/edg.ao\/pt\/?s={search_term_string}\"},\"query-input\":\"required name=search_term_string\"}],\"inLanguage\":\"en-US\"},{\"@type\":\"Organization\",\"@id\":\"https:\/\/edg.ao\/pt\/#organization\",\"name\":\"EDG - Projectos Angola, Lda\",\"url\":\"https:\/\/edg.ao\/pt\/\",\"logo\":{\"@type\":\"ImageObject\",\"inLanguage\":\"en-US\",\"@id\":\"https:\/\/edg.ao\/pt\/#\/schema\/logo\/image\/\",\"url\":\"https:\/\/edg.ao\/pt\/wp-content\/uploads\/2020\/07\/edg-logo.png\",\"contentUrl\":\"https:\/\/edg.ao\/pt\/wp-content\/uploads\/2020\/07\/edg-logo.png\",\"width\":149,\"height\":50,\"caption\":\"EDG - Projectos Angola, Lda\"},\"image\":{\"@id\":\"https:\/\/edg.ao\/pt\/#\/schema\/logo\/image\/\"}}]}<\/script>\n<!-- \/ Yoast SEO plugin. -->","yoast_head_json":{"title":"Upstream | EDG | Angola","robots":{"index":"index","follow":"follow","max-snippet":"max-snippet:-1","max-image-preview":"max-image-preview:large","max-video-preview":"max-video-preview:-1"},"canonical":"https:\/\/edg.ao\/pt\/industrias\/upstream\/","og_locale":"en_US","og_type":"article","og_title":"Upstream | EDG | Angola","og_description":"Nossos engenheiros consultores especializados trabalham com a equipe de projecto da sua empresa para determinar as estrat\u00e9gias mais econ\u00f4micas para o desenvolvimento do projecto. A EDG, Inc. tem experi\u00eancia, conhecimento e dedica\u00e7\u00e3o para projectar sua instala\u00e7\u00e3o Upstream com todos os componentes para suas necessidades de explora\u00e7\u00e3o e produ\u00e7\u00e3o onshore e offshore. CAMPO VERDE Temos orgulho [&hellip;]","og_url":"https:\/\/edg.ao\/pt\/industrias\/upstream\/","og_site_name":"EDG Angola","article_modified_time":"2023-11-27T16:58:17+00:00","og_image":[{"url":"https:\/\/edg.ao\/pt\/wp-content\/uploads\/2023\/10\/Upstream-EDG-Angola.jpg"}],"twitter_card":"summary_large_image","twitter_misc":{"Est. reading time":"2 minutes"},"schema":{"@context":"https:\/\/schema.org","@graph":[{"@type":"WebPage","@id":"https:\/\/edg.ao\/pt\/industrias\/upstream\/","url":"https:\/\/edg.ao\/pt\/industrias\/upstream\/","name":"Upstream | EDG | Angola","isPartOf":{"@id":"https:\/\/edg.ao\/pt\/#website"},"primaryImageOfPage":{"@id":"https:\/\/edg.ao\/pt\/industrias\/upstream\/#primaryimage"},"image":{"@id":"https:\/\/edg.ao\/pt\/industrias\/upstream\/#primaryimage"},"thumbnailUrl":"https:\/\/edg.ao\/pt\/wp-content\/uploads\/2023\/10\/Upstream-EDG-Angola.jpg","datePublished":"2023-10-06T15:14:50+00:00","dateModified":"2023-11-27T16:58:17+00:00","breadcrumb":{"@id":"https:\/\/edg.ao\/pt\/industrias\/upstream\/#breadcrumb"},"inLanguage":"en-US","potentialAction":[{"@type":"ReadAction","target":["https:\/\/edg.ao\/pt\/industrias\/upstream\/"]}]},{"@type":"ImageObject","inLanguage":"en-US","@id":"https:\/\/edg.ao\/pt\/industrias\/upstream\/#primaryimage","url":"https:\/\/edg.ao\/pt\/wp-content\/uploads\/2023\/10\/Upstream-EDG-Angola.jpg","contentUrl":"https:\/\/edg.ao\/pt\/wp-content\/uploads\/2023\/10\/Upstream-EDG-Angola.jpg","width":600,"height":455,"caption":"Upstream EDG Angola"},{"@type":"BreadcrumbList","@id":"https:\/\/edg.ao\/pt\/industrias\/upstream\/#breadcrumb","itemListElement":[{"@type":"ListItem","position":1,"name":"Home","item":"https:\/\/edg.ao\/pt\/"},{"@type":"ListItem","position":2,"name":"Linhas de Neg\u00f3cios","item":"https:\/\/edg.ao\/pt\/industrias\/"},{"@type":"ListItem","position":3,"name":"Upstream"}]},{"@type":"WebSite","@id":"https:\/\/edg.ao\/pt\/#website","url":"https:\/\/edg.ao\/pt\/","name":"EDG - Projectos Angola, Lda","description":"Projectos Angola, Lda.","publisher":{"@id":"https:\/\/edg.ao\/pt\/#organization"},"potentialAction":[{"@type":"SearchAction","target":{"@type":"EntryPoint","urlTemplate":"https:\/\/edg.ao\/pt\/?s={search_term_string}"},"query-input":"required name=search_term_string"}],"inLanguage":"en-US"},{"@type":"Organization","@id":"https:\/\/edg.ao\/pt\/#organization","name":"EDG - Projectos Angola, Lda","url":"https:\/\/edg.ao\/pt\/","logo":{"@type":"ImageObject","inLanguage":"en-US","@id":"https:\/\/edg.ao\/pt\/#\/schema\/logo\/image\/","url":"https:\/\/edg.ao\/pt\/wp-content\/uploads\/2020\/07\/edg-logo.png","contentUrl":"https:\/\/edg.ao\/pt\/wp-content\/uploads\/2020\/07\/edg-logo.png","width":149,"height":50,"caption":"EDG - Projectos Angola, Lda"},"image":{"@id":"https:\/\/edg.ao\/pt\/#\/schema\/logo\/image\/"}}]}},"_links":{"self":[{"href":"https:\/\/edg.ao\/pt\/wp-json\/wp\/v2\/pages\/3617","targetHints":{"allow":["GET"]}}],"collection":[{"href":"https:\/\/edg.ao\/pt\/wp-json\/wp\/v2\/pages"}],"about":[{"href":"https:\/\/edg.ao\/pt\/wp-json\/wp\/v2\/types\/page"}],"author":[{"embeddable":true,"href":"https:\/\/edg.ao\/pt\/wp-json\/wp\/v2\/users\/1"}],"replies":[{"embeddable":true,"href":"https:\/\/edg.ao\/pt\/wp-json\/wp\/v2\/comments?post=3617"}],"version-history":[{"count":71,"href":"https:\/\/edg.ao\/pt\/wp-json\/wp\/v2\/pages\/3617\/revisions"}],"predecessor-version":[{"id":5155,"href":"https:\/\/edg.ao\/pt\/wp-json\/wp\/v2\/pages\/3617\/revisions\/5155"}],"up":[{"embeddable":true,"href":"https:\/\/edg.ao\/pt\/wp-json\/wp\/v2\/pages\/1903"}],"wp:attachment":[{"href":"https:\/\/edg.ao\/pt\/wp-json\/wp\/v2\/media?parent=3617"}],"curies":[{"name":"wp","href":"https:\/\/api.w.org\/{rel}","templated":true}]}}