{"id":4183,"date":"2023-10-20T15:17:33","date_gmt":"2023-10-20T15:17:33","guid":{"rendered":"https:\/\/xamariz.ao\/edg\/?page_id=4183"},"modified":"2023-11-27T17:22:10","modified_gmt":"2023-11-27T17:22:10","slug":"tratamento-de-agua-de-instalacoes","status":"publish","type":"page","link":"https:\/\/edg.ao\/pt\/projectos\/tratamento-de-agua-de-instalacoes\/","title":{"rendered":"Tratamento de \u00c1gua de Instala\u00e7\u00f5es"},"content":{"rendered":"\t\t<div data-elementor-type=\"wp-page\" data-elementor-id=\"4183\" class=\"elementor elementor-4183\">\n\t\t\t\t\t\t<section class=\"elementor-section elementor-top-section elementor-element elementor-element-3338a5d0 elementor-section-content-middle elementor-section-boxed elementor-section-height-default elementor-section-height-default\" data-id=\"3338a5d0\" data-element_type=\"section\">\n\t\t\t\t\t\t<div class=\"elementor-container elementor-column-gap-default\">\n\t\t\t\t\t<div class=\"elementor-column elementor-col-50 elementor-top-column elementor-element elementor-element-2c8b2d40 ot-flex-column-vertical\" data-id=\"2c8b2d40\" data-element_type=\"column\">\n\t\t\t<div class=\"elementor-widget-wrap elementor-element-populated\">\n\t\t\t\t\t\t<div class=\"elementor-element elementor-element-73f9ac4d elementor-widget elementor-widget-text-editor\" data-id=\"73f9ac4d\" data-element_type=\"widget\" data-widget_type=\"text-editor.default\">\n\t\t\t\t<div class=\"elementor-widget-container\">\n\t\t\t<style>\/*! elementor - v3.20.0 - 20-03-2024 *\/\n.elementor-widget-text-editor.elementor-drop-cap-view-stacked .elementor-drop-cap{background-color:#69727d;color:#fff}.elementor-widget-text-editor.elementor-drop-cap-view-framed .elementor-drop-cap{color:#69727d;border:3px solid;background-color:transparent}.elementor-widget-text-editor:not(.elementor-drop-cap-view-default) .elementor-drop-cap{margin-top:8px}.elementor-widget-text-editor:not(.elementor-drop-cap-view-default) .elementor-drop-cap-letter{width:1em;height:1em}.elementor-widget-text-editor .elementor-drop-cap{float:left;text-align:center;line-height:1;font-size:50px}.elementor-widget-text-editor .elementor-drop-cap-letter{display:inline-block}<\/style>\t\t\t\t<p class=\"lead\"><strong><span>Tratamento de \u00c1gua da Instala\u00e7\u00e3o<\/span><\/strong><span>\u00a0\u2013 EDGPA realizou FEED e DE para adi\u00e7\u00e3o de 2 a 20.000 unidades BWPD Wemco abrangendo bombas centr\u00edfugas de \u201clata\u201d de eixo vertical de 2 a 200 HP e uma extens\u00e3o de conv\u00e9s de 135 p\u00e9s x 25 p\u00e9s suspensa abaixo do conv\u00e9s de produ\u00e7\u00e3o.<\/span><\/p><p><span>Gest\u00e3o de Projectos, Design de Tubagens, Instrumenta\u00e7\u00e3o, Engenharia Electrot\u00e9cnica e Apoio \u00e0 Constru\u00e7\u00e3o pela EDG Projectos Angola (EDGPA).<\/span><\/p><p><span>Engenharia e Projecto Estrutural pela EDG Metairie, Louisiana, EUA.<\/span><\/p>\t\t\t\t\t\t<\/div>\n\t\t\t\t<\/div>\n\t\t\t\t\t<\/div>\n\t\t<\/div>\n\t\t\t\t<div class=\"elementor-column elementor-col-50 elementor-top-column elementor-element elementor-element-93bad52 ot-flex-column-vertical\" data-id=\"93bad52\" data-element_type=\"column\">\n\t\t\t<div class=\"elementor-widget-wrap elementor-element-populated\">\n\t\t\t\t\t\t<div class=\"elementor-element elementor-element-ed2881a elementor-widget elementor-widget-premium-addon-banner\" data-id=\"ed2881a\" data-element_type=\"widget\" data-widget_type=\"premium-addon-banner.default\">\n\t\t\t\t<div class=\"elementor-widget-container\">\n\t\t\t\t\t<div class=\"premium-banner-ib premium-banner-min-height premium-banner-animation6 bright\">\r\n\t\t\t\t\t\t\t\t\t\t<img fetchpriority=\"high\" decoding=\"async\" width=\"1250\" height=\"839\" src=\"https:\/\/edg.ao\/pt\/wp-content\/uploads\/2023\/10\/Facility-Water-Treating_Angola_EDG.jpg\" class=\"attachment-full size-full wp-image-4354\" alt=\"Facility Water Treating_Angola_EDG\" srcset=\"https:\/\/edg.ao\/pt\/wp-content\/uploads\/2023\/10\/Facility-Water-Treating_Angola_EDG.jpg 1250w, https:\/\/edg.ao\/pt\/wp-content\/uploads\/2023\/10\/Facility-Water-Treating_Angola_EDG-300x201.jpg 300w, https:\/\/edg.ao\/pt\/wp-content\/uploads\/2023\/10\/Facility-Water-Treating_Angola_EDG-1024x687.jpg 1024w, https:\/\/edg.ao\/pt\/wp-content\/uploads\/2023\/10\/Facility-Water-Treating_Angola_EDG-768x515.jpg 768w\" sizes=\"(max-width: 1250px) 100vw, 1250px\" \/>\t\t\t\t\t\t\t\t\t<div class=\"premium-banner-ib-desc\">\r\n\t\t\t\t\t\t\t\t\t<h2 class=\"premium-banner-ib-title premium_banner_title\"><\/h2>\t\t\t\t\t\t\t\t\t\t\t\t<\/div>\r\n\t\t\t\t\t<\/div>\r\n\t\t\t\t\t\t<\/div>\n\t\t\t\t<\/div>\n\t\t\t\t\t<\/div>\n\t\t<\/div>\n\t\t\t\t\t<\/div>\n\t\t<\/section>\n\t\t\t\t<\/div>\n\t\t","protected":false},"excerpt":{"rendered":"<p>Tratamento de \u00c1gua da Instala\u00e7\u00e3o\u00a0\u2013 EDGPA realizou FEED e DE para adi\u00e7\u00e3o de 2 a 20.000 unidades BWPD Wemco abrangendo bombas centr\u00edfugas de \u201clata\u201d de eixo vertical de 2 a 200 HP e uma extens\u00e3o de conv\u00e9s de 135 p\u00e9s x 25 p\u00e9s suspensa abaixo do conv\u00e9s de produ\u00e7\u00e3o. Gest\u00e3o de Projectos, Design de Tubagens, [&hellip;]<\/p>\n","protected":false},"author":1,"featured_media":4358,"parent":1995,"menu_order":0,"comment_status":"closed","ping_status":"closed","template":"","meta":{"footnotes":""},"class_list":["post-4183","page","type-page","status-publish","has-post-thumbnail","hentry"],"yoast_head":"<!-- This site is optimized with the Yoast SEO plugin v22.8 - https:\/\/yoast.com\/wordpress\/plugins\/seo\/ -->\n<title>Facility Water Treating | EDG Angola<\/title>\n<meta name=\"robots\" content=\"index, follow, max-snippet:-1, max-image-preview:large, max-video-preview:-1\" \/>\n<link rel=\"canonical\" href=\"https:\/\/edg.ao\/pt\/projectos\/tratamento-de-agua-de-instalacoes\/\" \/>\n<meta property=\"og:locale\" content=\"en_US\" \/>\n<meta property=\"og:type\" content=\"article\" \/>\n<meta property=\"og:title\" content=\"Facility Water Treating | EDG Angola\" \/>\n<meta property=\"og:description\" content=\"Tratamento de \u00c1gua da Instala\u00e7\u00e3o\u00a0\u2013 EDGPA realizou FEED e DE para adi\u00e7\u00e3o de 2 a 20.000 unidades BWPD Wemco abrangendo bombas centr\u00edfugas de \u201clata\u201d de eixo vertical de 2 a 200 HP e uma extens\u00e3o de conv\u00e9s de 135 p\u00e9s x 25 p\u00e9s suspensa abaixo do conv\u00e9s de produ\u00e7\u00e3o. Gest\u00e3o de Projectos, Design de Tubagens, [&hellip;]\" \/>\n<meta property=\"og:url\" content=\"https:\/\/edg.ao\/pt\/projectos\/tratamento-de-agua-de-instalacoes\/\" \/>\n<meta property=\"og:site_name\" content=\"EDG Angola\" \/>\n<meta property=\"article:modified_time\" content=\"2023-11-27T17:22:10+00:00\" \/>\n<meta property=\"og:image\" content=\"https:\/\/edg.ao\/pt\/wp-content\/uploads\/2023\/10\/Facility-Water-Treating_EDG.jpg\" \/>\n\t<meta property=\"og:image:width\" content=\"1024\" \/>\n\t<meta property=\"og:image:height\" content=\"680\" \/>\n\t<meta property=\"og:image:type\" content=\"image\/jpeg\" \/>\n<meta name=\"twitter:card\" content=\"summary_large_image\" \/>\n<meta name=\"twitter:label1\" content=\"Est. reading time\" \/>\n\t<meta name=\"twitter:data1\" content=\"1 minute\" \/>\n<script type=\"application\/ld+json\" class=\"yoast-schema-graph\">{\"@context\":\"https:\/\/schema.org\",\"@graph\":[{\"@type\":\"WebPage\",\"@id\":\"https:\/\/edg.ao\/pt\/projectos\/tratamento-de-agua-de-instalacoes\/\",\"url\":\"https:\/\/edg.ao\/pt\/projectos\/tratamento-de-agua-de-instalacoes\/\",\"name\":\"Facility Water Treating | EDG Angola\",\"isPartOf\":{\"@id\":\"https:\/\/edg.ao\/pt\/#website\"},\"primaryImageOfPage\":{\"@id\":\"https:\/\/edg.ao\/pt\/projectos\/tratamento-de-agua-de-instalacoes\/#primaryimage\"},\"image\":{\"@id\":\"https:\/\/edg.ao\/pt\/projectos\/tratamento-de-agua-de-instalacoes\/#primaryimage\"},\"thumbnailUrl\":\"https:\/\/edg.ao\/pt\/wp-content\/uploads\/2023\/10\/Facility-Water-Treating_EDG.jpg\",\"datePublished\":\"2023-10-20T15:17:33+00:00\",\"dateModified\":\"2023-11-27T17:22:10+00:00\",\"breadcrumb\":{\"@id\":\"https:\/\/edg.ao\/pt\/projectos\/tratamento-de-agua-de-instalacoes\/#breadcrumb\"},\"inLanguage\":\"en-US\",\"potentialAction\":[{\"@type\":\"ReadAction\",\"target\":[\"https:\/\/edg.ao\/pt\/projectos\/tratamento-de-agua-de-instalacoes\/\"]}]},{\"@type\":\"ImageObject\",\"inLanguage\":\"en-US\",\"@id\":\"https:\/\/edg.ao\/pt\/projectos\/tratamento-de-agua-de-instalacoes\/#primaryimage\",\"url\":\"https:\/\/edg.ao\/pt\/wp-content\/uploads\/2023\/10\/Facility-Water-Treating_EDG.jpg\",\"contentUrl\":\"https:\/\/edg.ao\/pt\/wp-content\/uploads\/2023\/10\/Facility-Water-Treating_EDG.jpg\",\"width\":1024,\"height\":680,\"caption\":\"Facility Water Treating EDG\"},{\"@type\":\"BreadcrumbList\",\"@id\":\"https:\/\/edg.ao\/pt\/projectos\/tratamento-de-agua-de-instalacoes\/#breadcrumb\",\"itemListElement\":[{\"@type\":\"ListItem\",\"position\":1,\"name\":\"Home\",\"item\":\"https:\/\/edg.ao\/pt\/\"},{\"@type\":\"ListItem\",\"position\":2,\"name\":\"Projectos\",\"item\":\"https:\/\/edg.ao\/pt\/projectos\/\"},{\"@type\":\"ListItem\",\"position\":3,\"name\":\"Tratamento de \u00c1gua de Instala\u00e7\u00f5es\"}]},{\"@type\":\"WebSite\",\"@id\":\"https:\/\/edg.ao\/pt\/#website\",\"url\":\"https:\/\/edg.ao\/pt\/\",\"name\":\"EDG - Projectos Angola, Lda\",\"description\":\"Projectos Angola, Lda.\",\"publisher\":{\"@id\":\"https:\/\/edg.ao\/pt\/#organization\"},\"potentialAction\":[{\"@type\":\"SearchAction\",\"target\":{\"@type\":\"EntryPoint\",\"urlTemplate\":\"https:\/\/edg.ao\/pt\/?s={search_term_string}\"},\"query-input\":\"required name=search_term_string\"}],\"inLanguage\":\"en-US\"},{\"@type\":\"Organization\",\"@id\":\"https:\/\/edg.ao\/pt\/#organization\",\"name\":\"EDG - Projectos Angola, Lda\",\"url\":\"https:\/\/edg.ao\/pt\/\",\"logo\":{\"@type\":\"ImageObject\",\"inLanguage\":\"en-US\",\"@id\":\"https:\/\/edg.ao\/pt\/#\/schema\/logo\/image\/\",\"url\":\"https:\/\/edg.ao\/pt\/wp-content\/uploads\/2020\/07\/edg-logo.png\",\"contentUrl\":\"https:\/\/edg.ao\/pt\/wp-content\/uploads\/2020\/07\/edg-logo.png\",\"width\":149,\"height\":50,\"caption\":\"EDG - Projectos Angola, Lda\"},\"image\":{\"@id\":\"https:\/\/edg.ao\/pt\/#\/schema\/logo\/image\/\"}}]}<\/script>\n<!-- \/ Yoast SEO plugin. -->","yoast_head_json":{"title":"Facility Water Treating | EDG Angola","robots":{"index":"index","follow":"follow","max-snippet":"max-snippet:-1","max-image-preview":"max-image-preview:large","max-video-preview":"max-video-preview:-1"},"canonical":"https:\/\/edg.ao\/pt\/projectos\/tratamento-de-agua-de-instalacoes\/","og_locale":"en_US","og_type":"article","og_title":"Facility Water Treating | EDG Angola","og_description":"Tratamento de \u00c1gua da Instala\u00e7\u00e3o\u00a0\u2013 EDGPA realizou FEED e DE para adi\u00e7\u00e3o de 2 a 20.000 unidades BWPD Wemco abrangendo bombas centr\u00edfugas de \u201clata\u201d de eixo vertical de 2 a 200 HP e uma extens\u00e3o de conv\u00e9s de 135 p\u00e9s x 25 p\u00e9s suspensa abaixo do conv\u00e9s de produ\u00e7\u00e3o. Gest\u00e3o de Projectos, Design de Tubagens, [&hellip;]","og_url":"https:\/\/edg.ao\/pt\/projectos\/tratamento-de-agua-de-instalacoes\/","og_site_name":"EDG Angola","article_modified_time":"2023-11-27T17:22:10+00:00","og_image":[{"width":1024,"height":680,"url":"https:\/\/edg.ao\/pt\/wp-content\/uploads\/2023\/10\/Facility-Water-Treating_EDG.jpg","type":"image\/jpeg"}],"twitter_card":"summary_large_image","twitter_misc":{"Est. reading time":"1 minute"},"schema":{"@context":"https:\/\/schema.org","@graph":[{"@type":"WebPage","@id":"https:\/\/edg.ao\/pt\/projectos\/tratamento-de-agua-de-instalacoes\/","url":"https:\/\/edg.ao\/pt\/projectos\/tratamento-de-agua-de-instalacoes\/","name":"Facility Water Treating | EDG Angola","isPartOf":{"@id":"https:\/\/edg.ao\/pt\/#website"},"primaryImageOfPage":{"@id":"https:\/\/edg.ao\/pt\/projectos\/tratamento-de-agua-de-instalacoes\/#primaryimage"},"image":{"@id":"https:\/\/edg.ao\/pt\/projectos\/tratamento-de-agua-de-instalacoes\/#primaryimage"},"thumbnailUrl":"https:\/\/edg.ao\/pt\/wp-content\/uploads\/2023\/10\/Facility-Water-Treating_EDG.jpg","datePublished":"2023-10-20T15:17:33+00:00","dateModified":"2023-11-27T17:22:10+00:00","breadcrumb":{"@id":"https:\/\/edg.ao\/pt\/projectos\/tratamento-de-agua-de-instalacoes\/#breadcrumb"},"inLanguage":"en-US","potentialAction":[{"@type":"ReadAction","target":["https:\/\/edg.ao\/pt\/projectos\/tratamento-de-agua-de-instalacoes\/"]}]},{"@type":"ImageObject","inLanguage":"en-US","@id":"https:\/\/edg.ao\/pt\/projectos\/tratamento-de-agua-de-instalacoes\/#primaryimage","url":"https:\/\/edg.ao\/pt\/wp-content\/uploads\/2023\/10\/Facility-Water-Treating_EDG.jpg","contentUrl":"https:\/\/edg.ao\/pt\/wp-content\/uploads\/2023\/10\/Facility-Water-Treating_EDG.jpg","width":1024,"height":680,"caption":"Facility Water Treating EDG"},{"@type":"BreadcrumbList","@id":"https:\/\/edg.ao\/pt\/projectos\/tratamento-de-agua-de-instalacoes\/#breadcrumb","itemListElement":[{"@type":"ListItem","position":1,"name":"Home","item":"https:\/\/edg.ao\/pt\/"},{"@type":"ListItem","position":2,"name":"Projectos","item":"https:\/\/edg.ao\/pt\/projectos\/"},{"@type":"ListItem","position":3,"name":"Tratamento de \u00c1gua de Instala\u00e7\u00f5es"}]},{"@type":"WebSite","@id":"https:\/\/edg.ao\/pt\/#website","url":"https:\/\/edg.ao\/pt\/","name":"EDG - Projectos Angola, Lda","description":"Projectos Angola, Lda.","publisher":{"@id":"https:\/\/edg.ao\/pt\/#organization"},"potentialAction":[{"@type":"SearchAction","target":{"@type":"EntryPoint","urlTemplate":"https:\/\/edg.ao\/pt\/?s={search_term_string}"},"query-input":"required name=search_term_string"}],"inLanguage":"en-US"},{"@type":"Organization","@id":"https:\/\/edg.ao\/pt\/#organization","name":"EDG - Projectos Angola, Lda","url":"https:\/\/edg.ao\/pt\/","logo":{"@type":"ImageObject","inLanguage":"en-US","@id":"https:\/\/edg.ao\/pt\/#\/schema\/logo\/image\/","url":"https:\/\/edg.ao\/pt\/wp-content\/uploads\/2020\/07\/edg-logo.png","contentUrl":"https:\/\/edg.ao\/pt\/wp-content\/uploads\/2020\/07\/edg-logo.png","width":149,"height":50,"caption":"EDG - Projectos Angola, Lda"},"image":{"@id":"https:\/\/edg.ao\/pt\/#\/schema\/logo\/image\/"}}]}},"_links":{"self":[{"href":"https:\/\/edg.ao\/pt\/wp-json\/wp\/v2\/pages\/4183","targetHints":{"allow":["GET"]}}],"collection":[{"href":"https:\/\/edg.ao\/pt\/wp-json\/wp\/v2\/pages"}],"about":[{"href":"https:\/\/edg.ao\/pt\/wp-json\/wp\/v2\/types\/page"}],"author":[{"embeddable":true,"href":"https:\/\/edg.ao\/pt\/wp-json\/wp\/v2\/users\/1"}],"replies":[{"embeddable":true,"href":"https:\/\/edg.ao\/pt\/wp-json\/wp\/v2\/comments?post=4183"}],"version-history":[{"count":37,"href":"https:\/\/edg.ao\/pt\/wp-json\/wp\/v2\/pages\/4183\/revisions"}],"predecessor-version":[{"id":5258,"href":"https:\/\/edg.ao\/pt\/wp-json\/wp\/v2\/pages\/4183\/revisions\/5258"}],"up":[{"embeddable":true,"href":"https:\/\/edg.ao\/pt\/wp-json\/wp\/v2\/pages\/1995"}],"wp:featuredmedia":[{"embeddable":true,"href":"https:\/\/edg.ao\/pt\/wp-json\/wp\/v2\/media\/4358"}],"wp:attachment":[{"href":"https:\/\/edg.ao\/pt\/wp-json\/wp\/v2\/media?parent=4183"}],"curies":[{"name":"wp","href":"https:\/\/api.w.org\/{rel}","templated":true}]}}