{"id":4210,"date":"2023-10-20T16:23:52","date_gmt":"2023-10-20T16:23:52","guid":{"rendered":"https:\/\/xamariz.ao\/edg\/?page_id=4210"},"modified":"2023-11-27T17:23:49","modified_gmt":"2023-11-27T17:23:49","slug":"avaliacao-do-sistema-de-flare-e-alivio","status":"publish","type":"page","link":"https:\/\/edg.ao\/pt\/projectos\/avaliacao-do-sistema-de-flare-e-alivio\/","title":{"rendered":"Avalia\u00e7\u00e3o do Sistema de Flare e Al\u00edvio"},"content":{"rendered":"\t\t<div data-elementor-type=\"wp-page\" data-elementor-id=\"4210\" class=\"elementor elementor-4210\">\n\t\t\t\t\t\t<section class=\"elementor-section elementor-top-section elementor-element elementor-element-3338a5d0 elementor-section-boxed elementor-section-height-default elementor-section-height-default\" data-id=\"3338a5d0\" data-element_type=\"section\">\n\t\t\t\t\t\t<div class=\"elementor-container elementor-column-gap-default\">\n\t\t\t\t\t<div class=\"elementor-column elementor-col-100 elementor-top-column elementor-element elementor-element-2c8b2d40 ot-flex-column-vertical\" data-id=\"2c8b2d40\" data-element_type=\"column\">\n\t\t\t<div class=\"elementor-widget-wrap elementor-element-populated\">\n\t\t\t\t\t\t<section class=\"elementor-section elementor-inner-section elementor-element elementor-element-b5f4915 elementor-section-full_width elementor-section-height-default elementor-section-height-default\" data-id=\"b5f4915\" data-element_type=\"section\">\n\t\t\t\t\t\t<div class=\"elementor-container elementor-column-gap-default\">\n\t\t\t\t\t<div class=\"elementor-column elementor-col-50 elementor-inner-column elementor-element elementor-element-dd0ea63 elementor-hidden-mobile ot-flex-column-vertical\" data-id=\"dd0ea63\" data-element_type=\"column\">\n\t\t\t<div class=\"elementor-widget-wrap elementor-element-populated\">\n\t\t\t\t\t\t<div class=\"elementor-element elementor-element-62d7e93 elementor-widget elementor-widget-image\" data-id=\"62d7e93\" data-element_type=\"widget\" data-widget_type=\"image.default\">\n\t\t\t\t<div class=\"elementor-widget-container\">\n\t\t\t<style>\/*! elementor - v3.20.0 - 20-03-2024 *\/\n.elementor-widget-image{text-align:center}.elementor-widget-image a{display:inline-block}.elementor-widget-image a img[src$=\".svg\"]{width:48px}.elementor-widget-image img{vertical-align:middle;display:inline-block}<\/style>\t\t\t\t\t\t\t\t\t\t<img fetchpriority=\"high\" decoding=\"async\" width=\"640\" height=\"492\" src=\"https:\/\/edg.ao\/pt\/wp-content\/uploads\/2023\/11\/Flare-And-Relief-System-Assessment-EDG-Angola.png\" class=\"attachment-large size-large wp-image-4542\" alt=\"Flare And Relief System Assessment-EDG Angola\" srcset=\"https:\/\/edg.ao\/pt\/wp-content\/uploads\/2023\/11\/Flare-And-Relief-System-Assessment-EDG-Angola.png 640w, https:\/\/edg.ao\/pt\/wp-content\/uploads\/2023\/11\/Flare-And-Relief-System-Assessment-EDG-Angola-300x231.png 300w\" sizes=\"(max-width: 640px) 100vw, 640px\" \/>\t\t\t\t\t\t\t\t\t\t\t\t\t<\/div>\n\t\t\t\t<\/div>\n\t\t\t\t\t<\/div>\n\t\t<\/div>\n\t\t\t\t<div class=\"elementor-column elementor-col-50 elementor-inner-column elementor-element elementor-element-ca8a074 ot-flex-column-vertical\" data-id=\"ca8a074\" data-element_type=\"column\">\n\t\t\t<div class=\"elementor-widget-wrap elementor-element-populated\">\n\t\t\t\t\t\t<div class=\"elementor-element elementor-element-3ad4f05 elementor-widget elementor-widget-heading\" data-id=\"3ad4f05\" data-element_type=\"widget\" data-widget_type=\"heading.default\">\n\t\t\t\t<div class=\"elementor-widget-container\">\n\t\t\t<style>\/*! elementor - v3.20.0 - 20-03-2024 *\/\n.elementor-heading-title{padding:0;margin:0;line-height:1}.elementor-widget-heading .elementor-heading-title[class*=elementor-size-]>a{color:inherit;font-size:inherit;line-height:inherit}.elementor-widget-heading .elementor-heading-title.elementor-size-small{font-size:15px}.elementor-widget-heading .elementor-heading-title.elementor-size-medium{font-size:19px}.elementor-widget-heading .elementor-heading-title.elementor-size-large{font-size:29px}.elementor-widget-heading .elementor-heading-title.elementor-size-xl{font-size:39px}.elementor-widget-heading .elementor-heading-title.elementor-size-xxl{font-size:59px}<\/style><h2 class=\"elementor-heading-title elementor-size-default\">A EDGPA forneceu o seguinte para uma avalia\u00e7\u00e3o do sistema de flare e al\u00edvio:<\/h2>\t\t<\/div>\n\t\t\t\t<\/div>\n\t\t\t\t<div class=\"elementor-element elementor-element-db26d16 elementor-align-left elementor-icon-list--layout-traditional elementor-list-item-link-full_width elementor-widget elementor-widget-icon-list\" data-id=\"db26d16\" data-element_type=\"widget\" data-widget_type=\"icon-list.default\">\n\t\t\t\t<div class=\"elementor-widget-container\">\n\t\t\t<link rel=\"stylesheet\" href=\"https:\/\/edg.ao\/pt\/wp-content\/plugins\/elementor\/assets\/css\/widget-icon-list.min.css\">\t\t<ul class=\"elementor-icon-list-items\">\n\t\t\t\t\t\t\t<li class=\"elementor-icon-list-item\">\n\t\t\t\t\t\t\t\t\t\t\t<span class=\"elementor-icon-list-icon\">\n\t\t\t\t\t\t\t<i aria-hidden=\"true\" class=\"fas fa-dot-circle\"><\/i>\t\t\t\t\t\t<\/span>\n\t\t\t\t\t\t\t\t\t\t<span class=\"elementor-icon-list-text\">Avaliamos o sistema de dispositivos de sinaliza\u00e7\u00e3o e al\u00edvio de 9 plataformas\/instala\u00e7\u00f5es<\/span>\n\t\t\t\t\t\t\t\t\t<\/li>\n\t\t\t\t\t\t\t\t<li class=\"elementor-icon-list-item\">\n\t\t\t\t\t\t\t\t\t\t\t<span class=\"elementor-icon-list-icon\">\n\t\t\t\t\t\t\t<i aria-hidden=\"true\" class=\"fas fa-dot-circle\"><\/i>\t\t\t\t\t\t<\/span>\n\t\t\t\t\t\t\t\t\t\t<span class=\"elementor-icon-list-text\">Compara\u00e7\u00e3o das informa\u00e7\u00f5es existentes com os padr\u00f5es de engenharia do produtor aplic\u00e1veis<\/span>\n\t\t\t\t\t\t\t\t\t<\/li>\n\t\t\t\t\t\t\t\t<li class=\"elementor-icon-list-item\">\n\t\t\t\t\t\t\t\t\t\t\t<span class=\"elementor-icon-list-icon\">\n\t\t\t\t\t\t\t<i aria-hidden=\"true\" class=\"fas fa-dot-circle\"><\/i>\t\t\t\t\t\t<\/span>\n\t\t\t\t\t\t\t\t\t\t<span class=\"elementor-icon-list-text\">Gerenciamento de projectos<\/span>\n\t\t\t\t\t\t\t\t\t<\/li>\n\t\t\t\t\t\t\t\t<li class=\"elementor-icon-list-item\">\n\t\t\t\t\t\t\t\t\t\t\t<span class=\"elementor-icon-list-icon\">\n\t\t\t\t\t\t\t<i aria-hidden=\"true\" class=\"fas fa-dot-circle\"><\/i>\t\t\t\t\t\t<\/span>\n\t\t\t\t\t\t\t\t\t\t<span class=\"elementor-icon-list-text\">Simula\u00e7\u00e3o de Processos (Hysis, iPRSM e Flaresim)<\/span>\n\t\t\t\t\t\t\t\t\t<\/li>\n\t\t\t\t\t\t\t\t<li class=\"elementor-icon-list-item\">\n\t\t\t\t\t\t\t\t\t\t\t<span class=\"elementor-icon-list-icon\">\n\t\t\t\t\t\t\t<i aria-hidden=\"true\" class=\"fas fa-dot-circle\"><\/i>\t\t\t\t\t\t<\/span>\n\t\t\t\t\t\t\t\t\t\t<span class=\"elementor-icon-list-text\"> 23.559 horas-homem para concluir o estudo<\/span>\n\t\t\t\t\t\t\t\t\t<\/li>\n\t\t\t\t\t\t<\/ul>\n\t\t\t\t<\/div>\n\t\t\t\t<\/div>\n\t\t\t\t\t<\/div>\n\t\t<\/div>\n\t\t\t\t\t<\/div>\n\t\t<\/section>\n\t\t\t\t<section class=\"elementor-section elementor-inner-section elementor-element elementor-element-57bf663 elementor-section-full_width elementor-section-height-default elementor-section-height-default\" data-id=\"57bf663\" data-element_type=\"section\">\n\t\t\t\t\t\t<div class=\"elementor-container elementor-column-gap-default\">\n\t\t\t\t\t<div class=\"elementor-column elementor-col-50 elementor-inner-column elementor-element elementor-element-9e7246b elementor-hidden-desktop elementor-hidden-tablet ot-flex-column-vertical\" data-id=\"9e7246b\" data-element_type=\"column\">\n\t\t\t<div class=\"elementor-widget-wrap elementor-element-populated\">\n\t\t\t\t\t\t<div class=\"elementor-element elementor-element-5483fd3 elementor-widget elementor-widget-image\" data-id=\"5483fd3\" data-element_type=\"widget\" data-widget_type=\"image.default\">\n\t\t\t\t<div class=\"elementor-widget-container\">\n\t\t\t\t\t\t\t\t\t\t\t\t\t<img fetchpriority=\"high\" decoding=\"async\" width=\"640\" height=\"492\" src=\"https:\/\/edg.ao\/pt\/wp-content\/uploads\/2023\/11\/Flare-And-Relief-System-Assessment-EDG-Angola.png\" class=\"attachment-large size-large wp-image-4542\" alt=\"Flare And Relief System Assessment-EDG Angola\" srcset=\"https:\/\/edg.ao\/pt\/wp-content\/uploads\/2023\/11\/Flare-And-Relief-System-Assessment-EDG-Angola.png 640w, https:\/\/edg.ao\/pt\/wp-content\/uploads\/2023\/11\/Flare-And-Relief-System-Assessment-EDG-Angola-300x231.png 300w\" sizes=\"(max-width: 640px) 100vw, 640px\" \/>\t\t\t\t\t\t\t\t\t\t\t\t\t<\/div>\n\t\t\t\t<\/div>\n\t\t\t\t\t<\/div>\n\t\t<\/div>\n\t\t\t\t<div class=\"elementor-column elementor-col-50 elementor-inner-column elementor-element elementor-element-af7fa8c elementor-hidden-desktop elementor-hidden-tablet elementor-hidden-mobile ot-flex-column-vertical\" data-id=\"af7fa8c\" data-element_type=\"column\">\n\t\t\t<div class=\"elementor-widget-wrap elementor-element-populated\">\n\t\t\t\t\t\t<div class=\"elementor-element elementor-element-43ff5b7 elementor-widget elementor-widget-heading\" data-id=\"43ff5b7\" data-element_type=\"widget\" data-widget_type=\"heading.default\">\n\t\t\t\t<div class=\"elementor-widget-container\">\n\t\t\t<h2 class=\"elementor-heading-title elementor-size-default\">EDGPA provided the following for a flare and relief system assessment:<\/h2>\t\t<\/div>\n\t\t\t\t<\/div>\n\t\t\t\t<div class=\"elementor-element elementor-element-6282511 elementor-align-left elementor-icon-list--layout-traditional elementor-list-item-link-full_width elementor-widget elementor-widget-icon-list\" data-id=\"6282511\" data-element_type=\"widget\" data-widget_type=\"icon-list.default\">\n\t\t\t\t<div class=\"elementor-widget-container\">\n\t\t\t\t\t<ul class=\"elementor-icon-list-items\">\n\t\t\t\t\t\t\t<li class=\"elementor-icon-list-item\">\n\t\t\t\t\t\t\t\t\t\t\t<span class=\"elementor-icon-list-icon\">\n\t\t\t\t\t\t\t<i aria-hidden=\"true\" class=\"fas fa-dot-circle\"><\/i>\t\t\t\t\t\t<\/span>\n\t\t\t\t\t\t\t\t\t\t<span class=\"elementor-icon-list-text\">Evaluated the Flare & Relief Devices System of 9 platform\/facilities<\/span>\n\t\t\t\t\t\t\t\t\t<\/li>\n\t\t\t\t\t\t\t\t<li class=\"elementor-icon-list-item\">\n\t\t\t\t\t\t\t\t\t\t\t<span class=\"elementor-icon-list-icon\">\n\t\t\t\t\t\t\t<i aria-hidden=\"true\" class=\"fas fa-dot-circle\"><\/i>\t\t\t\t\t\t<\/span>\n\t\t\t\t\t\t\t\t\t\t<span class=\"elementor-icon-list-text\">Compared existing information with applicable producer engineering standards<\/span>\n\t\t\t\t\t\t\t\t\t<\/li>\n\t\t\t\t\t\t\t\t<li class=\"elementor-icon-list-item\">\n\t\t\t\t\t\t\t\t\t\t\t<span class=\"elementor-icon-list-icon\">\n\t\t\t\t\t\t\t<i aria-hidden=\"true\" class=\"fas fa-dot-circle\"><\/i>\t\t\t\t\t\t<\/span>\n\t\t\t\t\t\t\t\t\t\t<span class=\"elementor-icon-list-text\">Project management<\/span>\n\t\t\t\t\t\t\t\t\t<\/li>\n\t\t\t\t\t\t\t\t<li class=\"elementor-icon-list-item\">\n\t\t\t\t\t\t\t\t\t\t\t<span class=\"elementor-icon-list-icon\">\n\t\t\t\t\t\t\t<i aria-hidden=\"true\" class=\"fas fa-dot-circle\"><\/i>\t\t\t\t\t\t<\/span>\n\t\t\t\t\t\t\t\t\t\t<span class=\"elementor-icon-list-text\">Process Simulation (Hysis, iPRSM & Flaresim)<\/span>\n\t\t\t\t\t\t\t\t\t<\/li>\n\t\t\t\t\t\t\t\t<li class=\"elementor-icon-list-item\">\n\t\t\t\t\t\t\t\t\t\t\t<span class=\"elementor-icon-list-icon\">\n\t\t\t\t\t\t\t<i aria-hidden=\"true\" class=\"fas fa-dot-circle\"><\/i>\t\t\t\t\t\t<\/span>\n\t\t\t\t\t\t\t\t\t\t<span class=\"elementor-icon-list-text\">23,559 man-hours to complete the study<\/span>\n\t\t\t\t\t\t\t\t\t<\/li>\n\t\t\t\t\t\t<\/ul>\n\t\t\t\t<\/div>\n\t\t\t\t<\/div>\n\t\t\t\t\t<\/div>\n\t\t<\/div>\n\t\t\t\t\t<\/div>\n\t\t<\/section>\n\t\t\t\t\t<\/div>\n\t\t<\/div>\n\t\t\t\t\t<\/div>\n\t\t<\/section>\n\t\t\t\t<\/div>\n\t\t","protected":false},"excerpt":{"rendered":"<p>A EDGPA forneceu o seguinte para uma avalia\u00e7\u00e3o do sistema de flare e al\u00edvio: Avaliamos o sistema de dispositivos de sinaliza\u00e7\u00e3o e al\u00edvio de 9 plataformas\/instala\u00e7\u00f5es Compara\u00e7\u00e3o das informa\u00e7\u00f5es existentes com os padr\u00f5es de engenharia do produtor aplic\u00e1veis Gerenciamento de projectos Simula\u00e7\u00e3o de Processos (Hysis, iPRSM e Flaresim) 23.559 horas-homem para concluir o estudo EDGPA [&hellip;]<\/p>\n","protected":false},"author":1,"featured_media":4360,"parent":1995,"menu_order":0,"comment_status":"closed","ping_status":"closed","template":"","meta":{"footnotes":""},"class_list":["post-4210","page","type-page","status-publish","has-post-thumbnail","hentry"],"yoast_head":"<!-- This site is optimized with the Yoast SEO plugin v22.8 - https:\/\/yoast.com\/wordpress\/plugins\/seo\/ -->\n<title>Flare And Relief System Assessment | EDG Angola<\/title>\n<meta name=\"robots\" content=\"index, follow, max-snippet:-1, max-image-preview:large, max-video-preview:-1\" \/>\n<link rel=\"canonical\" href=\"https:\/\/edg.ao\/pt\/projectos\/avaliacao-do-sistema-de-flare-e-alivio\/\" \/>\n<meta property=\"og:locale\" content=\"en_US\" \/>\n<meta property=\"og:type\" content=\"article\" \/>\n<meta property=\"og:title\" content=\"Flare And Relief System Assessment | EDG Angola\" \/>\n<meta property=\"og:description\" content=\"A EDGPA forneceu o seguinte para uma avalia\u00e7\u00e3o do sistema de flare e al\u00edvio: Avaliamos o sistema de dispositivos de sinaliza\u00e7\u00e3o e al\u00edvio de 9 plataformas\/instala\u00e7\u00f5es Compara\u00e7\u00e3o das informa\u00e7\u00f5es existentes com os padr\u00f5es de engenharia do produtor aplic\u00e1veis Gerenciamento de projectos Simula\u00e7\u00e3o de Processos (Hysis, iPRSM e Flaresim) 23.559 horas-homem para concluir o estudo EDGPA [&hellip;]\" \/>\n<meta property=\"og:url\" content=\"https:\/\/edg.ao\/pt\/projectos\/avaliacao-do-sistema-de-flare-e-alivio\/\" \/>\n<meta property=\"og:site_name\" content=\"EDG Angola\" \/>\n<meta property=\"article:modified_time\" content=\"2023-11-27T17:23:49+00:00\" \/>\n<meta property=\"og:image\" content=\"https:\/\/edg.ao\/pt\/wp-content\/uploads\/2023\/10\/Flare-And-Relief-System-Assessment_EDG-Angola.jpg\" \/>\n\t<meta property=\"og:image:width\" content=\"1080\" \/>\n\t<meta property=\"og:image:height\" content=\"679\" \/>\n\t<meta property=\"og:image:type\" content=\"image\/jpeg\" \/>\n<meta name=\"twitter:card\" content=\"summary_large_image\" \/>\n<meta name=\"twitter:label1\" content=\"Est. reading time\" \/>\n\t<meta name=\"twitter:data1\" content=\"1 minute\" \/>\n<script type=\"application\/ld+json\" class=\"yoast-schema-graph\">{\"@context\":\"https:\/\/schema.org\",\"@graph\":[{\"@type\":\"WebPage\",\"@id\":\"https:\/\/edg.ao\/pt\/projectos\/avaliacao-do-sistema-de-flare-e-alivio\/\",\"url\":\"https:\/\/edg.ao\/pt\/projectos\/avaliacao-do-sistema-de-flare-e-alivio\/\",\"name\":\"Flare And Relief System Assessment | EDG Angola\",\"isPartOf\":{\"@id\":\"https:\/\/edg.ao\/pt\/#website\"},\"primaryImageOfPage\":{\"@id\":\"https:\/\/edg.ao\/pt\/projectos\/avaliacao-do-sistema-de-flare-e-alivio\/#primaryimage\"},\"image\":{\"@id\":\"https:\/\/edg.ao\/pt\/projectos\/avaliacao-do-sistema-de-flare-e-alivio\/#primaryimage\"},\"thumbnailUrl\":\"https:\/\/edg.ao\/pt\/wp-content\/uploads\/2023\/10\/Flare-And-Relief-System-Assessment_EDG-Angola.jpg\",\"datePublished\":\"2023-10-20T16:23:52+00:00\",\"dateModified\":\"2023-11-27T17:23:49+00:00\",\"breadcrumb\":{\"@id\":\"https:\/\/edg.ao\/pt\/projectos\/avaliacao-do-sistema-de-flare-e-alivio\/#breadcrumb\"},\"inLanguage\":\"en-US\",\"potentialAction\":[{\"@type\":\"ReadAction\",\"target\":[\"https:\/\/edg.ao\/pt\/projectos\/avaliacao-do-sistema-de-flare-e-alivio\/\"]}]},{\"@type\":\"ImageObject\",\"inLanguage\":\"en-US\",\"@id\":\"https:\/\/edg.ao\/pt\/projectos\/avaliacao-do-sistema-de-flare-e-alivio\/#primaryimage\",\"url\":\"https:\/\/edg.ao\/pt\/wp-content\/uploads\/2023\/10\/Flare-And-Relief-System-Assessment_EDG-Angola.jpg\",\"contentUrl\":\"https:\/\/edg.ao\/pt\/wp-content\/uploads\/2023\/10\/Flare-And-Relief-System-Assessment_EDG-Angola.jpg\",\"width\":1080,\"height\":679,\"caption\":\"Flare And Relief System Assessment EDG - Angola\"},{\"@type\":\"BreadcrumbList\",\"@id\":\"https:\/\/edg.ao\/pt\/projectos\/avaliacao-do-sistema-de-flare-e-alivio\/#breadcrumb\",\"itemListElement\":[{\"@type\":\"ListItem\",\"position\":1,\"name\":\"Home\",\"item\":\"https:\/\/edg.ao\/pt\/\"},{\"@type\":\"ListItem\",\"position\":2,\"name\":\"Projectos\",\"item\":\"https:\/\/edg.ao\/pt\/projectos\/\"},{\"@type\":\"ListItem\",\"position\":3,\"name\":\"Avalia\u00e7\u00e3o do Sistema de Flare e Al\u00edvio\"}]},{\"@type\":\"WebSite\",\"@id\":\"https:\/\/edg.ao\/pt\/#website\",\"url\":\"https:\/\/edg.ao\/pt\/\",\"name\":\"EDG - Projectos Angola, Lda\",\"description\":\"Projectos Angola, Lda.\",\"publisher\":{\"@id\":\"https:\/\/edg.ao\/pt\/#organization\"},\"potentialAction\":[{\"@type\":\"SearchAction\",\"target\":{\"@type\":\"EntryPoint\",\"urlTemplate\":\"https:\/\/edg.ao\/pt\/?s={search_term_string}\"},\"query-input\":\"required name=search_term_string\"}],\"inLanguage\":\"en-US\"},{\"@type\":\"Organization\",\"@id\":\"https:\/\/edg.ao\/pt\/#organization\",\"name\":\"EDG - Projectos Angola, Lda\",\"url\":\"https:\/\/edg.ao\/pt\/\",\"logo\":{\"@type\":\"ImageObject\",\"inLanguage\":\"en-US\",\"@id\":\"https:\/\/edg.ao\/pt\/#\/schema\/logo\/image\/\",\"url\":\"https:\/\/edg.ao\/pt\/wp-content\/uploads\/2020\/07\/edg-logo.png\",\"contentUrl\":\"https:\/\/edg.ao\/pt\/wp-content\/uploads\/2020\/07\/edg-logo.png\",\"width\":149,\"height\":50,\"caption\":\"EDG - Projectos Angola, Lda\"},\"image\":{\"@id\":\"https:\/\/edg.ao\/pt\/#\/schema\/logo\/image\/\"}}]}<\/script>\n<!-- \/ Yoast SEO plugin. -->","yoast_head_json":{"title":"Flare And Relief System Assessment | EDG Angola","robots":{"index":"index","follow":"follow","max-snippet":"max-snippet:-1","max-image-preview":"max-image-preview:large","max-video-preview":"max-video-preview:-1"},"canonical":"https:\/\/edg.ao\/pt\/projectos\/avaliacao-do-sistema-de-flare-e-alivio\/","og_locale":"en_US","og_type":"article","og_title":"Flare And Relief System Assessment | EDG Angola","og_description":"A EDGPA forneceu o seguinte para uma avalia\u00e7\u00e3o do sistema de flare e al\u00edvio: Avaliamos o sistema de dispositivos de sinaliza\u00e7\u00e3o e al\u00edvio de 9 plataformas\/instala\u00e7\u00f5es Compara\u00e7\u00e3o das informa\u00e7\u00f5es existentes com os padr\u00f5es de engenharia do produtor aplic\u00e1veis Gerenciamento de projectos Simula\u00e7\u00e3o de Processos (Hysis, iPRSM e Flaresim) 23.559 horas-homem para concluir o estudo EDGPA [&hellip;]","og_url":"https:\/\/edg.ao\/pt\/projectos\/avaliacao-do-sistema-de-flare-e-alivio\/","og_site_name":"EDG Angola","article_modified_time":"2023-11-27T17:23:49+00:00","og_image":[{"width":1080,"height":679,"url":"https:\/\/edg.ao\/pt\/wp-content\/uploads\/2023\/10\/Flare-And-Relief-System-Assessment_EDG-Angola.jpg","type":"image\/jpeg"}],"twitter_card":"summary_large_image","twitter_misc":{"Est. reading time":"1 minute"},"schema":{"@context":"https:\/\/schema.org","@graph":[{"@type":"WebPage","@id":"https:\/\/edg.ao\/pt\/projectos\/avaliacao-do-sistema-de-flare-e-alivio\/","url":"https:\/\/edg.ao\/pt\/projectos\/avaliacao-do-sistema-de-flare-e-alivio\/","name":"Flare And Relief System Assessment | EDG Angola","isPartOf":{"@id":"https:\/\/edg.ao\/pt\/#website"},"primaryImageOfPage":{"@id":"https:\/\/edg.ao\/pt\/projectos\/avaliacao-do-sistema-de-flare-e-alivio\/#primaryimage"},"image":{"@id":"https:\/\/edg.ao\/pt\/projectos\/avaliacao-do-sistema-de-flare-e-alivio\/#primaryimage"},"thumbnailUrl":"https:\/\/edg.ao\/pt\/wp-content\/uploads\/2023\/10\/Flare-And-Relief-System-Assessment_EDG-Angola.jpg","datePublished":"2023-10-20T16:23:52+00:00","dateModified":"2023-11-27T17:23:49+00:00","breadcrumb":{"@id":"https:\/\/edg.ao\/pt\/projectos\/avaliacao-do-sistema-de-flare-e-alivio\/#breadcrumb"},"inLanguage":"en-US","potentialAction":[{"@type":"ReadAction","target":["https:\/\/edg.ao\/pt\/projectos\/avaliacao-do-sistema-de-flare-e-alivio\/"]}]},{"@type":"ImageObject","inLanguage":"en-US","@id":"https:\/\/edg.ao\/pt\/projectos\/avaliacao-do-sistema-de-flare-e-alivio\/#primaryimage","url":"https:\/\/edg.ao\/pt\/wp-content\/uploads\/2023\/10\/Flare-And-Relief-System-Assessment_EDG-Angola.jpg","contentUrl":"https:\/\/edg.ao\/pt\/wp-content\/uploads\/2023\/10\/Flare-And-Relief-System-Assessment_EDG-Angola.jpg","width":1080,"height":679,"caption":"Flare And Relief System Assessment EDG - Angola"},{"@type":"BreadcrumbList","@id":"https:\/\/edg.ao\/pt\/projectos\/avaliacao-do-sistema-de-flare-e-alivio\/#breadcrumb","itemListElement":[{"@type":"ListItem","position":1,"name":"Home","item":"https:\/\/edg.ao\/pt\/"},{"@type":"ListItem","position":2,"name":"Projectos","item":"https:\/\/edg.ao\/pt\/projectos\/"},{"@type":"ListItem","position":3,"name":"Avalia\u00e7\u00e3o do Sistema de Flare e Al\u00edvio"}]},{"@type":"WebSite","@id":"https:\/\/edg.ao\/pt\/#website","url":"https:\/\/edg.ao\/pt\/","name":"EDG - Projectos Angola, Lda","description":"Projectos Angola, Lda.","publisher":{"@id":"https:\/\/edg.ao\/pt\/#organization"},"potentialAction":[{"@type":"SearchAction","target":{"@type":"EntryPoint","urlTemplate":"https:\/\/edg.ao\/pt\/?s={search_term_string}"},"query-input":"required name=search_term_string"}],"inLanguage":"en-US"},{"@type":"Organization","@id":"https:\/\/edg.ao\/pt\/#organization","name":"EDG - Projectos Angola, Lda","url":"https:\/\/edg.ao\/pt\/","logo":{"@type":"ImageObject","inLanguage":"en-US","@id":"https:\/\/edg.ao\/pt\/#\/schema\/logo\/image\/","url":"https:\/\/edg.ao\/pt\/wp-content\/uploads\/2020\/07\/edg-logo.png","contentUrl":"https:\/\/edg.ao\/pt\/wp-content\/uploads\/2020\/07\/edg-logo.png","width":149,"height":50,"caption":"EDG - Projectos Angola, Lda"},"image":{"@id":"https:\/\/edg.ao\/pt\/#\/schema\/logo\/image\/"}}]}},"_links":{"self":[{"href":"https:\/\/edg.ao\/pt\/wp-json\/wp\/v2\/pages\/4210","targetHints":{"allow":["GET"]}}],"collection":[{"href":"https:\/\/edg.ao\/pt\/wp-json\/wp\/v2\/pages"}],"about":[{"href":"https:\/\/edg.ao\/pt\/wp-json\/wp\/v2\/types\/page"}],"author":[{"embeddable":true,"href":"https:\/\/edg.ao\/pt\/wp-json\/wp\/v2\/users\/1"}],"replies":[{"embeddable":true,"href":"https:\/\/edg.ao\/pt\/wp-json\/wp\/v2\/comments?post=4210"}],"version-history":[{"count":73,"href":"https:\/\/edg.ao\/pt\/wp-json\/wp\/v2\/pages\/4210\/revisions"}],"predecessor-version":[{"id":5260,"href":"https:\/\/edg.ao\/pt\/wp-json\/wp\/v2\/pages\/4210\/revisions\/5260"}],"up":[{"embeddable":true,"href":"https:\/\/edg.ao\/pt\/wp-json\/wp\/v2\/pages\/1995"}],"wp:featuredmedia":[{"embeddable":true,"href":"https:\/\/edg.ao\/pt\/wp-json\/wp\/v2\/media\/4360"}],"wp:attachment":[{"href":"https:\/\/edg.ao\/pt\/wp-json\/wp\/v2\/media?parent=4210"}],"curies":[{"name":"wp","href":"https:\/\/api.w.org\/{rel}","templated":true}]}}