{"id":4291,"date":"2023-10-23T10:56:24","date_gmt":"2023-10-23T10:56:24","guid":{"rendered":"https:\/\/xamariz.ao\/edg\/?page_id=4291"},"modified":"2023-11-27T17:26:48","modified_gmt":"2023-11-27T17:26:48","slug":"projecto-de-conexao-de-gas-lean","status":"publish","type":"page","link":"https:\/\/edg.ao\/pt\/projectos\/projecto-de-conexao-de-gas-lean\/","title":{"rendered":"Projecto de Conex\u00e3o de G\u00e1s Lean"},"content":{"rendered":"\t\t<div data-elementor-type=\"wp-page\" data-elementor-id=\"4291\" class=\"elementor elementor-4291\">\n\t\t\t\t\t\t<section class=\"elementor-section elementor-top-section elementor-element elementor-element-dd90f88 elementor-section-boxed elementor-section-height-default elementor-section-height-default\" data-id=\"dd90f88\" data-element_type=\"section\" data-settings=\"{&quot;background_background&quot;:&quot;classic&quot;}\">\n\t\t\t\t\t\t\t<div class=\"elementor-background-overlay\"><\/div>\n\t\t\t\t\t\t\t<div class=\"elementor-container elementor-column-gap-default\">\n\t\t\t\t\t<div class=\"elementor-column elementor-col-100 elementor-top-column elementor-element elementor-element-cbbc6b2 ot-flex-column-vertical\" data-id=\"cbbc6b2\" data-element_type=\"column\">\n\t\t\t<div class=\"elementor-widget-wrap elementor-element-populated\">\n\t\t\t\t\t\t<section class=\"elementor-section elementor-inner-section elementor-element elementor-element-d06bed8 elementor-section-boxed elementor-section-height-default elementor-section-height-default\" data-id=\"d06bed8\" data-element_type=\"section\">\n\t\t\t\t\t\t<div class=\"elementor-container elementor-column-gap-default\">\n\t\t\t\t\t<div class=\"elementor-column elementor-col-100 elementor-inner-column elementor-element elementor-element-7c6f83d ot-flex-column-vertical\" data-id=\"7c6f83d\" data-element_type=\"column\">\n\t\t\t<div class=\"elementor-widget-wrap elementor-element-populated\">\n\t\t\t\t\t\t<div class=\"elementor-element elementor-element-f99c3f5 elementor-widget elementor-widget-heading\" data-id=\"f99c3f5\" data-element_type=\"widget\" data-widget_type=\"heading.default\">\n\t\t\t\t<div class=\"elementor-widget-container\">\n\t\t\t<style>\/*! elementor - v3.20.0 - 20-03-2024 *\/\n.elementor-heading-title{padding:0;margin:0;line-height:1}.elementor-widget-heading .elementor-heading-title[class*=elementor-size-]>a{color:inherit;font-size:inherit;line-height:inherit}.elementor-widget-heading .elementor-heading-title.elementor-size-small{font-size:15px}.elementor-widget-heading .elementor-heading-title.elementor-size-medium{font-size:19px}.elementor-widget-heading .elementor-heading-title.elementor-size-large{font-size:29px}.elementor-widget-heading .elementor-heading-title.elementor-size-xl{font-size:39px}.elementor-widget-heading .elementor-heading-title.elementor-size-xxl{font-size:59px}<\/style><h2 class=\"elementor-heading-title elementor-size-default\">VIS\u00c3O GERAL DO PROJETO DE CONEX\u00c3O DE G\u00c1S LEAN:<\/h2>\t\t<\/div>\n\t\t\t\t<\/div>\n\t\t\t\t<div class=\"elementor-element elementor-element-fb40be5 elementor-widget elementor-widget-text-editor\" data-id=\"fb40be5\" data-element_type=\"widget\" data-widget_type=\"text-editor.default\">\n\t\t\t\t<div class=\"elementor-widget-container\">\n\t\t\t<style>\/*! elementor - v3.20.0 - 20-03-2024 *\/\n.elementor-widget-text-editor.elementor-drop-cap-view-stacked .elementor-drop-cap{background-color:#69727d;color:#fff}.elementor-widget-text-editor.elementor-drop-cap-view-framed .elementor-drop-cap{color:#69727d;border:3px solid;background-color:transparent}.elementor-widget-text-editor:not(.elementor-drop-cap-view-default) .elementor-drop-cap{margin-top:8px}.elementor-widget-text-editor:not(.elementor-drop-cap-view-default) .elementor-drop-cap-letter{width:1em;height:1em}.elementor-widget-text-editor .elementor-drop-cap{float:left;text-align:center;line-height:1;font-size:50px}.elementor-widget-text-editor .elementor-drop-cap-letter{display:inline-block}<\/style>\t\t\t\t<ul><li>Escopo de redu\u00e7\u00e3o de press\u00e3o de g\u00e1s e projecto de expans\u00e3o de capacidade de flare. O LGP transporta 600 MMSCFD de g\u00e1s de alta press\u00e3o (5.000 psig) do complexo offshore existente atrav\u00e9s de uma ponte para a nova Plataforma Lean de G\u00e1s (LGP) e reduz a press\u00e3o para dentro dos limites do gasoduto que alimenta a instala\u00e7\u00e3o de GNL em Angola.<\/li><li>O LGP processa at\u00e9 600 MMSCFD de g\u00e1s e possui um m\u00f3dulo de compress\u00e3o de refor\u00e7o (BCM) el\u00e9ctrico adicional com 2 compressores acionados por motores el\u00e9ctricos de 6.000 HP que s\u00e3o controlados por unidades de frequ\u00eancia vari\u00e1vel, aumentando a press\u00e3o do g\u00e1s para 3.300 psig \u00e0 medida que o reservat\u00f3rio diminui.<\/li><li>O escopo da EDG foi FEED e Engenharia Detalhada da plataforma LGP, ponte, lan\u00e7a flare de 285 p\u00e9s e M\u00f3dulo Compressor Booster (BCM). O escopo incluiu toda a engenharia, projecto e aquisi\u00e7\u00e3o de todos os volumes, itens etiquetados e equipamentos para os escopos LGP e BCM.<\/li><li>O esfor\u00e7o total da EDG para a Plataforma Lean Gas e o M\u00f3dulo Booster Compressor FEED e o escopo de Engenharia e Projecto Detalhado ultrapassou 300.000 horas-homem.<\/li><\/ul>\t\t\t\t\t\t<\/div>\n\t\t\t\t<\/div>\n\t\t\t\t\t<\/div>\n\t\t<\/div>\n\t\t\t\t\t<\/div>\n\t\t<\/section>\n\t\t\t\t\t<\/div>\n\t\t<\/div>\n\t\t\t\t\t<\/div>\n\t\t<\/section>\n\t\t\t\t<\/div>\n\t\t","protected":false},"excerpt":{"rendered":"<p>VIS\u00c3O GERAL DO PROJETO DE CONEX\u00c3O DE G\u00c1S LEAN: Escopo de redu\u00e7\u00e3o de press\u00e3o de g\u00e1s e projecto de expans\u00e3o de capacidade de flare. O LGP transporta 600 MMSCFD de g\u00e1s de alta press\u00e3o (5.000 psig) do complexo offshore existente atrav\u00e9s de uma ponte para a nova Plataforma Lean de G\u00e1s (LGP) e reduz a [&hellip;]<\/p>\n","protected":false},"author":1,"featured_media":4372,"parent":1995,"menu_order":0,"comment_status":"closed","ping_status":"closed","template":"","meta":{"footnotes":""},"class_list":["post-4291","page","type-page","status-publish","has-post-thumbnail","hentry"],"yoast_head":"<!-- This site is optimized with the Yoast SEO plugin v22.8 - https:\/\/yoast.com\/wordpress\/plugins\/seo\/ -->\n<title>Lean Gas Connection Project | EDG Angola<\/title>\n<meta name=\"robots\" content=\"index, follow, max-snippet:-1, max-image-preview:large, max-video-preview:-1\" \/>\n<link rel=\"canonical\" href=\"https:\/\/edg.ao\/pt\/projectos\/projecto-de-conexao-de-gas-lean\/\" \/>\n<meta property=\"og:locale\" content=\"en_US\" \/>\n<meta property=\"og:type\" content=\"article\" \/>\n<meta property=\"og:title\" content=\"Lean Gas Connection Project | EDG Angola\" \/>\n<meta property=\"og:description\" content=\"VIS\u00c3O GERAL DO PROJETO DE CONEX\u00c3O DE G\u00c1S LEAN: Escopo de redu\u00e7\u00e3o de press\u00e3o de g\u00e1s e projecto de expans\u00e3o de capacidade de flare. O LGP transporta 600 MMSCFD de g\u00e1s de alta press\u00e3o (5.000 psig) do complexo offshore existente atrav\u00e9s de uma ponte para a nova Plataforma Lean de G\u00e1s (LGP) e reduz a [&hellip;]\" \/>\n<meta property=\"og:url\" content=\"https:\/\/edg.ao\/pt\/projectos\/projecto-de-conexao-de-gas-lean\/\" \/>\n<meta property=\"og:site_name\" content=\"EDG Angola\" \/>\n<meta property=\"article:modified_time\" content=\"2023-11-27T17:26:48+00:00\" \/>\n<meta property=\"og:image\" content=\"https:\/\/edg.ao\/pt\/wp-content\/uploads\/2023\/10\/Lean-Gas-Connection-Project_EDG-Angola.jpg\" \/>\n\t<meta property=\"og:image:width\" content=\"1140\" \/>\n\t<meta property=\"og:image:height\" content=\"706\" \/>\n\t<meta property=\"og:image:type\" content=\"image\/jpeg\" \/>\n<meta name=\"twitter:card\" content=\"summary_large_image\" \/>\n<meta name=\"twitter:label1\" content=\"Est. reading time\" \/>\n\t<meta name=\"twitter:data1\" content=\"1 minute\" \/>\n<script type=\"application\/ld+json\" class=\"yoast-schema-graph\">{\"@context\":\"https:\/\/schema.org\",\"@graph\":[{\"@type\":\"WebPage\",\"@id\":\"https:\/\/edg.ao\/pt\/projectos\/projecto-de-conexao-de-gas-lean\/\",\"url\":\"https:\/\/edg.ao\/pt\/projectos\/projecto-de-conexao-de-gas-lean\/\",\"name\":\"Lean Gas Connection Project | EDG Angola\",\"isPartOf\":{\"@id\":\"https:\/\/edg.ao\/pt\/#website\"},\"primaryImageOfPage\":{\"@id\":\"https:\/\/edg.ao\/pt\/projectos\/projecto-de-conexao-de-gas-lean\/#primaryimage\"},\"image\":{\"@id\":\"https:\/\/edg.ao\/pt\/projectos\/projecto-de-conexao-de-gas-lean\/#primaryimage\"},\"thumbnailUrl\":\"https:\/\/edg.ao\/pt\/wp-content\/uploads\/2023\/10\/Lean-Gas-Connection-Project_EDG-Angola.jpg\",\"datePublished\":\"2023-10-23T10:56:24+00:00\",\"dateModified\":\"2023-11-27T17:26:48+00:00\",\"breadcrumb\":{\"@id\":\"https:\/\/edg.ao\/pt\/projectos\/projecto-de-conexao-de-gas-lean\/#breadcrumb\"},\"inLanguage\":\"en-US\",\"potentialAction\":[{\"@type\":\"ReadAction\",\"target\":[\"https:\/\/edg.ao\/pt\/projectos\/projecto-de-conexao-de-gas-lean\/\"]}]},{\"@type\":\"ImageObject\",\"inLanguage\":\"en-US\",\"@id\":\"https:\/\/edg.ao\/pt\/projectos\/projecto-de-conexao-de-gas-lean\/#primaryimage\",\"url\":\"https:\/\/edg.ao\/pt\/wp-content\/uploads\/2023\/10\/Lean-Gas-Connection-Project_EDG-Angola.jpg\",\"contentUrl\":\"https:\/\/edg.ao\/pt\/wp-content\/uploads\/2023\/10\/Lean-Gas-Connection-Project_EDG-Angola.jpg\",\"width\":1140,\"height\":706,\"caption\":\"Lean Gas Connection Project EDG-Angola\"},{\"@type\":\"BreadcrumbList\",\"@id\":\"https:\/\/edg.ao\/pt\/projectos\/projecto-de-conexao-de-gas-lean\/#breadcrumb\",\"itemListElement\":[{\"@type\":\"ListItem\",\"position\":1,\"name\":\"Home\",\"item\":\"https:\/\/edg.ao\/pt\/\"},{\"@type\":\"ListItem\",\"position\":2,\"name\":\"Projectos\",\"item\":\"https:\/\/edg.ao\/pt\/projectos\/\"},{\"@type\":\"ListItem\",\"position\":3,\"name\":\"Projecto de Conex\u00e3o de G\u00e1s Lean\"}]},{\"@type\":\"WebSite\",\"@id\":\"https:\/\/edg.ao\/pt\/#website\",\"url\":\"https:\/\/edg.ao\/pt\/\",\"name\":\"EDG - Projectos Angola, Lda\",\"description\":\"Projectos Angola, Lda.\",\"publisher\":{\"@id\":\"https:\/\/edg.ao\/pt\/#organization\"},\"potentialAction\":[{\"@type\":\"SearchAction\",\"target\":{\"@type\":\"EntryPoint\",\"urlTemplate\":\"https:\/\/edg.ao\/pt\/?s={search_term_string}\"},\"query-input\":\"required name=search_term_string\"}],\"inLanguage\":\"en-US\"},{\"@type\":\"Organization\",\"@id\":\"https:\/\/edg.ao\/pt\/#organization\",\"name\":\"EDG - Projectos Angola, Lda\",\"url\":\"https:\/\/edg.ao\/pt\/\",\"logo\":{\"@type\":\"ImageObject\",\"inLanguage\":\"en-US\",\"@id\":\"https:\/\/edg.ao\/pt\/#\/schema\/logo\/image\/\",\"url\":\"https:\/\/edg.ao\/pt\/wp-content\/uploads\/2020\/07\/edg-logo.png\",\"contentUrl\":\"https:\/\/edg.ao\/pt\/wp-content\/uploads\/2020\/07\/edg-logo.png\",\"width\":149,\"height\":50,\"caption\":\"EDG - Projectos Angola, Lda\"},\"image\":{\"@id\":\"https:\/\/edg.ao\/pt\/#\/schema\/logo\/image\/\"}}]}<\/script>\n<!-- \/ Yoast SEO plugin. -->","yoast_head_json":{"title":"Lean Gas Connection Project | EDG Angola","robots":{"index":"index","follow":"follow","max-snippet":"max-snippet:-1","max-image-preview":"max-image-preview:large","max-video-preview":"max-video-preview:-1"},"canonical":"https:\/\/edg.ao\/pt\/projectos\/projecto-de-conexao-de-gas-lean\/","og_locale":"en_US","og_type":"article","og_title":"Lean Gas Connection Project | EDG Angola","og_description":"VIS\u00c3O GERAL DO PROJETO DE CONEX\u00c3O DE G\u00c1S LEAN: Escopo de redu\u00e7\u00e3o de press\u00e3o de g\u00e1s e projecto de expans\u00e3o de capacidade de flare. O LGP transporta 600 MMSCFD de g\u00e1s de alta press\u00e3o (5.000 psig) do complexo offshore existente atrav\u00e9s de uma ponte para a nova Plataforma Lean de G\u00e1s (LGP) e reduz a [&hellip;]","og_url":"https:\/\/edg.ao\/pt\/projectos\/projecto-de-conexao-de-gas-lean\/","og_site_name":"EDG Angola","article_modified_time":"2023-11-27T17:26:48+00:00","og_image":[{"width":1140,"height":706,"url":"https:\/\/edg.ao\/pt\/wp-content\/uploads\/2023\/10\/Lean-Gas-Connection-Project_EDG-Angola.jpg","type":"image\/jpeg"}],"twitter_card":"summary_large_image","twitter_misc":{"Est. reading time":"1 minute"},"schema":{"@context":"https:\/\/schema.org","@graph":[{"@type":"WebPage","@id":"https:\/\/edg.ao\/pt\/projectos\/projecto-de-conexao-de-gas-lean\/","url":"https:\/\/edg.ao\/pt\/projectos\/projecto-de-conexao-de-gas-lean\/","name":"Lean Gas Connection Project | EDG Angola","isPartOf":{"@id":"https:\/\/edg.ao\/pt\/#website"},"primaryImageOfPage":{"@id":"https:\/\/edg.ao\/pt\/projectos\/projecto-de-conexao-de-gas-lean\/#primaryimage"},"image":{"@id":"https:\/\/edg.ao\/pt\/projectos\/projecto-de-conexao-de-gas-lean\/#primaryimage"},"thumbnailUrl":"https:\/\/edg.ao\/pt\/wp-content\/uploads\/2023\/10\/Lean-Gas-Connection-Project_EDG-Angola.jpg","datePublished":"2023-10-23T10:56:24+00:00","dateModified":"2023-11-27T17:26:48+00:00","breadcrumb":{"@id":"https:\/\/edg.ao\/pt\/projectos\/projecto-de-conexao-de-gas-lean\/#breadcrumb"},"inLanguage":"en-US","potentialAction":[{"@type":"ReadAction","target":["https:\/\/edg.ao\/pt\/projectos\/projecto-de-conexao-de-gas-lean\/"]}]},{"@type":"ImageObject","inLanguage":"en-US","@id":"https:\/\/edg.ao\/pt\/projectos\/projecto-de-conexao-de-gas-lean\/#primaryimage","url":"https:\/\/edg.ao\/pt\/wp-content\/uploads\/2023\/10\/Lean-Gas-Connection-Project_EDG-Angola.jpg","contentUrl":"https:\/\/edg.ao\/pt\/wp-content\/uploads\/2023\/10\/Lean-Gas-Connection-Project_EDG-Angola.jpg","width":1140,"height":706,"caption":"Lean Gas Connection Project EDG-Angola"},{"@type":"BreadcrumbList","@id":"https:\/\/edg.ao\/pt\/projectos\/projecto-de-conexao-de-gas-lean\/#breadcrumb","itemListElement":[{"@type":"ListItem","position":1,"name":"Home","item":"https:\/\/edg.ao\/pt\/"},{"@type":"ListItem","position":2,"name":"Projectos","item":"https:\/\/edg.ao\/pt\/projectos\/"},{"@type":"ListItem","position":3,"name":"Projecto de Conex\u00e3o de G\u00e1s Lean"}]},{"@type":"WebSite","@id":"https:\/\/edg.ao\/pt\/#website","url":"https:\/\/edg.ao\/pt\/","name":"EDG - Projectos Angola, Lda","description":"Projectos Angola, Lda.","publisher":{"@id":"https:\/\/edg.ao\/pt\/#organization"},"potentialAction":[{"@type":"SearchAction","target":{"@type":"EntryPoint","urlTemplate":"https:\/\/edg.ao\/pt\/?s={search_term_string}"},"query-input":"required name=search_term_string"}],"inLanguage":"en-US"},{"@type":"Organization","@id":"https:\/\/edg.ao\/pt\/#organization","name":"EDG - Projectos Angola, Lda","url":"https:\/\/edg.ao\/pt\/","logo":{"@type":"ImageObject","inLanguage":"en-US","@id":"https:\/\/edg.ao\/pt\/#\/schema\/logo\/image\/","url":"https:\/\/edg.ao\/pt\/wp-content\/uploads\/2020\/07\/edg-logo.png","contentUrl":"https:\/\/edg.ao\/pt\/wp-content\/uploads\/2020\/07\/edg-logo.png","width":149,"height":50,"caption":"EDG - Projectos Angola, Lda"},"image":{"@id":"https:\/\/edg.ao\/pt\/#\/schema\/logo\/image\/"}}]}},"_links":{"self":[{"href":"https:\/\/edg.ao\/pt\/wp-json\/wp\/v2\/pages\/4291","targetHints":{"allow":["GET"]}}],"collection":[{"href":"https:\/\/edg.ao\/pt\/wp-json\/wp\/v2\/pages"}],"about":[{"href":"https:\/\/edg.ao\/pt\/wp-json\/wp\/v2\/types\/page"}],"author":[{"embeddable":true,"href":"https:\/\/edg.ao\/pt\/wp-json\/wp\/v2\/users\/1"}],"replies":[{"embeddable":true,"href":"https:\/\/edg.ao\/pt\/wp-json\/wp\/v2\/comments?post=4291"}],"version-history":[{"count":28,"href":"https:\/\/edg.ao\/pt\/wp-json\/wp\/v2\/pages\/4291\/revisions"}],"predecessor-version":[{"id":5268,"href":"https:\/\/edg.ao\/pt\/wp-json\/wp\/v2\/pages\/4291\/revisions\/5268"}],"up":[{"embeddable":true,"href":"https:\/\/edg.ao\/pt\/wp-json\/wp\/v2\/pages\/1995"}],"wp:featuredmedia":[{"embeddable":true,"href":"https:\/\/edg.ao\/pt\/wp-json\/wp\/v2\/media\/4372"}],"wp:attachment":[{"href":"https:\/\/edg.ao\/pt\/wp-json\/wp\/v2\/media?parent=4291"}],"curies":[{"name":"wp","href":"https:\/\/api.w.org\/{rel}","templated":true}]}}