{"id":4309,"date":"2023-10-23T11:20:31","date_gmt":"2023-10-23T11:20:31","guid":{"rendered":"https:\/\/xamariz.ao\/edg\/?page_id=4309"},"modified":"2023-11-27T17:28:15","modified_gmt":"2023-11-27T17:28:15","slug":"plataforma-de-fonte","status":"publish","type":"page","link":"https:\/\/edg.ao\/pt\/projectos\/plataforma-de-fonte\/","title":{"rendered":"Plataforma de Fonte"},"content":{"rendered":"\t\t<div data-elementor-type=\"wp-page\" data-elementor-id=\"4309\" class=\"elementor elementor-4309\">\n\t\t\t\t\t\t<section class=\"elementor-section elementor-top-section elementor-element elementor-element-3338a5d0 elementor-section-content-middle elementor-section-boxed elementor-section-height-default elementor-section-height-default\" data-id=\"3338a5d0\" data-element_type=\"section\">\n\t\t\t\t\t\t<div class=\"elementor-container elementor-column-gap-default\">\n\t\t\t\t\t<div class=\"elementor-column elementor-col-50 elementor-top-column elementor-element elementor-element-2c8b2d40 ot-flex-column-vertical\" data-id=\"2c8b2d40\" data-element_type=\"column\">\n\t\t\t<div class=\"elementor-widget-wrap elementor-element-populated\">\n\t\t\t\t\t\t<div class=\"elementor-element elementor-element-73f9ac4d elementor-widget elementor-widget-text-editor\" data-id=\"73f9ac4d\" data-element_type=\"widget\" data-widget_type=\"text-editor.default\">\n\t\t\t\t<div class=\"elementor-widget-container\">\n\t\t\t<style>\/*! elementor - v3.20.0 - 20-03-2024 *\/\n.elementor-widget-text-editor.elementor-drop-cap-view-stacked .elementor-drop-cap{background-color:#69727d;color:#fff}.elementor-widget-text-editor.elementor-drop-cap-view-framed .elementor-drop-cap{color:#69727d;border:3px solid;background-color:transparent}.elementor-widget-text-editor:not(.elementor-drop-cap-view-default) .elementor-drop-cap{margin-top:8px}.elementor-widget-text-editor:not(.elementor-drop-cap-view-default) .elementor-drop-cap-letter{width:1em;height:1em}.elementor-widget-text-editor .elementor-drop-cap{float:left;text-align:center;line-height:1;font-size:50px}.elementor-widget-text-editor .elementor-drop-cap-letter{display:inline-block}<\/style>\t\t\t\t<p>A plataforma Wellhead consistia em coletores de produ\u00e7\u00e3o\/teste, gera\u00e7\u00e3o de energia, edif\u00edcio MCC, medidores multif\u00e1sicos, armadilhas para su\u00ednos e todas as utilidades necess\u00e1rias (guindaste, manuseio de diesel, inje\u00e7\u00e3o qu\u00edmica, ar de instrumento e tratamento de \u00e1gua).<\/p>\t\t\t\t\t\t<\/div>\n\t\t\t\t<\/div>\n\t\t\t\t\t<\/div>\n\t\t<\/div>\n\t\t\t\t<div class=\"elementor-column elementor-col-50 elementor-top-column elementor-element elementor-element-93bad52 ot-flex-column-vertical\" data-id=\"93bad52\" data-element_type=\"column\">\n\t\t\t<div class=\"elementor-widget-wrap elementor-element-populated\">\n\t\t\t\t\t\t<div class=\"elementor-element elementor-element-ed2881a elementor-widget elementor-widget-premium-addon-banner\" data-id=\"ed2881a\" data-element_type=\"widget\" data-widget_type=\"premium-addon-banner.default\">\n\t\t\t\t<div class=\"elementor-widget-container\">\n\t\t\t\t\t<div class=\"premium-banner-ib premium-banner-min-height premium-banner-animation6 bright\">\r\n\t\t\t\t\t\t\t\t\t\t<img fetchpriority=\"high\" decoding=\"async\" width=\"2560\" height=\"1707\" src=\"https:\/\/edg.ao\/pt\/wp-content\/uploads\/2023\/10\/Wellhead-Platform_EDG-Angola-scaled.jpg\" class=\"attachment-full size-full wp-image-4374\" alt=\"Wellhead Platform EDG-Angola\" srcset=\"https:\/\/edg.ao\/pt\/wp-content\/uploads\/2023\/10\/Wellhead-Platform_EDG-Angola-scaled.jpg 2560w, https:\/\/edg.ao\/pt\/wp-content\/uploads\/2023\/10\/Wellhead-Platform_EDG-Angola-300x200.jpg 300w, https:\/\/edg.ao\/pt\/wp-content\/uploads\/2023\/10\/Wellhead-Platform_EDG-Angola-1024x683.jpg 1024w, https:\/\/edg.ao\/pt\/wp-content\/uploads\/2023\/10\/Wellhead-Platform_EDG-Angola-768x512.jpg 768w, https:\/\/edg.ao\/pt\/wp-content\/uploads\/2023\/10\/Wellhead-Platform_EDG-Angola-1536x1024.jpg 1536w, https:\/\/edg.ao\/pt\/wp-content\/uploads\/2023\/10\/Wellhead-Platform_EDG-Angola-2048x1365.jpg 2048w, https:\/\/edg.ao\/pt\/wp-content\/uploads\/2023\/10\/Wellhead-Platform_EDG-Angola-600x400.jpg 600w\" sizes=\"(max-width: 2560px) 100vw, 2560px\" \/>\t\t\t\t\t\t\t\t\t<div class=\"premium-banner-ib-desc\">\r\n\t\t\t\t\t\t\t\t\t<h2 class=\"premium-banner-ib-title premium_banner_title\"><\/h2>\t\t\t\t\t\t\t\t\t\t\t\t<\/div>\r\n\t\t\t\t\t<\/div>\r\n\t\t\t\t\t\t<\/div>\n\t\t\t\t<\/div>\n\t\t\t\t\t<\/div>\n\t\t<\/div>\n\t\t\t\t\t<\/div>\n\t\t<\/section>\n\t\t\t\t<section class=\"elementor-section elementor-top-section elementor-element elementor-element-250d7c25 elementor-section-stretched elementor-section-boxed elementor-section-height-default elementor-section-height-default\" data-id=\"250d7c25\" data-element_type=\"section\" data-settings=\"{&quot;stretch_section&quot;:&quot;section-stretched&quot;,&quot;background_background&quot;:&quot;classic&quot;}\">\n\t\t\t\t\t\t<div class=\"elementor-container elementor-column-gap-default\">\n\t\t\t\t\t<div class=\"elementor-column elementor-col-100 elementor-top-column elementor-element elementor-element-5bdf5e07 ot-flex-column-vertical\" data-id=\"5bdf5e07\" data-element_type=\"column\">\n\t\t\t<div class=\"elementor-widget-wrap elementor-element-populated\">\n\t\t\t\t\t\t<section class=\"elementor-section elementor-inner-section elementor-element elementor-element-7b967a57 elementor-section-boxed elementor-section-height-default elementor-section-height-default\" data-id=\"7b967a57\" data-element_type=\"section\">\n\t\t\t\t\t\t<div class=\"elementor-container elementor-column-gap-default\">\n\t\t\t\t\t<div class=\"elementor-column elementor-col-100 elementor-inner-column elementor-element elementor-element-729c1dbe ot-column-items-space-between ot-flex-column-vertical\" data-id=\"729c1dbe\" data-element_type=\"column\">\n\t\t\t<div class=\"elementor-widget-wrap elementor-element-populated\">\n\t\t\t\t\t\t<div class=\"elementor-element elementor-element-16297a7a premium-title-color elementor-widget elementor-widget-premium-addon-title\" data-id=\"16297a7a\" data-element_type=\"widget\" data-settings=\"{&quot;_animation_tablet&quot;:&quot;none&quot;,&quot;_animation_mobile&quot;:&quot;none&quot;}\" data-widget_type=\"premium-addon-title.default\">\n\t\t\t\t<div class=\"elementor-widget-container\">\n\t\t\t\r\n\t\t<div class=\"premium-title-container style2\">\r\n\t\t\t<h3 class=\"premium-title-header premium-title-style2\">\r\n\t\t\t\t\r\n\t\t\t\t\r\n\t\t\t\t\t\t\t\t\t\t\t\t<span class=\"premium-title-text\" >\r\n\t\t\t\t\tExecu\u00e7\u00e3o\t\t\t\t<\/span>\r\n\t\t\t\t\t\r\n\t\t\t\t\t\t\t\t\t\t\t<\/h3>\r\n\t\t<\/div>\r\n\r\n\t\t\t\t<\/div>\n\t\t\t\t<\/div>\n\t\t\t\t<div class=\"elementor-element elementor-element-60d75e22 elementor-widget elementor-widget-text-editor\" data-id=\"60d75e22\" data-element_type=\"widget\" data-settings=\"{&quot;_animation_tablet&quot;:&quot;none&quot;,&quot;_animation_mobile&quot;:&quot;none&quot;}\" data-widget_type=\"text-editor.default\">\n\t\t\t\t<div class=\"elementor-widget-container\">\n\t\t\t\t\t\t\t<p>A EDG, Inc. combinou a produ\u00e7\u00e3o do po\u00e7o da nova plataforma de produ\u00e7\u00e3o para fluir diretamente para a plataforma de injec\u00e7\u00e3o de \u00e1gua existente por meio de uma tubula\u00e7\u00e3o multif\u00e1sica de 12 pol. Tamb\u00e9m realizamos uma grande actualiza\u00e7\u00e3o da plataforma de inje\u00e7\u00e3o de \u00e1gua existente, incluindo actualiza\u00e7\u00f5es de separa\u00e7\u00e3o de produ\u00e7\u00e3o, armadilhas adicionais para su\u00ednos, nova mitiga\u00e7\u00e3o anti-lesmas, maior gera\u00e7\u00e3o de energia, novas bombas adicionais de petr\u00f3leo bruto, novas bombas de inje\u00e7\u00e3o de \u00e1gua acionadas por turbina e modifica\u00e7\u00f5es nas utilidades da plataforma.<\/p>\t\t\t\t\t\t<\/div>\n\t\t\t\t<\/div>\n\t\t\t\t<div class=\"elementor-element elementor-element-d995052 elementor-widget elementor-widget-text-editor\" data-id=\"d995052\" data-element_type=\"widget\" data-widget_type=\"text-editor.default\">\n\t\t\t\t<div class=\"elementor-widget-container\">\n\t\t\t\t\t\t\t<p><span>A EDG realizou engenharia detalhada, desenho, aquisi\u00e7\u00e3o, planejamento de execu\u00e7\u00e3o da plataforma de inje\u00e7\u00e3o de \u00e1gua Brownfield, suporte de constru\u00e7\u00e3o e supervis\u00e3o no local para novas plataformas e atualiza\u00e7\u00f5es de Brownfield.\u00a0<\/span><span>A EDG gastou mais de 200.000 horas de trabalho.\u00a0<\/span><span>Desde o in\u00edcio da engenharia detalhada, a plataforma pronta para o primeiro \u00f3leo foi alcan\u00e7ada em 24 meses.<\/span><\/p>\t\t\t\t\t\t<\/div>\n\t\t\t\t<\/div>\n\t\t\t\t\t<\/div>\n\t\t<\/div>\n\t\t\t\t\t<\/div>\n\t\t<\/section>\n\t\t\t\t\t<\/div>\n\t\t<\/div>\n\t\t\t\t\t<\/div>\n\t\t<\/section>\n\t\t\t\t<\/div>\n\t\t","protected":false},"excerpt":{"rendered":"<p>A plataforma Wellhead consistia em coletores de produ\u00e7\u00e3o\/teste, gera\u00e7\u00e3o de energia, edif\u00edcio MCC, medidores multif\u00e1sicos, armadilhas para su\u00ednos e todas as utilidades necess\u00e1rias (guindaste, manuseio de diesel, inje\u00e7\u00e3o qu\u00edmica, ar de instrumento e tratamento de \u00e1gua). Execu\u00e7\u00e3o A EDG, Inc. combinou a produ\u00e7\u00e3o do po\u00e7o da nova plataforma de produ\u00e7\u00e3o para fluir diretamente para a [&hellip;]<\/p>\n","protected":false},"author":1,"featured_media":4373,"parent":1995,"menu_order":0,"comment_status":"closed","ping_status":"closed","template":"","meta":{"footnotes":""},"class_list":["post-4309","page","type-page","status-publish","has-post-thumbnail","hentry"],"yoast_head":"<!-- This site is optimized with the Yoast SEO plugin v22.8 - https:\/\/yoast.com\/wordpress\/plugins\/seo\/ -->\n<title>Wellhead Platform | EDG Angola<\/title>\n<meta name=\"robots\" content=\"index, follow, max-snippet:-1, max-image-preview:large, max-video-preview:-1\" \/>\n<link rel=\"canonical\" href=\"https:\/\/edg.ao\/pt\/projectos\/plataforma-de-fonte\/\" \/>\n<meta property=\"og:locale\" content=\"en_US\" \/>\n<meta property=\"og:type\" content=\"article\" \/>\n<meta property=\"og:title\" content=\"Wellhead Platform | EDG Angola\" \/>\n<meta property=\"og:description\" content=\"A plataforma Wellhead consistia em coletores de produ\u00e7\u00e3o\/teste, gera\u00e7\u00e3o de energia, edif\u00edcio MCC, medidores multif\u00e1sicos, armadilhas para su\u00ednos e todas as utilidades necess\u00e1rias (guindaste, manuseio de diesel, inje\u00e7\u00e3o qu\u00edmica, ar de instrumento e tratamento de \u00e1gua). Execu\u00e7\u00e3o A EDG, Inc. combinou a produ\u00e7\u00e3o do po\u00e7o da nova plataforma de produ\u00e7\u00e3o para fluir diretamente para a [&hellip;]\" \/>\n<meta property=\"og:url\" content=\"https:\/\/edg.ao\/pt\/projectos\/plataforma-de-fonte\/\" \/>\n<meta property=\"og:site_name\" content=\"EDG Angola\" \/>\n<meta property=\"article:modified_time\" content=\"2023-11-27T17:28:15+00:00\" \/>\n<meta property=\"og:image\" content=\"https:\/\/edg.ao\/pt\/wp-content\/uploads\/2023\/10\/Wellhead-Platform_EDG.jpg\" \/>\n\t<meta property=\"og:image:width\" content=\"1440\" \/>\n\t<meta property=\"og:image:height\" content=\"720\" \/>\n\t<meta property=\"og:image:type\" content=\"image\/jpeg\" \/>\n<meta name=\"twitter:card\" content=\"summary_large_image\" \/>\n<meta name=\"twitter:label1\" content=\"Est. reading time\" \/>\n\t<meta name=\"twitter:data1\" content=\"1 minute\" \/>\n<script type=\"application\/ld+json\" class=\"yoast-schema-graph\">{\"@context\":\"https:\/\/schema.org\",\"@graph\":[{\"@type\":\"WebPage\",\"@id\":\"https:\/\/edg.ao\/pt\/projectos\/plataforma-de-fonte\/\",\"url\":\"https:\/\/edg.ao\/pt\/projectos\/plataforma-de-fonte\/\",\"name\":\"Wellhead Platform | EDG Angola\",\"isPartOf\":{\"@id\":\"https:\/\/edg.ao\/pt\/#website\"},\"primaryImageOfPage\":{\"@id\":\"https:\/\/edg.ao\/pt\/projectos\/plataforma-de-fonte\/#primaryimage\"},\"image\":{\"@id\":\"https:\/\/edg.ao\/pt\/projectos\/plataforma-de-fonte\/#primaryimage\"},\"thumbnailUrl\":\"https:\/\/edg.ao\/pt\/wp-content\/uploads\/2023\/10\/Wellhead-Platform_EDG.jpg\",\"datePublished\":\"2023-10-23T11:20:31+00:00\",\"dateModified\":\"2023-11-27T17:28:15+00:00\",\"breadcrumb\":{\"@id\":\"https:\/\/edg.ao\/pt\/projectos\/plataforma-de-fonte\/#breadcrumb\"},\"inLanguage\":\"en-US\",\"potentialAction\":[{\"@type\":\"ReadAction\",\"target\":[\"https:\/\/edg.ao\/pt\/projectos\/plataforma-de-fonte\/\"]}]},{\"@type\":\"ImageObject\",\"inLanguage\":\"en-US\",\"@id\":\"https:\/\/edg.ao\/pt\/projectos\/plataforma-de-fonte\/#primaryimage\",\"url\":\"https:\/\/edg.ao\/pt\/wp-content\/uploads\/2023\/10\/Wellhead-Platform_EDG.jpg\",\"contentUrl\":\"https:\/\/edg.ao\/pt\/wp-content\/uploads\/2023\/10\/Wellhead-Platform_EDG.jpg\",\"width\":1440,\"height\":720,\"caption\":\"Wellhead Platform EDG\"},{\"@type\":\"BreadcrumbList\",\"@id\":\"https:\/\/edg.ao\/pt\/projectos\/plataforma-de-fonte\/#breadcrumb\",\"itemListElement\":[{\"@type\":\"ListItem\",\"position\":1,\"name\":\"Home\",\"item\":\"https:\/\/edg.ao\/pt\/\"},{\"@type\":\"ListItem\",\"position\":2,\"name\":\"Projectos\",\"item\":\"https:\/\/edg.ao\/pt\/projectos\/\"},{\"@type\":\"ListItem\",\"position\":3,\"name\":\"Plataforma de Fonte\"}]},{\"@type\":\"WebSite\",\"@id\":\"https:\/\/edg.ao\/pt\/#website\",\"url\":\"https:\/\/edg.ao\/pt\/\",\"name\":\"EDG - Projectos Angola, Lda\",\"description\":\"Projectos Angola, Lda.\",\"publisher\":{\"@id\":\"https:\/\/edg.ao\/pt\/#organization\"},\"potentialAction\":[{\"@type\":\"SearchAction\",\"target\":{\"@type\":\"EntryPoint\",\"urlTemplate\":\"https:\/\/edg.ao\/pt\/?s={search_term_string}\"},\"query-input\":\"required name=search_term_string\"}],\"inLanguage\":\"en-US\"},{\"@type\":\"Organization\",\"@id\":\"https:\/\/edg.ao\/pt\/#organization\",\"name\":\"EDG - Projectos Angola, Lda\",\"url\":\"https:\/\/edg.ao\/pt\/\",\"logo\":{\"@type\":\"ImageObject\",\"inLanguage\":\"en-US\",\"@id\":\"https:\/\/edg.ao\/pt\/#\/schema\/logo\/image\/\",\"url\":\"https:\/\/edg.ao\/pt\/wp-content\/uploads\/2020\/07\/edg-logo.png\",\"contentUrl\":\"https:\/\/edg.ao\/pt\/wp-content\/uploads\/2020\/07\/edg-logo.png\",\"width\":149,\"height\":50,\"caption\":\"EDG - Projectos Angola, Lda\"},\"image\":{\"@id\":\"https:\/\/edg.ao\/pt\/#\/schema\/logo\/image\/\"}}]}<\/script>\n<!-- \/ Yoast SEO plugin. -->","yoast_head_json":{"title":"Wellhead Platform | EDG Angola","robots":{"index":"index","follow":"follow","max-snippet":"max-snippet:-1","max-image-preview":"max-image-preview:large","max-video-preview":"max-video-preview:-1"},"canonical":"https:\/\/edg.ao\/pt\/projectos\/plataforma-de-fonte\/","og_locale":"en_US","og_type":"article","og_title":"Wellhead Platform | EDG Angola","og_description":"A plataforma Wellhead consistia em coletores de produ\u00e7\u00e3o\/teste, gera\u00e7\u00e3o de energia, edif\u00edcio MCC, medidores multif\u00e1sicos, armadilhas para su\u00ednos e todas as utilidades necess\u00e1rias (guindaste, manuseio de diesel, inje\u00e7\u00e3o qu\u00edmica, ar de instrumento e tratamento de \u00e1gua). Execu\u00e7\u00e3o A EDG, Inc. combinou a produ\u00e7\u00e3o do po\u00e7o da nova plataforma de produ\u00e7\u00e3o para fluir diretamente para a [&hellip;]","og_url":"https:\/\/edg.ao\/pt\/projectos\/plataforma-de-fonte\/","og_site_name":"EDG Angola","article_modified_time":"2023-11-27T17:28:15+00:00","og_image":[{"width":1440,"height":720,"url":"https:\/\/edg.ao\/pt\/wp-content\/uploads\/2023\/10\/Wellhead-Platform_EDG.jpg","type":"image\/jpeg"}],"twitter_card":"summary_large_image","twitter_misc":{"Est. reading time":"1 minute"},"schema":{"@context":"https:\/\/schema.org","@graph":[{"@type":"WebPage","@id":"https:\/\/edg.ao\/pt\/projectos\/plataforma-de-fonte\/","url":"https:\/\/edg.ao\/pt\/projectos\/plataforma-de-fonte\/","name":"Wellhead Platform | EDG Angola","isPartOf":{"@id":"https:\/\/edg.ao\/pt\/#website"},"primaryImageOfPage":{"@id":"https:\/\/edg.ao\/pt\/projectos\/plataforma-de-fonte\/#primaryimage"},"image":{"@id":"https:\/\/edg.ao\/pt\/projectos\/plataforma-de-fonte\/#primaryimage"},"thumbnailUrl":"https:\/\/edg.ao\/pt\/wp-content\/uploads\/2023\/10\/Wellhead-Platform_EDG.jpg","datePublished":"2023-10-23T11:20:31+00:00","dateModified":"2023-11-27T17:28:15+00:00","breadcrumb":{"@id":"https:\/\/edg.ao\/pt\/projectos\/plataforma-de-fonte\/#breadcrumb"},"inLanguage":"en-US","potentialAction":[{"@type":"ReadAction","target":["https:\/\/edg.ao\/pt\/projectos\/plataforma-de-fonte\/"]}]},{"@type":"ImageObject","inLanguage":"en-US","@id":"https:\/\/edg.ao\/pt\/projectos\/plataforma-de-fonte\/#primaryimage","url":"https:\/\/edg.ao\/pt\/wp-content\/uploads\/2023\/10\/Wellhead-Platform_EDG.jpg","contentUrl":"https:\/\/edg.ao\/pt\/wp-content\/uploads\/2023\/10\/Wellhead-Platform_EDG.jpg","width":1440,"height":720,"caption":"Wellhead Platform EDG"},{"@type":"BreadcrumbList","@id":"https:\/\/edg.ao\/pt\/projectos\/plataforma-de-fonte\/#breadcrumb","itemListElement":[{"@type":"ListItem","position":1,"name":"Home","item":"https:\/\/edg.ao\/pt\/"},{"@type":"ListItem","position":2,"name":"Projectos","item":"https:\/\/edg.ao\/pt\/projectos\/"},{"@type":"ListItem","position":3,"name":"Plataforma de Fonte"}]},{"@type":"WebSite","@id":"https:\/\/edg.ao\/pt\/#website","url":"https:\/\/edg.ao\/pt\/","name":"EDG - Projectos Angola, Lda","description":"Projectos Angola, Lda.","publisher":{"@id":"https:\/\/edg.ao\/pt\/#organization"},"potentialAction":[{"@type":"SearchAction","target":{"@type":"EntryPoint","urlTemplate":"https:\/\/edg.ao\/pt\/?s={search_term_string}"},"query-input":"required name=search_term_string"}],"inLanguage":"en-US"},{"@type":"Organization","@id":"https:\/\/edg.ao\/pt\/#organization","name":"EDG - Projectos Angola, Lda","url":"https:\/\/edg.ao\/pt\/","logo":{"@type":"ImageObject","inLanguage":"en-US","@id":"https:\/\/edg.ao\/pt\/#\/schema\/logo\/image\/","url":"https:\/\/edg.ao\/pt\/wp-content\/uploads\/2020\/07\/edg-logo.png","contentUrl":"https:\/\/edg.ao\/pt\/wp-content\/uploads\/2020\/07\/edg-logo.png","width":149,"height":50,"caption":"EDG - Projectos Angola, Lda"},"image":{"@id":"https:\/\/edg.ao\/pt\/#\/schema\/logo\/image\/"}}]}},"_links":{"self":[{"href":"https:\/\/edg.ao\/pt\/wp-json\/wp\/v2\/pages\/4309","targetHints":{"allow":["GET"]}}],"collection":[{"href":"https:\/\/edg.ao\/pt\/wp-json\/wp\/v2\/pages"}],"about":[{"href":"https:\/\/edg.ao\/pt\/wp-json\/wp\/v2\/types\/page"}],"author":[{"embeddable":true,"href":"https:\/\/edg.ao\/pt\/wp-json\/wp\/v2\/users\/1"}],"replies":[{"embeddable":true,"href":"https:\/\/edg.ao\/pt\/wp-json\/wp\/v2\/comments?post=4309"}],"version-history":[{"count":42,"href":"https:\/\/edg.ao\/pt\/wp-json\/wp\/v2\/pages\/4309\/revisions"}],"predecessor-version":[{"id":5272,"href":"https:\/\/edg.ao\/pt\/wp-json\/wp\/v2\/pages\/4309\/revisions\/5272"}],"up":[{"embeddable":true,"href":"https:\/\/edg.ao\/pt\/wp-json\/wp\/v2\/pages\/1995"}],"wp:featuredmedia":[{"embeddable":true,"href":"https:\/\/edg.ao\/pt\/wp-json\/wp\/v2\/media\/4373"}],"wp:attachment":[{"href":"https:\/\/edg.ao\/pt\/wp-json\/wp\/v2\/media?parent=4309"}],"curies":[{"name":"wp","href":"https:\/\/api.w.org\/{rel}","templated":true}]}}