{"id":868,"date":"2020-09-11T08:07:08","date_gmt":"2020-09-11T08:07:08","guid":{"rendered":"http:\/\/wpdemo.archiwp.com\/maxbizz\/?page_id=868"},"modified":"2023-11-27T17:19:12","modified_gmt":"2023-11-27T17:19:12","slug":"servicos","status":"publish","type":"page","link":"https:\/\/edg.ao\/pt\/servicos\/","title":{"rendered":"Servi\u00e7os"},"content":{"rendered":"\t\t<div data-elementor-type=\"wp-page\" data-elementor-id=\"868\" class=\"elementor elementor-868\">\n\t\t\t\t\t\t<section class=\"elementor-section elementor-top-section elementor-element elementor-element-50913d0 elementor-section-boxed elementor-section-height-default elementor-section-height-default\" data-id=\"50913d0\" data-element_type=\"section\">\n\t\t\t\t\t\t<div class=\"elementor-container elementor-column-gap-default\">\n\t\t\t\t\t<div class=\"elementor-column elementor-col-100 elementor-top-column elementor-element elementor-element-6431d9b ot-flex-column-vertical\" data-id=\"6431d9b\" data-element_type=\"column\">\n\t\t\t<div class=\"elementor-widget-wrap elementor-element-populated\">\n\t\t\t\t\t\t<section class=\"elementor-section elementor-inner-section elementor-element elementor-element-2d79a54 elementor-section-full_width elementor-section-height-default elementor-section-height-default\" data-id=\"2d79a54\" data-element_type=\"section\">\n\t\t\t\t\t\t<div class=\"elementor-container elementor-column-gap-default\">\n\t\t\t\t\t<div class=\"elementor-column elementor-col-100 elementor-inner-column elementor-element elementor-element-403e7f7 ot-flex-column-vertical\" data-id=\"403e7f7\" data-element_type=\"column\">\n\t\t\t<div class=\"elementor-widget-wrap elementor-element-populated\">\n\t\t\t\t\t\t<div class=\"elementor-element elementor-element-53a4218 elementor-widget elementor-widget-iheading\" data-id=\"53a4218\" data-element_type=\"widget\" data-widget_type=\"iheading.default\">\n\t\t\t\t<div class=\"elementor-widget-container\">\n\t\t\t\t\t<div class=\"ot-heading\">\r\n\t        \t        <h3 class=\"main-head\">Nossos Servi\u00e7os<\/h3>\t    <\/div>\r\n\t    \t\t<\/div>\n\t\t\t\t<\/div>\n\t\t\t\t<div class=\"elementor-element elementor-element-ec7220b elementor-widget elementor-widget-text-editor\" data-id=\"ec7220b\" data-element_type=\"widget\" data-widget_type=\"text-editor.default\">\n\t\t\t\t<div class=\"elementor-widget-container\">\n\t\t\t<style>\/*! elementor - v3.20.0 - 20-03-2024 *\/\n.elementor-widget-text-editor.elementor-drop-cap-view-stacked .elementor-drop-cap{background-color:#69727d;color:#fff}.elementor-widget-text-editor.elementor-drop-cap-view-framed .elementor-drop-cap{color:#69727d;border:3px solid;background-color:transparent}.elementor-widget-text-editor:not(.elementor-drop-cap-view-default) .elementor-drop-cap{margin-top:8px}.elementor-widget-text-editor:not(.elementor-drop-cap-view-default) .elementor-drop-cap-letter{width:1em;height:1em}.elementor-widget-text-editor .elementor-drop-cap{float:left;text-align:center;line-height:1;font-size:50px}.elementor-widget-text-editor .elementor-drop-cap-letter{display:inline-block}<\/style>\t\t\t\t<p>A EDG oferece processos de trabalho flex\u00edveis e escal\u00e1veis \u200b\u200bpara empresas de todos os tamanhos, tanto para projectos grandes como pequenos. Orgulhamo-nos da seguran\u00e7a e qualidade do trabalho dos nossos profissionais que est\u00e3o prontos para atender \u00e0s necessidades do seu projecto em qualquer fase.<\/p>\t\t\t\t\t\t<\/div>\n\t\t\t\t<\/div>\n\t\t\t\t\t<\/div>\n\t\t<\/div>\n\t\t\t\t\t<\/div>\n\t\t<\/section>\n\t\t\t\t<section class=\"elementor-section elementor-inner-section elementor-element elementor-element-33cde09 elementor-section-full_width elementor-section-height-default elementor-section-height-default\" data-id=\"33cde09\" data-element_type=\"section\">\n\t\t\t\t\t\t<div class=\"elementor-container elementor-column-gap-default\">\n\t\t\t\t\t<div class=\"elementor-column elementor-col-33 elementor-inner-column elementor-element elementor-element-99d507e ot-flex-column-vertical\" data-id=\"99d507e\" data-element_type=\"column\">\n\t\t\t<div class=\"elementor-widget-wrap elementor-element-populated\">\n\t\t\t\t\t\t<div class=\"elementor-element elementor-element-8bc24d4 elementor-widget elementor-widget-iimage_box\" data-id=\"8bc24d4\" data-element_type=\"widget\" data-widget_type=\"iimage_box.default\">\n\t\t\t\t<div class=\"elementor-widget-container\">\n\t\t\t\r\n\t\t<div class=\"ot-image-box\">\r\n\t\t\t<a href=\"https:\/\/edg.ao\/pt\/servicos\/solucoes-de-engenharia-e-projectos\/\"><img fetchpriority=\"high\" decoding=\"async\" width=\"1000\" height=\"662\" src=\"https:\/\/edg.ao\/pt\/wp-content\/uploads\/2023\/09\/edg-engineering.jpg\" class=\"attachment-full size-full wp-image-1892\" alt=\"EDG Engineering\" srcset=\"https:\/\/edg.ao\/pt\/wp-content\/uploads\/2023\/09\/edg-engineering.jpg 1000w, https:\/\/edg.ao\/pt\/wp-content\/uploads\/2023\/09\/edg-engineering-300x199.jpg 300w, https:\/\/edg.ao\/pt\/wp-content\/uploads\/2023\/09\/edg-engineering-768x508.jpg 768w\" sizes=\"(max-width: 1000px) 100vw, 1000px\" \/><\/a>\t\t\t<div class=\"content-box\">\r\n\t\t\t\t<h5 class=\"title-box\"><a href=\"https:\/\/edg.ao\/pt\/servicos\/solucoes-de-engenharia-e-projectos\/\">SOLU\u00c7\u00d5ES DE ENGENHARIA E PROJECTOS<\/a><\/h5>\t\t\t\t\t\t\t<\/div>\r\n\t\t\t<a href=\"https:\/\/edg.ao\/pt\/servicos\/solucoes-de-engenharia-e-projectos\/\" class=\"link-box font-second\"><span>Explore Mais<\/span><i class=\"ot-flaticon-trajectory\"><\/i><\/a>\t    <\/div>\r\n\r\n\t    \t\t<\/div>\n\t\t\t\t<\/div>\n\t\t\t\t\t<\/div>\n\t\t<\/div>\n\t\t\t\t<div class=\"elementor-column elementor-col-33 elementor-inner-column elementor-element elementor-element-beb742d ot-flex-column-vertical\" data-id=\"beb742d\" data-element_type=\"column\">\n\t\t\t<div class=\"elementor-widget-wrap elementor-element-populated\">\n\t\t\t\t\t\t<div class=\"elementor-element elementor-element-3c860b2 elementor-widget elementor-widget-iimage_box\" data-id=\"3c860b2\" data-element_type=\"widget\" data-widget_type=\"iimage_box.default\">\n\t\t\t\t<div class=\"elementor-widget-container\">\n\t\t\t\r\n\t\t<div class=\"ot-image-box\">\r\n\t\t\t<a href=\"https:\/\/edg.ao\/pt\/servicos\/servicos-de-gestao\/\"><img decoding=\"async\" width=\"1000\" height=\"668\" src=\"https:\/\/edg.ao\/pt\/wp-content\/uploads\/2023\/09\/oil-gas-managed-services-EDG.jpg\" class=\"attachment-full size-full wp-image-1633\" alt=\"Oil Gas Managed Services EDG\" srcset=\"https:\/\/edg.ao\/pt\/wp-content\/uploads\/2023\/09\/oil-gas-managed-services-EDG.jpg 1000w, https:\/\/edg.ao\/pt\/wp-content\/uploads\/2023\/09\/oil-gas-managed-services-EDG-300x200.jpg 300w, https:\/\/edg.ao\/pt\/wp-content\/uploads\/2023\/09\/oil-gas-managed-services-EDG-768x513.jpg 768w, https:\/\/edg.ao\/pt\/wp-content\/uploads\/2023\/09\/oil-gas-managed-services-EDG-600x400.jpg 600w\" sizes=\"(max-width: 1000px) 100vw, 1000px\" \/><\/a>\t\t\t<div class=\"content-box\">\r\n\t\t\t\t<h5 class=\"title-box\"><a href=\"https:\/\/edg.ao\/pt\/servicos\/servicos-de-gestao\/\">SERVI\u00c7OS DE GEST\u00c3O<\/a><\/h5>\t\t\t\t\t\t\t<\/div>\r\n\t\t\t<a href=\"https:\/\/edg.ao\/pt\/servicos\/servicos-de-gestao\/\" class=\"link-box font-second\"><span>Explore Mais<\/span><i class=\"ot-flaticon-trajectory\"><\/i><\/a>\t    <\/div>\r\n\r\n\t    \t\t<\/div>\n\t\t\t\t<\/div>\n\t\t\t\t\t<\/div>\n\t\t<\/div>\n\t\t\t\t<div class=\"elementor-column elementor-col-33 elementor-inner-column elementor-element elementor-element-97513c0 ot-flex-column-vertical\" data-id=\"97513c0\" data-element_type=\"column\">\n\t\t\t<div class=\"elementor-widget-wrap elementor-element-populated\">\n\t\t\t\t\t\t<div class=\"elementor-element elementor-element-bf15152 elementor-widget elementor-widget-iimage_box\" data-id=\"bf15152\" data-element_type=\"widget\" data-widget_type=\"iimage_box.default\">\n\t\t\t\t<div class=\"elementor-widget-container\">\n\t\t\t\r\n\t\t<div class=\"ot-image-box\">\r\n\t\t\t<a href=\"https:\/\/edg.ao\/pt\/servicos\/servicos-de-apoio-a-projectos\/\"><img decoding=\"async\" width=\"1000\" height=\"668\" src=\"https:\/\/edg.ao\/pt\/wp-content\/uploads\/2023\/09\/oil-gas-project-support.jpg\" class=\"attachment-full size-full wp-image-1897\" alt=\"oil gas project support\" srcset=\"https:\/\/edg.ao\/pt\/wp-content\/uploads\/2023\/09\/oil-gas-project-support.jpg 1000w, https:\/\/edg.ao\/pt\/wp-content\/uploads\/2023\/09\/oil-gas-project-support-300x200.jpg 300w, https:\/\/edg.ao\/pt\/wp-content\/uploads\/2023\/09\/oil-gas-project-support-768x513.jpg 768w, https:\/\/edg.ao\/pt\/wp-content\/uploads\/2023\/09\/oil-gas-project-support-600x400.jpg 600w\" sizes=\"(max-width: 1000px) 100vw, 1000px\" \/><\/a>\t\t\t<div class=\"content-box\">\r\n\t\t\t\t<h5 class=\"title-box\"><a href=\"https:\/\/edg.ao\/pt\/servicos\/servicos-de-apoio-a-projectos\/\">APOIO A PROJECTOS<\/a><\/h5>\t\t\t\t\t\t\t<\/div>\r\n\t\t\t<a href=\"https:\/\/edg.ao\/pt\/servicos\/servicos-de-apoio-a-projectos\/\" class=\"link-box font-second\"><span>Explore Mais<\/span><i class=\"ot-flaticon-trajectory\"><\/i><\/a>\t    <\/div>\r\n\r\n\t    \t\t<\/div>\n\t\t\t\t<\/div>\n\t\t\t\t\t<\/div>\n\t\t<\/div>\n\t\t\t\t\t<\/div>\n\t\t<\/section>\n\t\t\t\t\t<\/div>\n\t\t<\/div>\n\t\t\t\t\t<\/div>\n\t\t<\/section>\n\t\t\t\t<\/div>\n\t\t","protected":false},"excerpt":{"rendered":"<p>Nossos Servi\u00e7os A EDG oferece processos de trabalho flex\u00edveis e escal\u00e1veis \u200b\u200bpara empresas de todos os tamanhos, tanto para projectos grandes como pequenos. Orgulhamo-nos da seguran\u00e7a e qualidade do trabalho dos nossos profissionais que est\u00e3o prontos para atender \u00e0s necessidades do seu projecto em qualquer fase. SOLU\u00c7\u00d5ES DE ENGENHARIA E PROJECTOS Explore Mais SERVI\u00c7OS DE [&hellip;]<\/p>\n","protected":false},"author":1,"featured_media":0,"parent":0,"menu_order":0,"comment_status":"closed","ping_status":"closed","template":"","meta":{"footnotes":""},"class_list":["post-868","page","type-page","status-publish","hentry"],"yoast_head":"<!-- This site is optimized with the Yoast SEO plugin v22.8 - https:\/\/yoast.com\/wordpress\/plugins\/seo\/ -->\n<title>Servi\u00e7os - EDG Angola<\/title>\n<meta name=\"robots\" content=\"index, follow, max-snippet:-1, max-image-preview:large, max-video-preview:-1\" \/>\n<link rel=\"canonical\" href=\"https:\/\/edg.ao\/pt\/servicos\/\" \/>\n<meta property=\"og:locale\" content=\"en_US\" \/>\n<meta property=\"og:type\" content=\"article\" \/>\n<meta property=\"og:title\" content=\"Servi\u00e7os - EDG Angola\" \/>\n<meta property=\"og:description\" content=\"Nossos Servi\u00e7os A EDG oferece processos de trabalho flex\u00edveis e escal\u00e1veis \u200b\u200bpara empresas de todos os tamanhos, tanto para projectos grandes como pequenos. Orgulhamo-nos da seguran\u00e7a e qualidade do trabalho dos nossos profissionais que est\u00e3o prontos para atender \u00e0s necessidades do seu projecto em qualquer fase. SOLU\u00c7\u00d5ES DE ENGENHARIA E PROJECTOS Explore Mais SERVI\u00c7OS DE [&hellip;]\" \/>\n<meta property=\"og:url\" content=\"https:\/\/edg.ao\/pt\/servicos\/\" \/>\n<meta property=\"og:site_name\" content=\"EDG Angola\" \/>\n<meta property=\"article:modified_time\" content=\"2023-11-27T17:19:12+00:00\" \/>\n<meta property=\"og:image\" content=\"https:\/\/edg.ao\/pt\/wp-content\/uploads\/2023\/09\/edg-engineering.jpg\" \/>\n<meta name=\"twitter:card\" content=\"summary_large_image\" \/>\n<meta name=\"twitter:label1\" content=\"Est. reading time\" \/>\n\t<meta name=\"twitter:data1\" content=\"1 minute\" \/>\n<script type=\"application\/ld+json\" class=\"yoast-schema-graph\">{\"@context\":\"https:\/\/schema.org\",\"@graph\":[{\"@type\":\"WebPage\",\"@id\":\"https:\/\/edg.ao\/pt\/servicos\/\",\"url\":\"https:\/\/edg.ao\/pt\/servicos\/\",\"name\":\"Servi\u00e7os - EDG Angola\",\"isPartOf\":{\"@id\":\"https:\/\/edg.ao\/pt\/#website\"},\"primaryImageOfPage\":{\"@id\":\"https:\/\/edg.ao\/pt\/servicos\/#primaryimage\"},\"image\":{\"@id\":\"https:\/\/edg.ao\/pt\/servicos\/#primaryimage\"},\"thumbnailUrl\":\"https:\/\/edg.ao\/pt\/wp-content\/uploads\/2023\/09\/edg-engineering.jpg\",\"datePublished\":\"2020-09-11T08:07:08+00:00\",\"dateModified\":\"2023-11-27T17:19:12+00:00\",\"breadcrumb\":{\"@id\":\"https:\/\/edg.ao\/pt\/servicos\/#breadcrumb\"},\"inLanguage\":\"en-US\",\"potentialAction\":[{\"@type\":\"ReadAction\",\"target\":[\"https:\/\/edg.ao\/pt\/servicos\/\"]}]},{\"@type\":\"ImageObject\",\"inLanguage\":\"en-US\",\"@id\":\"https:\/\/edg.ao\/pt\/servicos\/#primaryimage\",\"url\":\"https:\/\/edg.ao\/pt\/wp-content\/uploads\/2023\/09\/edg-engineering.jpg\",\"contentUrl\":\"https:\/\/edg.ao\/pt\/wp-content\/uploads\/2023\/09\/edg-engineering.jpg\",\"width\":1000,\"height\":662,\"caption\":\"EDG Engineering\"},{\"@type\":\"BreadcrumbList\",\"@id\":\"https:\/\/edg.ao\/pt\/servicos\/#breadcrumb\",\"itemListElement\":[{\"@type\":\"ListItem\",\"position\":1,\"name\":\"Home\",\"item\":\"https:\/\/edg.ao\/pt\/\"},{\"@type\":\"ListItem\",\"position\":2,\"name\":\"Servi\u00e7os\"}]},{\"@type\":\"WebSite\",\"@id\":\"https:\/\/edg.ao\/pt\/#website\",\"url\":\"https:\/\/edg.ao\/pt\/\",\"name\":\"EDG - Projectos Angola, Lda\",\"description\":\"Projectos Angola, Lda.\",\"publisher\":{\"@id\":\"https:\/\/edg.ao\/pt\/#organization\"},\"potentialAction\":[{\"@type\":\"SearchAction\",\"target\":{\"@type\":\"EntryPoint\",\"urlTemplate\":\"https:\/\/edg.ao\/pt\/?s={search_term_string}\"},\"query-input\":\"required name=search_term_string\"}],\"inLanguage\":\"en-US\"},{\"@type\":\"Organization\",\"@id\":\"https:\/\/edg.ao\/pt\/#organization\",\"name\":\"EDG - Projectos Angola, Lda\",\"url\":\"https:\/\/edg.ao\/pt\/\",\"logo\":{\"@type\":\"ImageObject\",\"inLanguage\":\"en-US\",\"@id\":\"https:\/\/edg.ao\/pt\/#\/schema\/logo\/image\/\",\"url\":\"https:\/\/edg.ao\/pt\/wp-content\/uploads\/2020\/07\/edg-logo.png\",\"contentUrl\":\"https:\/\/edg.ao\/pt\/wp-content\/uploads\/2020\/07\/edg-logo.png\",\"width\":149,\"height\":50,\"caption\":\"EDG - Projectos Angola, Lda\"},\"image\":{\"@id\":\"https:\/\/edg.ao\/pt\/#\/schema\/logo\/image\/\"}}]}<\/script>\n<!-- \/ Yoast SEO plugin. -->","yoast_head_json":{"title":"Servi\u00e7os - EDG Angola","robots":{"index":"index","follow":"follow","max-snippet":"max-snippet:-1","max-image-preview":"max-image-preview:large","max-video-preview":"max-video-preview:-1"},"canonical":"https:\/\/edg.ao\/pt\/servicos\/","og_locale":"en_US","og_type":"article","og_title":"Servi\u00e7os - EDG Angola","og_description":"Nossos Servi\u00e7os A EDG oferece processos de trabalho flex\u00edveis e escal\u00e1veis \u200b\u200bpara empresas de todos os tamanhos, tanto para projectos grandes como pequenos. Orgulhamo-nos da seguran\u00e7a e qualidade do trabalho dos nossos profissionais que est\u00e3o prontos para atender \u00e0s necessidades do seu projecto em qualquer fase. SOLU\u00c7\u00d5ES DE ENGENHARIA E PROJECTOS Explore Mais SERVI\u00c7OS DE [&hellip;]","og_url":"https:\/\/edg.ao\/pt\/servicos\/","og_site_name":"EDG Angola","article_modified_time":"2023-11-27T17:19:12+00:00","og_image":[{"url":"https:\/\/edg.ao\/pt\/wp-content\/uploads\/2023\/09\/edg-engineering.jpg"}],"twitter_card":"summary_large_image","twitter_misc":{"Est. reading time":"1 minute"},"schema":{"@context":"https:\/\/schema.org","@graph":[{"@type":"WebPage","@id":"https:\/\/edg.ao\/pt\/servicos\/","url":"https:\/\/edg.ao\/pt\/servicos\/","name":"Servi\u00e7os - EDG Angola","isPartOf":{"@id":"https:\/\/edg.ao\/pt\/#website"},"primaryImageOfPage":{"@id":"https:\/\/edg.ao\/pt\/servicos\/#primaryimage"},"image":{"@id":"https:\/\/edg.ao\/pt\/servicos\/#primaryimage"},"thumbnailUrl":"https:\/\/edg.ao\/pt\/wp-content\/uploads\/2023\/09\/edg-engineering.jpg","datePublished":"2020-09-11T08:07:08+00:00","dateModified":"2023-11-27T17:19:12+00:00","breadcrumb":{"@id":"https:\/\/edg.ao\/pt\/servicos\/#breadcrumb"},"inLanguage":"en-US","potentialAction":[{"@type":"ReadAction","target":["https:\/\/edg.ao\/pt\/servicos\/"]}]},{"@type":"ImageObject","inLanguage":"en-US","@id":"https:\/\/edg.ao\/pt\/servicos\/#primaryimage","url":"https:\/\/edg.ao\/pt\/wp-content\/uploads\/2023\/09\/edg-engineering.jpg","contentUrl":"https:\/\/edg.ao\/pt\/wp-content\/uploads\/2023\/09\/edg-engineering.jpg","width":1000,"height":662,"caption":"EDG Engineering"},{"@type":"BreadcrumbList","@id":"https:\/\/edg.ao\/pt\/servicos\/#breadcrumb","itemListElement":[{"@type":"ListItem","position":1,"name":"Home","item":"https:\/\/edg.ao\/pt\/"},{"@type":"ListItem","position":2,"name":"Servi\u00e7os"}]},{"@type":"WebSite","@id":"https:\/\/edg.ao\/pt\/#website","url":"https:\/\/edg.ao\/pt\/","name":"EDG - Projectos Angola, Lda","description":"Projectos Angola, Lda.","publisher":{"@id":"https:\/\/edg.ao\/pt\/#organization"},"potentialAction":[{"@type":"SearchAction","target":{"@type":"EntryPoint","urlTemplate":"https:\/\/edg.ao\/pt\/?s={search_term_string}"},"query-input":"required name=search_term_string"}],"inLanguage":"en-US"},{"@type":"Organization","@id":"https:\/\/edg.ao\/pt\/#organization","name":"EDG - Projectos Angola, Lda","url":"https:\/\/edg.ao\/pt\/","logo":{"@type":"ImageObject","inLanguage":"en-US","@id":"https:\/\/edg.ao\/pt\/#\/schema\/logo\/image\/","url":"https:\/\/edg.ao\/pt\/wp-content\/uploads\/2020\/07\/edg-logo.png","contentUrl":"https:\/\/edg.ao\/pt\/wp-content\/uploads\/2020\/07\/edg-logo.png","width":149,"height":50,"caption":"EDG - Projectos Angola, Lda"},"image":{"@id":"https:\/\/edg.ao\/pt\/#\/schema\/logo\/image\/"}}]}},"_links":{"self":[{"href":"https:\/\/edg.ao\/pt\/wp-json\/wp\/v2\/pages\/868","targetHints":{"allow":["GET"]}}],"collection":[{"href":"https:\/\/edg.ao\/pt\/wp-json\/wp\/v2\/pages"}],"about":[{"href":"https:\/\/edg.ao\/pt\/wp-json\/wp\/v2\/types\/page"}],"author":[{"embeddable":true,"href":"https:\/\/edg.ao\/pt\/wp-json\/wp\/v2\/users\/1"}],"replies":[{"embeddable":true,"href":"https:\/\/edg.ao\/pt\/wp-json\/wp\/v2\/comments?post=868"}],"version-history":[{"count":128,"href":"https:\/\/edg.ao\/pt\/wp-json\/wp\/v2\/pages\/868\/revisions"}],"predecessor-version":[{"id":5254,"href":"https:\/\/edg.ao\/pt\/wp-json\/wp\/v2\/pages\/868\/revisions\/5254"}],"wp:attachment":[{"href":"https:\/\/edg.ao\/pt\/wp-json\/wp\/v2\/media?parent=868"}],"curies":[{"name":"wp","href":"https:\/\/api.w.org\/{rel}","templated":true}]}}